{"id":101,"date":"2017-01-16T13:56:00","date_gmt":"2017-01-16T12:56:00","guid":{"rendered":"http:\/\/nueva.cristoreyjaen.com\/?page_id=101"},"modified":"2021-02-10T12:46:37","modified_gmt":"2021-02-10T11:46:37","slug":"proyecto-educativo","status":"publish","type":"page","link":"http:\/\/cristoreyjaen.com\/index.php\/cristo-rey-jaen\/proyecto-educativo\/","title":{"rendered":"Proyecto Educativo"},"content":{"rendered":"<p>El Centro COLEGIO CRISTO REY de Ja\u00e9n ha entendido desde sus or\u00edgenes, la Educaci\u00f3n desde un doble aspecto:<\/p>\n<ol>\n<li>Como un proceso globalizador que favorezca la formaci\u00f3n integral y arm\u00f3nica de la persona<\/li>\n<li>Como un proceso que capacite a los alumnos para que puedan desarrollar una acci\u00f3n transformadora de la sociedad en orden a la creaci\u00f3n de un mundo m\u00e1s justo y m\u00e1s humano<\/li>\n<\/ol>\n<p>Nuestro Centro, donde se imparten niveles de Educaci\u00f3n Infantil, Primaria, Secundaria y Bachillerato, est\u00e1 ubicado en Avd\/ Ruiz Jim\u00e9nez, 10 de Ja\u00e9n desde 1967.<\/p>\n<p>Descripci\u00f3n del Centro:<\/p>\n<ul>\n<li>CENTRO: Colegio Concertado sostenido con fondos p\u00fablicos.<\/li>\n<li>Niveles: Ed. Infantil, Primaria, Secundaria y Bachillerato.<\/li>\n<li>Entidad Titular: Hijas de Cristo Rey<\/li>\n<li>Domicilio: Avd\/ Ruiz Jim\u00e9nez, 10 \u2013 23008 Ja\u00e9n.<\/li>\n<li>Tel\u00e9fono: 953 252140 Fax 953 294569<\/li>\n<li>Correo Electr\u00f3nico: <a href=\"mailto:direccion@cristoreyjaen.com\">direccion@cristoreyjaen.com<\/a><\/li>\n<li>P\u00e1gina Web: <a href=\"http:\/\/www.cristoreyjaen.com\">www.cristoreyjaen.com<\/a><\/li>\n<\/ul>\n<p>Los principios pedag\u00f3gicos generales de nuestro Proyecto Educativo, son:<\/p>\n<ul>\n<li>El cultivo de los componentes de la personalidad humana, de forma gradual, arm\u00f3nica y adaptada a la realidad propia de cada alumno\/a. Trabajamos desde la educaci\u00f3n personalizada, teniendo en cuenta cada alumno\/a y acomodando la ense\u00f1anza a las caracter\u00edsticas que demanda su propia individualidad.<\/li>\n<li>Una metodolog\u00eda activa, que partiendo de la experiencia, fomente la iniciativa, la creatividad y la b\u00fasqueda personal de valores. Fomentamos el desarrollo intelectual que capacite a los alumno\/as para el discernimiento y toma de decisiones desde unas convicciones y principios firmes, as\u00ed como para cultivar en ellos las capacidades de observaci\u00f3n, an\u00e1lisis, s\u00edntesis y evaluaci\u00f3n.<\/li>\n<li>Este centro lleva a cabo un aprendizaje significativo, capacitando a los alumnos\/as para obtener informaci\u00f3n, saber seleccionarla y organizarla; \u00bb aprender a aprender\u00bb. Este aprendizaje se plasma en las Programaciones de cada materia.<\/li>\n<li>Destacamos el Proyecto de Educaci\u00f3n en Valores \u00abBuscando el bien\u00bb, elaborado por los equipos docentes de nuestros centros, en el cual la familia tiene un papel muy importante de participaci\u00f3n y de relaci\u00f3n con el Centro Educativo, al mismo tiempo que en los niveles de secundaria y bachillerato lo compaginamos con el Plan de Acci\u00f3n Tutorial.<\/li>\n<\/ul>\n","protected":false},"excerpt":{"rendered":"<p>El Centro COLEGIO CRISTO REY de Ja\u00e9n ha entendido desde sus or\u00edgenes, la Educaci\u00f3n desde un doble aspecto: Como un proceso globalizador que favorezca la formaci\u00f3n integral y arm\u00f3nica de la persona Como un proceso que capacite a los alumnos para que puedan desarrollar una acci\u00f3n transformadora de la sociedad en orden a la creaci\u00f3n [&hellip;]<\/p>\n","protected":false},"author":1,"featured_media":0,"parent":72,"menu_order":7,"comment_status":"closed","ping_status":"closed","template":"","meta":{"_et_pb_use_builder":"","_et_pb_old_content":"","_et_gb_content_width":"","footnotes":""},"class_list":["post-101","page","type-page","status-publish","hentry"],"_links":{"self":[{"href":"http:\/\/cristoreyjaen.com\/index.php\/wp-json\/wp\/v2\/pages\/101","targetHints":{"allow":["GET"]}}],"collection":[{"href":"http:\/\/cristoreyjaen.com\/index.php\/wp-json\/wp\/v2\/pages"}],"about":[{"href":"http:\/\/cristoreyjaen.com\/index.php\/wp-json\/wp\/v2\/types\/page"}],"author":[{"embeddable":true,"href":"http:\/\/cristoreyjaen.com\/index.php\/wp-json\/wp\/v2\/users\/1"}],"replies":[{"embeddable":true,"href":"http:\/\/cristoreyjaen.com\/index.php\/wp-json\/wp\/v2\/comments?post=101"}],"version-history":[{"count":4,"href":"http:\/\/cristoreyjaen.com\/index.php\/wp-json\/wp\/v2\/pages\/101\/revisions"}],"predecessor-version":[{"id":2547,"href":"http:\/\/cristoreyjaen.com\/index.php\/wp-json\/wp\/v2\/pages\/101\/revisions\/2547"}],"up":[{"embeddable":true,"href":"http:\/\/cristoreyjaen.com\/index.php\/wp-json\/wp\/v2\/pages\/72"}],"wp:attachment":[{"href":"http:\/\/cristoreyjaen.com\/index.php\/wp-json\/wp\/v2\/media?parent=101"}],"curies":[{"name":"wp","href":"https:\/\/api.w.org\/{rel}","templated":true}]}}