{"id":103,"date":"2017-01-16T13:56:14","date_gmt":"2017-01-16T12:56:14","guid":{"rendered":"http:\/\/nueva.cristoreyjaen.com\/?page_id=103"},"modified":"2017-10-17T12:23:28","modified_gmt":"2017-10-17T10:23:28","slug":"accion-tutorial","status":"publish","type":"page","link":"http:\/\/cristoreyjaen.com\/index.php\/cristo-rey-jaen\/accion-tutorial\/","title":{"rendered":"Acci\u00f3n tutorial"},"content":{"rendered":"<p>Los objetivos generales de la acci\u00f3n tutorial son:<\/p>\n<div>\n<ul>\n<li>Favorecer la integraci\u00f3n y la adaptaci\u00f3n del alumno a la etapa y Centro Escolar.<\/li>\n<li>Facilitar la creaci\u00f3n de un buen ambiente de trabajo y de relaci\u00f3n interpersonal dentro del grupo-clase.<\/li>\n<li>Procurar el conocimiento de habilidades y estrategias de aprendizajes que ayuden al alumno\/a en su estudio.<\/li>\n<li>Ayudar al conocimiento de uno mismo: autoconcepto, autoestima y elecci\u00f3n de valores.<\/li>\n<\/ul>\n<\/div>\n","protected":false},"excerpt":{"rendered":"<p>Los objetivos generales de la acci\u00f3n tutorial son: Favorecer la integraci\u00f3n y la adaptaci\u00f3n del alumno a la etapa y Centro Escolar. Facilitar la creaci\u00f3n de un buen ambiente de trabajo y de relaci\u00f3n interpersonal dentro del grupo-clase. Procurar el conocimiento de habilidades y estrategias de aprendizajes que ayuden al alumno\/a en su estudio. Ayudar [&hellip;]<\/p>\n","protected":false},"author":1,"featured_media":0,"parent":72,"menu_order":8,"comment_status":"closed","ping_status":"closed","template":"","meta":{"_et_pb_use_builder":"","_et_pb_old_content":"","_et_gb_content_width":"","footnotes":""},"class_list":["post-103","page","type-page","status-publish","hentry"],"_links":{"self":[{"href":"http:\/\/cristoreyjaen.com\/index.php\/wp-json\/wp\/v2\/pages\/103","targetHints":{"allow":["GET"]}}],"collection":[{"href":"http:\/\/cristoreyjaen.com\/index.php\/wp-json\/wp\/v2\/pages"}],"about":[{"href":"http:\/\/cristoreyjaen.com\/index.php\/wp-json\/wp\/v2\/types\/page"}],"author":[{"embeddable":true,"href":"http:\/\/cristoreyjaen.com\/index.php\/wp-json\/wp\/v2\/users\/1"}],"replies":[{"embeddable":true,"href":"http:\/\/cristoreyjaen.com\/index.php\/wp-json\/wp\/v2\/comments?post=103"}],"version-history":[{"count":2,"href":"http:\/\/cristoreyjaen.com\/index.php\/wp-json\/wp\/v2\/pages\/103\/revisions"}],"predecessor-version":[{"id":442,"href":"http:\/\/cristoreyjaen.com\/index.php\/wp-json\/wp\/v2\/pages\/103\/revisions\/442"}],"up":[{"embeddable":true,"href":"http:\/\/cristoreyjaen.com\/index.php\/wp-json\/wp\/v2\/pages\/72"}],"wp:attachment":[{"href":"http:\/\/cristoreyjaen.com\/index.php\/wp-json\/wp\/v2\/media?parent=103"}],"curies":[{"name":"wp","href":"https:\/\/api.w.org\/{rel}","templated":true}]}}