{"id":107,"date":"2017-01-16T13:56:50","date_gmt":"2017-01-16T12:56:50","guid":{"rendered":"http:\/\/nueva.cristoreyjaen.com\/?page_id=107"},"modified":"2018-10-24T12:32:42","modified_gmt":"2018-10-24T10:32:42","slug":"horarios","status":"publish","type":"page","link":"http:\/\/cristoreyjaen.com\/index.php\/curso-2025-26\/horarios\/","title":{"rendered":"Horarios y tutor\u00edas"},"content":{"rendered":"<p><strong>Educaci\u00f3n Infantil<\/strong> 9:00 h &#8211; 14:00 h<\/p>\n<p><strong>Educaci\u00f3n Primaria<\/strong> 9:00 h &#8211; 14:00 h<\/p>\n<p><strong>Educaci\u00f3n Secundaria y Bachiller<\/strong> 8:30 h \u2013 15:00h<\/p>\n<p>&nbsp;<\/p>\n<ul>\n<li><strong><em>HORARIO GENERAL DE CENTRO<\/em><\/strong><\/li>\n<\/ul>\n<p>Todos los d\u00edas lectivos: 7:30 h &#8211; 21:00h excepto los viernes que termina a las 19.00h.<\/p>\n<p>&nbsp;<\/p>\n<ul>\n<li><strong><em>HORARIO DE SECRETAR\u00cdA<\/em><\/strong><\/li>\n<\/ul>\n<p>Todos los d\u00edas de lunes a viernes: 9:00h &#8211;\u00a0 13.00h.<\/p>\n<p>&nbsp;<\/p>\n<ul>\n<li><strong><em>HORARIO DE ADMINISTRACI\u00d3N<\/em><\/strong><\/li>\n<\/ul>\n<p>Todos los d\u00edas de lunes a viernes: 9:00h a 13:00h.<\/p>\n<p>&nbsp;<\/p>\n<ul>\n<li><strong><em>HORARIO DE VISITAS A LA DIRECCION:<\/em><\/strong><\/li>\n<\/ul>\n<p>-Titular: previa petici\u00f3n de cita.<\/p>\n<p>-Direcci\u00f3n general: mi\u00e9rcoles y jueves: 8:30h a 9:30h (cita previa).<\/p>\n<p>-Direcci\u00f3n Pedag\u00f3gica de Infantil y Primaria: martes de 19:00h a 20:00h; mi\u00e9rcoles de 10:00h a 11:00h \u00a0(cita previa).<\/p>\n<p>-Direcci\u00f3n Pedag\u00f3gica de Secundaria y Bachiller: lunes a viernes: 8:30h a 9:30h; martes de 19:00h a 20:00h (cita previa).<\/p>\n<p>-Jefatura de estudios: martes: 9:30h a 10:30h.<\/p>\n<p>-Ignacio G\u00f3mez Mart\u00edn: 18:00h a 19:00h.<\/p>\n<p>Ante cualquier circunstancia se les intentar\u00e1 atender respetando el horario\u00a0 de clases de los\u00a0 Directores.<\/p>\n<p>&nbsp;<\/p>\n<ul>\n<li><strong><em>SERVICIO DE ACOGIDA MATINAL:<\/em><\/strong><\/li>\n<\/ul>\n<p>De 7:30h a 8:45h<\/p>\n<p>&nbsp;<\/p>\n<ul>\n<li><strong>GUARDER\u00cdA:<\/strong><\/li>\n<\/ul>\n<p>14:00h a 16:00h<\/p>\n<p>&nbsp;<\/p>\n<ul>\n<li><strong><em>SERVICIO DE COMEDOR:<\/em><\/strong><\/li>\n<\/ul>\n<p>De 14:00h a 15:30 horas. Los bonos se podr\u00e1n adquirir en Secretar\u00eda o en Administraci\u00f3n.<\/p>\n<p>&nbsp;<\/p>\n<ul>\n<li><strong><em>SERVICIO DE BIBLIOTECA:<\/em><\/strong><\/li>\n<\/ul>\n<p>Seg\u00fan necesidades y tras petici\u00f3n previa.<\/p>\n","protected":false},"excerpt":{"rendered":"<p>Educaci\u00f3n Infantil 9:00 h &#8211; 14:00 h Educaci\u00f3n Primaria 9:00 h &#8211; 14:00 h Educaci\u00f3n Secundaria y Bachiller 8:30 h \u2013 15:00h &nbsp; HORARIO GENERAL DE CENTRO Todos los d\u00edas lectivos: 7:30 h &#8211; 21:00h excepto los viernes que termina a las 19.00h. &nbsp; HORARIO DE SECRETAR\u00cdA Todos los d\u00edas de lunes a viernes: 9:00h [&hellip;]<\/p>\n","protected":false},"author":1,"featured_media":0,"parent":75,"menu_order":2,"comment_status":"closed","ping_status":"closed","template":"","meta":{"_et_pb_use_builder":"","_et_pb_old_content":"","_et_gb_content_width":"","footnotes":""},"class_list":["post-107","page","type-page","status-publish","hentry"],"_links":{"self":[{"href":"http:\/\/cristoreyjaen.com\/index.php\/wp-json\/wp\/v2\/pages\/107","targetHints":{"allow":["GET"]}}],"collection":[{"href":"http:\/\/cristoreyjaen.com\/index.php\/wp-json\/wp\/v2\/pages"}],"about":[{"href":"http:\/\/cristoreyjaen.com\/index.php\/wp-json\/wp\/v2\/types\/page"}],"author":[{"embeddable":true,"href":"http:\/\/cristoreyjaen.com\/index.php\/wp-json\/wp\/v2\/users\/1"}],"replies":[{"embeddable":true,"href":"http:\/\/cristoreyjaen.com\/index.php\/wp-json\/wp\/v2\/comments?post=107"}],"version-history":[{"count":6,"href":"http:\/\/cristoreyjaen.com\/index.php\/wp-json\/wp\/v2\/pages\/107\/revisions"}],"predecessor-version":[{"id":1230,"href":"http:\/\/cristoreyjaen.com\/index.php\/wp-json\/wp\/v2\/pages\/107\/revisions\/1230"}],"up":[{"embeddable":true,"href":"http:\/\/cristoreyjaen.com\/index.php\/wp-json\/wp\/v2\/pages\/75"}],"wp:attachment":[{"href":"http:\/\/cristoreyjaen.com\/index.php\/wp-json\/wp\/v2\/media?parent=107"}],"curies":[{"name":"wp","href":"https:\/\/api.w.org\/{rel}","templated":true}]}}