{"id":111,"date":"2017-01-16T13:57:18","date_gmt":"2017-01-16T12:57:18","guid":{"rendered":"http:\/\/nueva.cristoreyjaen.com\/?page_id=111"},"modified":"2019-12-04T14:10:50","modified_gmt":"2019-12-04T13:10:50","slug":"normativa-del-centro","status":"publish","type":"page","link":"http:\/\/cristoreyjaen.com\/index.php\/curso-2025-26\/normativa-del-centro\/","title":{"rendered":"Normativa del Centro"},"content":{"rendered":"<p><strong>1.- ASISTENCIA Y PUNTUALIDAD.<\/strong><\/p>\n<p>a. El d\u00eda escolar empieza con la oraci\u00f3n de la ma\u00f1ana, por ello los alumnos deben estar presentes en clase al iniciarse este acto, participando en el mismo y con actitud respetuosa.<\/p>\n<p>b. Los alumnos que lleguen tarde entrar\u00e1n a clase despu\u00e9s del rezo, y constar\u00e1 la falta de puntualidad en el parte. Si la falta de puntualidad es superior a 15 minutos deben pasar por porter\u00eda o por la sala de profesores, y entrar\u00e1n en clase. En cualquier caso, si alg\u00fan alumno entra en clase despu\u00e9s del profesor en cualquiera de las horas de la jornada lectiva, se considerar\u00e1 retraso.<\/p>\n<p>c. Los alumnos de Primaria y ESO no podr\u00e1n abandonar el centro sin que los recojan sus padres. Los alumnos de Bachillerato no podr\u00e1n abandonar el centro sin la debida autorizaci\u00f3n de sus padres. \u00c9sta tiene que estar firmada por su tutor y el alumno deber\u00e1 dejarla en porter\u00eda. Si el alumno no tiene autorizaci\u00f3n, el tutor se pondr\u00e1 en contacto con sus padres.<\/p>\n<p>d. La no asistencia y los retrasos deben ser justificados por escrito por los padres del alumno, a ser posible con antelaci\u00f3n. La justificaci\u00f3n ser\u00e1 exigida al alumno cuando vuelva a clase despu\u00e9s de la ausencia y debe estar fechada. Los alumnos de Infantil, Primaria y ESO no podr\u00e1n marcharse solos del colegio. La persona responsable que los recoja rellenar\u00e1 y firmar\u00e1 la justificaci\u00f3n de ausencia.<\/p>\n<p>e. Cuando un alumno tenga 10 o m\u00e1s faltas por asignatura en un mismo trimestre, a\u00fan siendo justificadas, su evaluaci\u00f3n ser\u00e1 sometida a juicio de la Junta de Evaluaci\u00f3n, pudiendo quedar dicha asignatura sin evaluar por falta de asistencia.<\/p>\n<p><strong>2.- ORDEN EN EL COLEGIO.<\/strong><\/p>\n<p>a. Los alumnos cuidar\u00e1n el clima de orden y silencio durante el horario escolar, evitando el tono de voz excesivamente alto, asomarse a las ventanas de las aulas o hacer ruidos excesivos cuando la clase tenga que salir del aula para desplazarse a la capilla, al oratorio, al sal\u00f3n de actos o a otras aulas.<\/p>\n<p>b. Las clases deben permanecer limpias y ordenadas durante toda la jornada escolar.<\/p>\n<p>c. Los alumnos no deben salir a los pasillos entre clases.<\/p>\n<p>d. Los permisos para ir al servicio se pedir\u00e1n durante la clase, ni antes ni despu\u00e9s.<\/p>\n<p>e. Los alumnos no buscar\u00e1n a nadie entre clases, s\u00f3lo lo har\u00e1n al principio de la ma\u00f1ana o en el recreo.<\/p>\n<p>f. Los alumnos no podr\u00e1n cambiarse de clase mientras se reza.<\/p>\n<p>g. Para entrevistarse con la Directora, los tutores o los profesores, se precisa una cita concertada previamente.<\/p>\n<p><strong>3.- CORRECCI\u00d3N Y RESPETO A LOS DEM\u00c1S.<\/strong><\/p>\n<p>a. En general, se mantendr\u00e1 en el colegio una conducta de convivencia social que se manifieste en el respeto a los dem\u00e1s, a la moral cristiana, al orden y disciplina escolares y a los miembros integrantes de la comunidad educativa.<\/p>\n<p>b. El trato amable y agradable debe ser la t\u00f3nica general en el colegio, evitando toda clase de tensiones, agresividad, discriminaci\u00f3n, molestia personal o falta de respeto a cualquier persona en el centro.<\/p>\n<p>c. Se exigir\u00e1 a los alumnos la correcci\u00f3n en el trato personal, por lo que deber\u00e1n emplear un vocabulario correcto y unas actitudes educadas en el tratamiento con los dem\u00e1s miembros de la comunidad educativa.<\/p>\n<p>d. Los alumnos respetar\u00e1n y cuidar\u00e1n el edificio, las instalaciones, el mobiliario y el material del colegio y de los compa\u00f1eros, utiliz\u00e1ndolos conforme a su destino y normas de funcionamiento y utilizando las papeleras en las aulas, los pasillos y el patio.<\/p>\n<p>e. Los alumnos se levantar\u00e1n cuando entre o salga de la clase alg\u00fan profesor, religiosa o miembro perteneciente al personal de administraci\u00f3n y servicios.<\/p>\n<p>f. Los alumnos asistir\u00e1n al colegio correctamente vestidos, teniendo en cuenta que se trata de un centro escolar. Los alumnos de Primaria y ESO asistir\u00e1n al colegio debidamente uniformados con los modelos e indicaciones del centro. Tanto el uniforme como la equipaci\u00f3n deportiva se exigir\u00e1n completos. En los meses que no se exija uniforme o los alumnos que no tengan que usarlo (Bachillerato), vestir\u00e1n ropa adecuada al entorno escolar (evitando escotes, tirantes, minifaldas, atuendos que dejen al descubierto la ropa interior, etc.) Asimismo se evitar\u00e1n adornos externos excesivos (piercing, tatuajes, maquillajes excesivos,\u2026)<\/p>\n<p>g. Los alumnos no podr\u00e1n subir a los espacios reservados la Comunidad de religiosas, a no ser que se trate de algo urgente y siempre con el permiso de un profesor. Del mismo, modo no podr\u00e1n acceder sin permiso a las salas de profesores, secretar\u00eda, fotocopiadora, o cualquier otra dependencia del centro sin la compa\u00f1\u00eda de un profesor.<\/p>\n<p>h. En el centro queda prohibido utilizar tel\u00e9fonos m\u00f3viles, reproductores de sonido (mp3, walkman, discman, etc.), consolas o cualquier otro tipo de aparato electr\u00f3nico, ni siquiera en el patio durante el recreo.<\/p>\n<p>i. En el centro est\u00e1 prohibido fumar y masticar chicle.<\/p>\n<p>j. En el centro est\u00e1 prohibido comer, excepto en el patio y a la hora del recreo.<\/p>\n<p>k. Est\u00e1 prohibida la suplantaci\u00f3n de personalidad y la falsificaci\u00f3n de documentos.<\/p>\n","protected":false},"excerpt":{"rendered":"<p>1.- ASISTENCIA Y PUNTUALIDAD. a. El d\u00eda escolar empieza con la oraci\u00f3n de la ma\u00f1ana, por ello los alumnos deben estar presentes en clase al iniciarse este acto, participando en el mismo y con actitud respetuosa. b. Los alumnos que lleguen tarde entrar\u00e1n a clase despu\u00e9s del rezo, y constar\u00e1 la falta de puntualidad en [&hellip;]<\/p>\n","protected":false},"author":1,"featured_media":0,"parent":75,"menu_order":4,"comment_status":"closed","ping_status":"closed","template":"","meta":{"_et_pb_use_builder":"","_et_pb_old_content":"","_et_gb_content_width":"","footnotes":""},"class_list":["post-111","page","type-page","status-publish","hentry"],"_links":{"self":[{"href":"http:\/\/cristoreyjaen.com\/index.php\/wp-json\/wp\/v2\/pages\/111","targetHints":{"allow":["GET"]}}],"collection":[{"href":"http:\/\/cristoreyjaen.com\/index.php\/wp-json\/wp\/v2\/pages"}],"about":[{"href":"http:\/\/cristoreyjaen.com\/index.php\/wp-json\/wp\/v2\/types\/page"}],"author":[{"embeddable":true,"href":"http:\/\/cristoreyjaen.com\/index.php\/wp-json\/wp\/v2\/users\/1"}],"replies":[{"embeddable":true,"href":"http:\/\/cristoreyjaen.com\/index.php\/wp-json\/wp\/v2\/comments?post=111"}],"version-history":[{"count":3,"href":"http:\/\/cristoreyjaen.com\/index.php\/wp-json\/wp\/v2\/pages\/111\/revisions"}],"predecessor-version":[{"id":1890,"href":"http:\/\/cristoreyjaen.com\/index.php\/wp-json\/wp\/v2\/pages\/111\/revisions\/1890"}],"up":[{"embeddable":true,"href":"http:\/\/cristoreyjaen.com\/index.php\/wp-json\/wp\/v2\/pages\/75"}],"wp:attachment":[{"href":"http:\/\/cristoreyjaen.com\/index.php\/wp-json\/wp\/v2\/media?parent=111"}],"curies":[{"name":"wp","href":"https:\/\/api.w.org\/{rel}","templated":true}]}}