{"id":113,"date":"2017-01-16T13:57:32","date_gmt":"2017-01-16T12:57:32","guid":{"rendered":"http:\/\/nueva.cristoreyjaen.com\/?page_id=113"},"modified":"2026-01-19T14:31:01","modified_gmt":"2026-01-19T13:31:01","slug":"objetivos-generales","status":"publish","type":"page","link":"http:\/\/cristoreyjaen.com\/index.php\/curso-2025-26\/objetivos-generales\/","title":{"rendered":"Objetivos Generales"},"content":{"rendered":"<p>[et_pb_section fb_built=\u00bb1&#8243; admin_label=\u00bbsection\u00bb _builder_version=\u00bb4.16&#8243; global_colors_info=\u00bb{}\u00bb theme_builder_area=\u00bbpost_content\u00bb][et_pb_row admin_label=\u00bbrow\u00bb _builder_version=\u00bb4.16&#8243; background_size=\u00bbinitial\u00bb background_position=\u00bbtop_left\u00bb background_repeat=\u00bbrepeat\u00bb global_colors_info=\u00bb{}\u00bb theme_builder_area=\u00bbpost_content\u00bb][et_pb_column type=\u00bb4_4&#8243; _builder_version=\u00bb4.16&#8243; custom_padding=\u00bb|||\u00bb global_colors_info=\u00bb{}\u00bb custom_padding__hover=\u00bb|||\u00bb theme_builder_area=\u00bbpost_content\u00bb][et_pb_text _builder_version=\u00bb4.27.5&#8243; _module_preset=\u00bbdefault\u00bb hover_enabled=\u00bb0&#8243; locked=\u00bboff\u00bb global_colors_info=\u00bb{}\u00bb theme_builder_area=\u00bbpost_content\u00bb sticky_enabled=\u00bb0&#8243;]<!-- divi:file {\"id\":3654,\"http:\/\/cristoreyjaen.com\/wp-content\/uploads\/2026\/01\/Anexo-II_CURSO25_26-JAEN.pdf\",\"displayPreview\":true} --><\/p>\n<div class=\"wp-block-file\" style=\"text-align: center;\"><object class=\"wp-block-file__embed\" data=\"http:\/\/cristoreyjaen.com\/wp-content\/uploads\/2026\/01\/Anexo-II_CURSO25_26-JAEN.pdf\" type=\"application\/pdf\" style=\"width: 100%; height: 600px;\" aria-label=\"Circular inicio de curso 2024-25\"><\/object><a id=\"wp-block-file--media-2c65a15c-12d8-43a9-a12b-e7ebb2e076b8\" href=\"http:\/\/cristoreyjaen.com\/wp-content\/uploads\/2026\/01\/Anexo-II_CURSO25_26-JAEN.pdf\"><\/a><a href=\"http:\/\/cristoreyjaen.com\/wp-content\/uploads\/2026\/01\/Anexo-II_CURSO25_26-JAEN.pdf\" class=\"wp-block-file__button wp-element-button\" download=\"\" aria-describedby=\"wp-block-file--media-2c65a15c-12d8-43a9-a12b-e7ebb2e076b8\">Descarga<\/a><\/div>\n<p><!-- \/divi:file -->[\/et_pb_text][\/et_pb_column][\/et_pb_row][\/et_pb_section]<\/p>\n","protected":false},"excerpt":{"rendered":"<p>Descarga<\/p>\n","protected":false},"author":1,"featured_media":0,"parent":75,"menu_order":5,"comment_status":"closed","ping_status":"closed","template":"","meta":{"_et_pb_use_builder":"on","_et_pb_old_content":"Partiendo de las propuestas de mejora recogidas en la Memoria Final del Curso anterior y teniendo en cuenta las aportaciones de los distintos Departamentos, as\u00ed como el Proyecto Educativo del Centro, proponemos los siguientes objetivos:\r\n<ol>\r\n \t<li>Trabajar con las familias la valoraci\u00f3n del esfuerzo de los alumnos, fomentando la acci\u00f3n tutorial, aprovechando\u00a0 las oportunidades de comunicaci\u00f3n que nos ofrecen las nuevas tecnolog\u00edas.<\/li>\r\n \t<li>Mantener la oferta de actividades extraescolares del Centro, atendiendo a la demanda, mejorar la comunicaci\u00f3n familias-responsable de actividades extraescolares, mejorando la planificaci\u00f3n y seguimiento de las mismas.<\/li>\r\n \t<li>Garantizar la continuidad del Car\u00e1cter Propio a trav\u00e9s de los laicos, intensificando la formaci\u00f3n carism\u00e1tica de las Hijas de Cristo Rey.<\/li>\r\n \t<li>Mejorar la implicaci\u00f3n de los distintos miembros de la Comunidad Educativa (profesores, padres, alumnos, personal no docente) en la Pastoral del Centro.<\/li>\r\n \t<li>Resolver los conflictos con el Plan de Convivencia, contando con el apoyo de las familias para prevenir situaciones que propicien faltas de respeto y disciplina.<\/li>\r\n \t<li>Mejorar el proceso de ense\u00f1anza-aprendizaje, utilizando los recursos que nos ofrecen las nuevas tecnolog\u00edas.<\/li>\r\n<\/ol>","_et_gb_content_width":"","footnotes":""},"class_list":["post-113","page","type-page","status-publish","hentry"],"_links":{"self":[{"href":"http:\/\/cristoreyjaen.com\/index.php\/wp-json\/wp\/v2\/pages\/113","targetHints":{"allow":["GET"]}}],"collection":[{"href":"http:\/\/cristoreyjaen.com\/index.php\/wp-json\/wp\/v2\/pages"}],"about":[{"href":"http:\/\/cristoreyjaen.com\/index.php\/wp-json\/wp\/v2\/types\/page"}],"author":[{"embeddable":true,"href":"http:\/\/cristoreyjaen.com\/index.php\/wp-json\/wp\/v2\/users\/1"}],"replies":[{"embeddable":true,"href":"http:\/\/cristoreyjaen.com\/index.php\/wp-json\/wp\/v2\/comments?post=113"}],"version-history":[{"count":5,"href":"http:\/\/cristoreyjaen.com\/index.php\/wp-json\/wp\/v2\/pages\/113\/revisions"}],"predecessor-version":[{"id":4482,"href":"http:\/\/cristoreyjaen.com\/index.php\/wp-json\/wp\/v2\/pages\/113\/revisions\/4482"}],"up":[{"embeddable":true,"href":"http:\/\/cristoreyjaen.com\/index.php\/wp-json\/wp\/v2\/pages\/75"}],"wp:attachment":[{"href":"http:\/\/cristoreyjaen.com\/index.php\/wp-json\/wp\/v2\/media?parent=113"}],"curies":[{"name":"wp","href":"https:\/\/api.w.org\/{rel}","templated":true}]}}