{"id":2422,"date":"2021-01-25T14:40:53","date_gmt":"2021-01-25T13:40:53","guid":{"rendered":"http:\/\/cristoreyjaen.com\/?page_id=2422"},"modified":"2021-01-25T14:40:54","modified_gmt":"2021-01-25T13:40:54","slug":"diario-2020-21","status":"publish","type":"page","link":"http:\/\/cristoreyjaen.com\/index.php\/diario-2020-21\/","title":{"rendered":"Diario 2020-21"},"content":{"rendered":"<h3 style=\"text-align: center;\">Diario de un a\u00f1o con m\u00e1s coraz\u00f3n<\/h3>\n\n\n<p>Queremos ir compartiendo durante este curso los momentos del a\u00f1o en que estamos intentando poner + coraz\u00f3n en lo peque\u00f1o y en los encuentros con nosotros mismos, con los dem\u00e1s y con Dios. \u00a1Pulsa en la imagen y s\u00edguenos!<\/p>\n\n\n\n<figure class=\"wp-block-image size-large\"><a href=\"https:\/\/view.genial.ly\/5fa042cb482d221011118dd0\/presentation-diario-de-un-curso-con-corazon\"><img loading=\"lazy\" decoding=\"async\" width=\"1024\" height=\"496\" src=\"http:\/\/cristoreyjaen.com\/wp-content\/uploads\/2021\/01\/geniallypastoral-1024x496.jpg\" alt=\"\" class=\"wp-image-2423\" srcset=\"http:\/\/cristoreyjaen.com\/wp-content\/uploads\/2021\/01\/geniallypastoral-1024x496.jpg 1024w, http:\/\/cristoreyjaen.com\/wp-content\/uploads\/2021\/01\/geniallypastoral-300x145.jpg 300w, http:\/\/cristoreyjaen.com\/wp-content\/uploads\/2021\/01\/geniallypastoral-768x372.jpg 768w, http:\/\/cristoreyjaen.com\/wp-content\/uploads\/2021\/01\/geniallypastoral.jpg 1134w\" sizes=\"(max-width: 1024px) 100vw, 1024px\" \/><\/a><\/figure>\n","protected":false},"excerpt":{"rendered":"<p>Diario de un a\u00f1o con m\u00e1s coraz\u00f3n Queremos ir compartiendo durante este curso los momentos del a\u00f1o en que estamos intentando poner + coraz\u00f3n en lo peque\u00f1o y en los encuentros con nosotros mismos, con los dem\u00e1s y con Dios. \u00a1Pulsa en la imagen y s\u00edguenos!<\/p>\n","protected":false},"author":1,"featured_media":0,"parent":0,"menu_order":0,"comment_status":"closed","ping_status":"closed","template":"","meta":{"_et_pb_use_builder":"","_et_pb_old_content":"","_et_gb_content_width":"","footnotes":""},"class_list":["post-2422","page","type-page","status-publish","hentry"],"_links":{"self":[{"href":"http:\/\/cristoreyjaen.com\/index.php\/wp-json\/wp\/v2\/pages\/2422","targetHints":{"allow":["GET"]}}],"collection":[{"href":"http:\/\/cristoreyjaen.com\/index.php\/wp-json\/wp\/v2\/pages"}],"about":[{"href":"http:\/\/cristoreyjaen.com\/index.php\/wp-json\/wp\/v2\/types\/page"}],"author":[{"embeddable":true,"href":"http:\/\/cristoreyjaen.com\/index.php\/wp-json\/wp\/v2\/users\/1"}],"replies":[{"embeddable":true,"href":"http:\/\/cristoreyjaen.com\/index.php\/wp-json\/wp\/v2\/comments?post=2422"}],"version-history":[{"count":1,"href":"http:\/\/cristoreyjaen.com\/index.php\/wp-json\/wp\/v2\/pages\/2422\/revisions"}],"predecessor-version":[{"id":2425,"href":"http:\/\/cristoreyjaen.com\/index.php\/wp-json\/wp\/v2\/pages\/2422\/revisions\/2425"}],"wp:attachment":[{"href":"http:\/\/cristoreyjaen.com\/index.php\/wp-json\/wp\/v2\/media?parent=2422"}],"curies":[{"name":"wp","href":"https:\/\/api.w.org\/{rel}","templated":true}]}}