{"id":377,"date":"2017-02-16T13:35:37","date_gmt":"2017-02-16T12:35:37","guid":{"rendered":"http:\/\/nueva.cristoreyjaen.com\/?page_id=377"},"modified":"2021-02-11T10:48:15","modified_gmt":"2021-02-11T09:48:15","slug":"junta-directiva","status":"publish","type":"page","link":"http:\/\/cristoreyjaen.com\/index.php\/cristo-rey-jaen\/asociacion-de-padres-de-alumnos-apa\/junta-directiva\/","title":{"rendered":"Junta Directiva"},"content":{"rendered":"\n<p>La Junta Directiva de la APA est\u00e1 formada por:<\/p>\n\n\n\n<p><strong>Presidente:<\/strong><\/p>\n\n\n\n<p>Antonio Mesa Jim\u00e9nez: <a href=\"mailto:apa@cristoreyjaen.com\">apa@cristoreyjaen.com<\/a><\/p>\n\n\n\n<p><strong>Vicepresidente\/Responsable de la Escuela de Familias:<\/strong><\/p>\n\n\n\n<p>Carmen Bl\u00e1zquez S\u00e1nchez<\/p>\n\n\n\n<p><strong>Secretario:<\/strong><\/p>\n\n\n\n<p>Alfonso Jaraba Garc\u00eda: <a href=\"mailto:secretarioapa@cristoreyjaen.com\">secretarioapa@cristoreyjaen.com<\/a><\/p>\n\n\n\n<p><strong>Administrador:<\/strong><\/p>\n\n\n\n<p>Juan Manuel Galisteo Lorite<\/p>\n\n\n\n<p><strong>Tesorero:<\/strong><\/p>\n\n\n\n<p>Antonio Mesa Jim\u00e9nez<\/p>\n\n\n\n<p><strong>Vocal de actividades culturales:<\/strong><\/p>\n\n\n\n<p>Juan Mart\u00ednez P\u00e9rez<\/p>\n\n\n\n<p><strong>Vocal de actividades deportivas:<\/strong><\/p>\n\n\n\n<p>Juan de Dios Ramiro Moya<\/p>\n\n\n\n<p><strong>Vocales de actividades religiosas:<\/strong><\/p>\n\n\n\n<p>Rafael Valdivia de Dios<\/p>\n\n\n\n<p>Mar\u00eda Dolores Cano Exp\u00f3sito<\/p>\n","protected":false},"excerpt":{"rendered":"<p>La Junta Directiva de la APA est\u00e1 formada por: Presidente: Antonio Mesa Jim\u00e9nez: apa@cristoreyjaen.com Vicepresidente\/Responsable de la Escuela de Familias: Carmen Bl\u00e1zquez S\u00e1nchez Secretario: Alfonso Jaraba Garc\u00eda: secretarioapa@cristoreyjaen.com Administrador: Juan Manuel Galisteo Lorite Tesorero: Antonio Mesa Jim\u00e9nez Vocal de actividades culturales: Juan Mart\u00ednez P\u00e9rez Vocal de actividades deportivas: Juan de Dios Ramiro Moya Vocales de [&hellip;]<\/p>\n","protected":false},"author":1,"featured_media":0,"parent":93,"menu_order":2,"comment_status":"closed","ping_status":"closed","template":"","meta":{"_et_pb_use_builder":"","_et_pb_old_content":"","_et_gb_content_width":"","footnotes":""},"class_list":["post-377","page","type-page","status-publish","hentry"],"_links":{"self":[{"href":"http:\/\/cristoreyjaen.com\/index.php\/wp-json\/wp\/v2\/pages\/377","targetHints":{"allow":["GET"]}}],"collection":[{"href":"http:\/\/cristoreyjaen.com\/index.php\/wp-json\/wp\/v2\/pages"}],"about":[{"href":"http:\/\/cristoreyjaen.com\/index.php\/wp-json\/wp\/v2\/types\/page"}],"author":[{"embeddable":true,"href":"http:\/\/cristoreyjaen.com\/index.php\/wp-json\/wp\/v2\/users\/1"}],"replies":[{"embeddable":true,"href":"http:\/\/cristoreyjaen.com\/index.php\/wp-json\/wp\/v2\/comments?post=377"}],"version-history":[{"count":7,"href":"http:\/\/cristoreyjaen.com\/index.php\/wp-json\/wp\/v2\/pages\/377\/revisions"}],"predecessor-version":[{"id":2561,"href":"http:\/\/cristoreyjaen.com\/index.php\/wp-json\/wp\/v2\/pages\/377\/revisions\/2561"}],"up":[{"embeddable":true,"href":"http:\/\/cristoreyjaen.com\/index.php\/wp-json\/wp\/v2\/pages\/93"}],"wp:attachment":[{"href":"http:\/\/cristoreyjaen.com\/index.php\/wp-json\/wp\/v2\/media?parent=377"}],"curies":[{"name":"wp","href":"https:\/\/api.w.org\/{rel}","templated":true}]}}