{"id":380,"date":"2017-02-16T13:35:54","date_gmt":"2017-02-16T12:35:54","guid":{"rendered":"http:\/\/nueva.cristoreyjaen.com\/?page_id=380"},"modified":"2025-11-26T14:55:23","modified_gmt":"2025-11-26T13:55:23","slug":"inicio","status":"publish","type":"page","link":"http:\/\/cristoreyjaen.com\/index.php\/cristo-rey-jaen\/asociacion-de-padres-de-alumnos-apa\/inicio\/","title":{"rendered":"Inicio"},"content":{"rendered":"<p class=\"title\" style=\"color: #1d8be2; text-decoration: underline;\"><img loading=\"lazy\" decoding=\"async\" class=\"size-full wp-image-427 aligncenter\" src=\"http:\/\/cristoreyjaen.com\/wp-content\/uploads\/2017\/02\/logo-truequebook.png\" alt=\"\" width=\"120\" height=\"135\" \/><\/p>\n<p style=\"text-align: center;\"><a href=\"http:\/\/www.truequebook.es\/\" target=\"_blank\"><span style=\"color: #1d8be2;\"><span style=\"text-decoration: underline;\">Intercambio entre padres de uniformes usados y otros materiales<\/span><\/span><\/a><\/p>\n<p>\u00a0 \u00a0 La Asociaci\u00f3n de Padres del Colegio Cristo Rey, integrada por padres, madres y tutores de alumnos matriculados en el Centro, constituye el principal cauce para la participaci\u00f3n de las familias en la vida y gesti\u00f3n del Colegio.<\/p>\n<p><span style=\"line-height: 1.538em;\">Desde el convencimiento de que la colaboraci\u00f3n entre el Colegio y las familias es indispensable para obtener una educaci\u00f3n integral, y teniendo siempre presente la referencia del Car\u00e1cter Cristiano Propio del Centro, la Asociaci\u00f3n trabaja principalmente en los tres aspectos siguientes:<\/span><\/p>\n<ul style=\"list-style-type: circle;\">\n<li><span style=\"line-height: 1.538em;\">Organizar actividades y servicios de tipo cultural, deportivo, recreativo, asistencial, religioso y educativo para la formaci\u00f3n de la familia cristiana.<\/span><\/li>\n<li><span style=\"line-height: 1.538em;\">Colaborar en las actividades educativas y de cualquier otra \u00edndole programadas por el Centro y animar a la participaci\u00f3n de los padres en las mismas.\u00a0<\/span><\/li>\n<li><span style=\"line-height: 1.538em;\">Promover el esp\u00edritu cristiano de solidaridad mediante la asistencia social y econ\u00f3mica de las familias del Colegio que lo precisen, participando en campa\u00f1as de solidaridad y contribuyendo econ\u00f3micamente a necesidades del Centro.<\/span><\/li>\n<\/ul>\n<div><\/div>\n<div>\n<div style=\"text-align: center;\">\u201cLos padres, como delegados de Dios, son los \u00fanicos que han de llenar la funci\u00f3n de iluminar y guiar a sus hijos saludablemente en el camino de la vida, por s\u00ed o por medio de subdelegados suyos, que son los maestros\u201d \u00a0\u00a0<span style=\"line-height: 1.538em;\">(Padre Gras)<\/span><\/div>\n<\/div>\n","protected":false},"excerpt":{"rendered":"<p>Intercambio entre padres de uniformes usados y otros materiales \u00a0 \u00a0 La Asociaci\u00f3n de Padres del Colegio Cristo Rey, integrada por padres, madres y tutores de alumnos matriculados en el Centro, constituye el principal cauce para la participaci\u00f3n de las familias en la vida y gesti\u00f3n del Colegio. Desde el convencimiento de que la colaboraci\u00f3n [&hellip;]<\/p>\n","protected":false},"author":1,"featured_media":0,"parent":93,"menu_order":1,"comment_status":"closed","ping_status":"closed","template":"","meta":{"_et_pb_use_builder":"","_et_pb_old_content":"","_et_gb_content_width":"","footnotes":""},"class_list":["post-380","page","type-page","status-publish","hentry"],"_links":{"self":[{"href":"http:\/\/cristoreyjaen.com\/index.php\/wp-json\/wp\/v2\/pages\/380","targetHints":{"allow":["GET"]}}],"collection":[{"href":"http:\/\/cristoreyjaen.com\/index.php\/wp-json\/wp\/v2\/pages"}],"about":[{"href":"http:\/\/cristoreyjaen.com\/index.php\/wp-json\/wp\/v2\/types\/page"}],"author":[{"embeddable":true,"href":"http:\/\/cristoreyjaen.com\/index.php\/wp-json\/wp\/v2\/users\/1"}],"replies":[{"embeddable":true,"href":"http:\/\/cristoreyjaen.com\/index.php\/wp-json\/wp\/v2\/comments?post=380"}],"version-history":[{"count":3,"href":"http:\/\/cristoreyjaen.com\/index.php\/wp-json\/wp\/v2\/pages\/380\/revisions"}],"predecessor-version":[{"id":4324,"href":"http:\/\/cristoreyjaen.com\/index.php\/wp-json\/wp\/v2\/pages\/380\/revisions\/4324"}],"up":[{"embeddable":true,"href":"http:\/\/cristoreyjaen.com\/index.php\/wp-json\/wp\/v2\/pages\/93"}],"wp:attachment":[{"href":"http:\/\/cristoreyjaen.com\/index.php\/wp-json\/wp\/v2\/media?parent=380"}],"curies":[{"name":"wp","href":"https:\/\/api.w.org\/{rel}","templated":true}]}}