{"id":382,"date":"2017-02-16T13:36:34","date_gmt":"2017-02-16T12:36:34","guid":{"rendered":"http:\/\/nueva.cristoreyjaen.com\/?page_id=382"},"modified":"2017-10-20T11:16:55","modified_gmt":"2017-10-20T09:16:55","slug":"actividades","status":"publish","type":"page","link":"http:\/\/cristoreyjaen.com\/index.php\/cristo-rey-jaen\/asociacion-de-padres-de-alumnos-apa\/actividades\/","title":{"rendered":"Actividades"},"content":{"rendered":"<p><strong>OBJETIVOS<\/strong><\/p>\n<ul>\n<li>Actuar como cauce de participaci\u00f3n de las familias en la vida y gesti\u00f3n del Centro.<\/li>\n<li>Programar y llevar a cabo actividades formativas, culturales, deportivas, religiosas y de familia.<\/li>\n<li>Celebrar reuniones peri\u00f3dicas con los padres y las madres delegados de grupo.<\/li>\n<li>Colaborar, en la medida de lo posible, en las actividades programadas por el Centro.<\/li>\n<li>Contribuir econ\u00f3micamente a algunas necesidades del Centro.<\/li>\n<li>Prestar ayuda a alumnos y familias del Centro con dificultades econ\u00f3micas.<\/li>\n<li>Colaborar en las campa\u00f1as de solidaridad en las que participe el Centro.<\/li>\n<\/ul>\n<p><strong><b>Actividades religiosas y de familia<\/b><\/strong><\/p>\n<ul>\n<li>Preparaci\u00f3n de la Eucarist\u00eda de la Familia en la Fiesta de Cristo Rey. Ser\u00e1 el s\u00e1bado 18 de noviembre y servir\u00e1 de apertura a la celebraci\u00f3n de la semana de Cristo Rey.<\/li>\n<li>Organizaci\u00f3n de sendos actos de preparaci\u00f3n con motivo del Adviento y de la Cuaresma.<\/li>\n<li>Organizaci\u00f3n de la Cena del Hambre y de la charla de motivaci\u00f3n previa. Ser\u00e1 al comienzo de la Cuaresma.<\/li>\n<li>Organizaci\u00f3n de la procesi\u00f3n de la Cruz de Mayo.<\/li>\n<li>Colaboraci\u00f3n en las Eucarist\u00edas de la Familia que tendr\u00e1n lugar el \u00faltimo domingo de cada mes.<\/li>\n<\/ul>\n<p><strong><b>Actividades deportivas y naturaleza<\/b><\/strong><\/p>\n<ul>\n<li>Visita al Monasterio de la Cartuja, barrios del Sacromonte y Albaic\u00edn, y casa museo del Padre Gras. El s\u00e1bado 11 de noviembre.<\/li>\n<li>Entrega de trofeos y premios de los distintos campeonatos y concursos con motivo de las Fiestas de Cristo Rey. Tendr\u00e1 lugar el s\u00e1bado 25 de noviembre, en el transcurso de la verbena.<\/li>\n<li>Apoyo a las actividades deportivas extraescolares.<\/li>\n<\/ul>\n<p><strong><b>Actividades culturales<\/b><\/strong><\/p>\n<ul>\n<li>Visita cultural a los monasterios de la localidad. Tendr\u00e1 lugar en noviembre\/diciembre.<\/li>\n<li>Visita cultural al monasterio de El Escorial. Ser\u00e1 en el segundo trimestre del curso.<\/li>\n<li>Feria del Libro: venta de libros a precio subvencionado y organizaci\u00f3n de concursos. Tendr\u00e1 lugar en torno al 23 de abril, D\u00eda Internacional del Libro.<\/li>\n<\/ul>\n<p><strong><b>Escuela de Familias\u00a0<\/b><\/strong><\/p>\n<ul>\n<li>Colaboraci\u00f3n en diferentes acciones formativas integradas en el programa correspondiente al 50 Aniversario de la fundaci\u00f3n del Colegio.<\/li>\n<li>Charlas correspondientes al Plan Director promovido por la Delegaci\u00f3n de Educaci\u00f3n, Cultura y Deporte y la Subdelegaci\u00f3n del Gobierno en Ja\u00e9n.<br \/>\n(Por determinar)<\/li>\n<li>Otras acciones formativas<br \/>\n(Por determinar)<\/li>\n<\/ul>\n<p><strong><b>Convivencias<\/b><\/strong><\/p>\n<ul>\n<li>Invitaci\u00f3n a los asistentes a la Eucarist\u00eda de la Familia de la Fiesta de Cristo Rey. Ser\u00e1 la noche del s\u00e1bado 18 de noviembre.<\/li>\n<li>Verbena de Cristo Rey: organizaci\u00f3n del servicio de barra, realizaci\u00f3n de una rifa y organizaci\u00f3n de un concurso de postres. Ser\u00e1 el s\u00e1bado 25 de noviembre.<\/li>\n<li>Comida compartida de Navidad, tras la Eucarist\u00eda de la Familia previa a la Navidad.<\/li>\n<li>Bocadillada posterior a la procesi\u00f3n de la Cruz de Mayo.<\/li>\n<li>Verbena de Fin de Curso: organizaci\u00f3n del servicio de barra.<\/li>\n<li>Comida compartida de Fin de Curso, tras la Eucarist\u00eda de la Familia de Fin de Curso.<\/li>\n<\/ul>\n<p><strong><b>Solidaridad y Acci\u00f3n Social<\/b><\/strong><\/p>\n<ul>\n<li>Ayudas para alumnos del Colegio con necesidades econ\u00f3micas.<\/li>\n<li>Atenci\u00f3n econ\u00f3mica a familias del Colegio con dificultades.<\/li>\n<li>Contribuci\u00f3n econ\u00f3mica para necesidades del Centro.<\/li>\n<li>Participaci\u00f3n en las campa\u00f1as de solidaridad del Centro.<\/li>\n<li>Actividades para recaudar fondos:\n<ul>\n<li>Rifa durante la Verbena de Cristo Rey.<\/li>\n<li>Venta de loter\u00eda de Navidad.<\/li>\n<li>Colaboraci\u00f3n con el Rastrillo de Navidad (exposici\u00f3n y venta de manualidades por parte del grupo de Cristolog\u00eda).<\/li>\n<li>Rifa durante la Cena del Hambre.<\/li>\n<\/ul>\n<\/li>\n<\/ul>\n","protected":false},"excerpt":{"rendered":"<p>OBJETIVOS Actuar como cauce de participaci\u00f3n de las familias en la vida y gesti\u00f3n del Centro. Programar y llevar a cabo actividades formativas, culturales, deportivas, religiosas y de familia. Celebrar reuniones peri\u00f3dicas con los padres y las madres delegados de grupo. Colaborar, en la medida de lo posible, en las actividades programadas por el Centro. [&hellip;]<\/p>\n","protected":false},"author":1,"featured_media":0,"parent":93,"menu_order":3,"comment_status":"closed","ping_status":"closed","template":"","meta":{"_et_pb_use_builder":"","_et_pb_old_content":"","_et_gb_content_width":"","footnotes":""},"class_list":["post-382","page","type-page","status-publish","hentry"],"_links":{"self":[{"href":"http:\/\/cristoreyjaen.com\/index.php\/wp-json\/wp\/v2\/pages\/382","targetHints":{"allow":["GET"]}}],"collection":[{"href":"http:\/\/cristoreyjaen.com\/index.php\/wp-json\/wp\/v2\/pages"}],"about":[{"href":"http:\/\/cristoreyjaen.com\/index.php\/wp-json\/wp\/v2\/types\/page"}],"author":[{"embeddable":true,"href":"http:\/\/cristoreyjaen.com\/index.php\/wp-json\/wp\/v2\/users\/1"}],"replies":[{"embeddable":true,"href":"http:\/\/cristoreyjaen.com\/index.php\/wp-json\/wp\/v2\/comments?post=382"}],"version-history":[{"count":5,"href":"http:\/\/cristoreyjaen.com\/index.php\/wp-json\/wp\/v2\/pages\/382\/revisions"}],"predecessor-version":[{"id":660,"href":"http:\/\/cristoreyjaen.com\/index.php\/wp-json\/wp\/v2\/pages\/382\/revisions\/660"}],"up":[{"embeddable":true,"href":"http:\/\/cristoreyjaen.com\/index.php\/wp-json\/wp\/v2\/pages\/93"}],"wp:attachment":[{"href":"http:\/\/cristoreyjaen.com\/index.php\/wp-json\/wp\/v2\/media?parent=382"}],"curies":[{"name":"wp","href":"https:\/\/api.w.org\/{rel}","templated":true}]}}