{"id":404,"date":"2017-02-16T13:49:36","date_gmt":"2017-02-16T12:49:36","guid":{"rendered":"http:\/\/nueva.cristoreyjaen.com\/?page_id=404"},"modified":"2021-02-02T13:56:24","modified_gmt":"2021-02-02T12:56:24","slug":"recursos","status":"publish","type":"page","link":"http:\/\/cristoreyjaen.com\/index.php\/cristo-rey-jaen\/plan-de-pastoral\/recursos\/","title":{"rendered":"Recursos"},"content":{"rendered":"\n<p>HIJAS DE CRISTO REY:<\/p>\n\n\n\n<ul class=\"wp-block-list\"><li>Web de las Hijas de Cristo Rey en el mundo: <a href=\"https:\/\/hijascristorey.com\/\">https:\/\/hijascristorey.com\/<\/a>&nbsp;<br><\/li><li>Web de las Obras Educativas de las Hijas de Cristo Rey en Espa\u00f1a: <a href=\"http:\/\/obraseducativashcrespana.com\/\">http:\/\/obraseducativashcrespana.com\/<\/a>&nbsp;<\/li><li>Materiales sobre nuestro Fundador, Padre Jos\u00e9 Gras y Granollers: <a href=\"http:\/\/cristoreyjaen.com\/index.php\/institucion\/fundador-jose-gras\/\">http:\/\/cristoreyjaen.com\/index.php\/institucion\/fundador-jose-gras\/<\/a> &nbsp;<\/li><li>Materiales sobre la M. In\u00e9s de Jes\u00fas, 1\u00aa superiora General de las Hijas de Cristo Rey: <a href=\"http:\/\/cristoreyjaen.com\/index.php\/institucion\/fundador-jose-gras\/\">http:\/\/cristoreyjaen.com\/index.php\/institucion\/fundador-jose-gras\/<\/a> &nbsp;<\/li><li>Celebraciones y formaci\u00f3n sobre diversas tem\u00e1ticas (carisma institucional, tiempos lit\u00fargicos,&#8230;):<a href=\"http:\/\/www.hcrey.es\/sgd\/consultas\/consultas.asp\"> http:\/\/www.hcrey.es\/sgd\/consultas\/consultas.asp<\/a>&nbsp;<\/li><li>MISIONES de las Hijas de Cristo Rey, PROYECTOS \u00abHACER EL BIEN\u00bb: <a href=\"https:\/\/hijascristorey.com\/actualidad\/hacer-el-bien\/\">https:\/\/hijascristorey.com\/actualidad\/hacer-el-bien\/<\/a>&nbsp;<\/li><li>Pastoral Juvenil Vocacional: <a href=\"https:\/\/hijascristorey.com\/actualidad\/pastoral-juvenil-vocacional\/\">https:\/\/hijascristorey.com\/actualidad\/pastoral-juvenil-vocacional\/<\/a>&nbsp;<\/li><li>Movimiento Apost\u00f3lico Cristo Rey (MAR): <a href=\"https:\/\/hijascristorey.com\/actualidad\/movimiento-apostolico-cristo-rey\/\">https:\/\/hijascristorey.com\/actualidad\/movimiento-apostolico-cristo-rey\/<\/a> &nbsp;<\/li><\/ul>\n\n\n\n<p>Oraci\u00f3n de la ma\u00f1ana &#8211; Cristo Rey Ja\u00e9n:<\/p>\n\n\n\n<ul class=\"wp-block-list\"><li>Blog Infantil y Primaria: <a href=\"https:\/\/oracionescristoreyjaen.blogspot.com\/\">https:\/\/oracionescristoreyjaen.blogspot.com\/<\/a><br><\/li><li>Blog ESO y Bachillerato: <a href=\"https:\/\/oracionescristoreyjaensecundaria.blogspot.com\/\">https:\/\/oracionescristoreyjaensecundaria.blogspot.com\/<\/a><br><\/li><\/ul>\n\n\n\n<p>Webs con recursos y formaci\u00f3n pastoral:<\/p>\n\n\n\n<ul class=\"wp-block-list\"><li>Pastoral jesuitas:&nbsp;<a href=\"https:\/\/pastoralsj.org\/\">https:\/\/pastoralsj.org\/<\/a><br><\/li><li>Rezando voy (jesuitas): <a href=\"https:\/\/rezandovoy.org\/\">https:\/\/rezandovoy.org\/<\/a><br><\/li><li>Oraciones blog CVX Valladolid (espiritualidad ignaciana):&nbsp;<a href=\"https:\/\/tallerdeoracionpersonal.blogspot.com\/p\/quienes-somos.html\">https:\/\/tallerdeoracionpersonal.blogspot.com\/p\/quienes-somos.html<\/a><\/li><li>\u00abQuiero ver\u00bb (v\u00eddeos Evangelio domingos): <a href=\"http:\/\/www.quierover.org\/\">http:\/\/www.quierover.org\/<\/a><br><\/li><li>Materiales para celebraciones y formaci\u00f3n: <a href=\"https:\/\/lineasdefuerzasj.com\/\">https:\/\/lineasdefuerzasj.com\/<\/a><\/li><li>Revista \u00abGesto\u00bb (OMP): <a href=\"https:\/\/www.omp.es\/revista-gesto\/\">https:\/\/www.omp.es\/revista-gesto\/<\/a><\/li><li>Cristianismo y justicia (formaci\u00f3n j\u00f3venes y adultos): <a href=\"http:\/\/www.cristianismeijusticia.net\/es\">http:\/\/www.cristianismeijusticia.net\/es<\/a><\/li><\/ul>\n\n\n\n<p>Religi\u00f3n:<\/p>\n\n\n\n<ul class=\"wp-block-list\"><li>Biblia online: <a href=\"https:\/\/pastoralsj.org\/biblia\">https:\/\/pastoralsj.org\/biblia<\/a><br><\/li><li>Religi\u00f3n y escuela: <a href=\"https:\/\/www.religionyescuela.com\/\">https:\/\/www.religionyescuela.com\/<\/a><\/li><li>INNOVAreli: <a href=\"https:\/\/www.religionyescuela.com\/construir\/innovareli\/\">https:\/\/www.religionyescuela.com\/construir\/innovareli\/<\/a><br><\/li><\/ul>\n\n\n\n<p>Organizaciones eclesiales:<\/p>\n\n\n\n<ul class=\"wp-block-list\"><li>Manos Unidas: <a href=\"https:\/\/www.manosunidas.org\/\">https:\/\/www.manosunidas.org\/<\/a><br><\/li><li>OMP (Obras misionales pontificias): <a href=\"https:\/\/www.omp.es\/\">https:\/\/www.omp.es\/<\/a><br><\/li><li>C\u00e1ritas Espa\u00f1a: <a href=\"https:\/\/www.caritas.es\/\">https:\/\/www.caritas.es\/<\/a><\/li><\/ul>\n\n\n\n<p>Di\u00f3cesis de Ja\u00e9n:<\/p>\n\n\n\n<ul class=\"wp-block-list\"><li>Web Di\u00f3cesis de Ja\u00e9n:<a href=\"http:\/\/diocesisdejaen.es\/\"> http:\/\/diocesisdejaen.es\/<\/a><\/li><li>C\u00e1ritas Ja\u00e9n: <a href=\"https:\/\/www.caritasjaen.es\/\">https:\/\/www.caritasjaen.es\/<\/a><\/li><li>Delegaci\u00f3n de Infancia: <a href=\"http:\/\/www.saldeti.com\/\">http:\/\/www.saldeti.com\/<\/a><br><\/li><li>Delegaci\u00f3n de Juventud: <a href=\"https:\/\/descubre.es\/\">https:\/\/descubre.es\/<\/a><\/li><li>Pastoral Universitaria: <a href=\"http:\/\/pastoraluja.es\/\">http:\/\/pastoraluja.es\/<\/a><\/li><\/ul>\n","protected":false},"excerpt":{"rendered":"<p>HIJAS DE CRISTO REY: Web de las Hijas de Cristo Rey en el mundo: https:\/\/hijascristorey.com\/&nbsp; Web de las Obras Educativas de las Hijas de Cristo Rey en Espa\u00f1a: http:\/\/obraseducativashcrespana.com\/&nbsp; Materiales sobre nuestro Fundador, Padre Jos\u00e9 Gras y Granollers: http:\/\/cristoreyjaen.com\/index.php\/institucion\/fundador-jose-gras\/ &nbsp; Materiales sobre la M. In\u00e9s de Jes\u00fas, 1\u00aa superiora General de las Hijas de Cristo [&hellip;]<\/p>\n","protected":false},"author":1,"featured_media":0,"parent":99,"menu_order":3,"comment_status":"closed","ping_status":"closed","template":"","meta":{"_et_pb_use_builder":"","_et_pb_old_content":"","_et_gb_content_width":"","footnotes":""},"class_list":["post-404","page","type-page","status-publish","hentry"],"_links":{"self":[{"href":"http:\/\/cristoreyjaen.com\/index.php\/wp-json\/wp\/v2\/pages\/404","targetHints":{"allow":["GET"]}}],"collection":[{"href":"http:\/\/cristoreyjaen.com\/index.php\/wp-json\/wp\/v2\/pages"}],"about":[{"href":"http:\/\/cristoreyjaen.com\/index.php\/wp-json\/wp\/v2\/types\/page"}],"author":[{"embeddable":true,"href":"http:\/\/cristoreyjaen.com\/index.php\/wp-json\/wp\/v2\/users\/1"}],"replies":[{"embeddable":true,"href":"http:\/\/cristoreyjaen.com\/index.php\/wp-json\/wp\/v2\/comments?post=404"}],"version-history":[{"count":15,"href":"http:\/\/cristoreyjaen.com\/index.php\/wp-json\/wp\/v2\/pages\/404\/revisions"}],"predecessor-version":[{"id":2545,"href":"http:\/\/cristoreyjaen.com\/index.php\/wp-json\/wp\/v2\/pages\/404\/revisions\/2545"}],"up":[{"embeddable":true,"href":"http:\/\/cristoreyjaen.com\/index.php\/wp-json\/wp\/v2\/pages\/99"}],"wp:attachment":[{"href":"http:\/\/cristoreyjaen.com\/index.php\/wp-json\/wp\/v2\/media?parent=404"}],"curies":[{"name":"wp","href":"https:\/\/api.w.org\/{rel}","templated":true}]}}