{"id":4390,"date":"2025-12-02T13:01:54","date_gmt":"2025-12-02T12:01:54","guid":{"rendered":"http:\/\/cristoreyjaen.com\/?page_id=4390"},"modified":"2025-12-02T13:14:43","modified_gmt":"2025-12-02T12:14:43","slug":"programaciones-e-s-o-y-bachillerato","status":"publish","type":"page","link":"http:\/\/cristoreyjaen.com\/index.php\/programaciones\/programaciones-e-s-o-y-bachillerato\/","title":{"rendered":"Programaciones E.S.O. y Bachillerato"},"content":{"rendered":"<p>[et_pb_section fb_built=\u00bb1&#8243; _builder_version=\u00bb4.27.4&#8243; _module_preset=\u00bbdefault\u00bb global_colors_info=\u00bb{}\u00bb theme_builder_area=\u00bbpost_content\u00bb][et_pb_row column_structure=\u00bb1_3,1_3,1_3&#8243; use_custom_gutter=\u00bbon\u00bb gutter_width=\u00bb1&#8243; make_equal=\u00bbon\u00bb disabled_on=\u00bboff|off|off\u00bb _builder_version=\u00bb4.27.4&#8243; _module_preset=\u00bbdefault\u00bb locked=\u00bboff\u00bb global_colors_info=\u00bb{}\u00bb theme_builder_area=\u00bbpost_content\u00bb][et_pb_column type=\u00bb1_3&#8243; _builder_version=\u00bb4.27.0&#8243; _module_preset=\u00bbdefault\u00bb background_color=\u00bb#00b4d8&#8243; background_image=\u00bbhttp:\/\/cristoreyjaen.com\/wp-content\/uploads\/2024\/07\/high-school_50.png\u00bb background_size=\u00bbinitial\u00bb background_position=\u00bbtop_left\u00bb background_repeat=\u00bbrepeat-x\u00bb custom_padding=\u00bb60px|30px|40px|30px|false|true\u00bb custom_padding_tablet=\u00bb40px|20px|20px|20px|false|true\u00bb custom_padding_phone=\u00bb40px|20px|20px|20px|false|true\u00bb custom_padding_last_edited=\u00bbon|desktop\u00bb animation_style=\u00bbzoom\u00bb animation_direction=\u00bbtop\u00bb global_colors_info=\u00bb{}\u00bb theme_builder_area=\u00bbpost_content\u00bb][et_pb_text _builder_version=\u00bb4.27.4&#8243; _module_preset=\u00bb38128ce4-78a8-4c45-b3ff-f4fb37f074f0&#8243; header_font=\u00bb||||||||\u00bb header_4_font=\u00bbRoboto|500|||||||\u00bb header_4_text_color=\u00bb#FFFFFF\u00bb header_4_line_height=\u00bb1.5em\u00bb text_orientation=\u00bbcenter\u00bb header_4_font_size_tablet=\u00bb16px\u00bb header_4_font_size_phone=\u00bb14px\u00bb header_4_font_size_last_edited=\u00bbon|tablet\u00bb locked=\u00bboff\u00bb global_colors_info=\u00bb{}\u00bb theme_builder_area=\u00bbpost_content\u00bb]<\/p>\n<h4>Dpto. de Artes<\/h4>\n<p>[\/et_pb_text][et_pb_image src=\u00bbhttp:\/\/cristoreyjaen.com\/wp-content\/uploads\/2024\/07\/high-school_26.png\u00bb title_text=\u00bbhigh-school_26&#8243; url=\u00bbhttp:\/\/cristoreyjaen.com\/index.php\/programaciones\/programaciones-e-s-o-y-bachillerato\/programaciones-dpto-de-artes\/\u00bb _builder_version=\u00bb4.27.4&#8243; _module_preset=\u00bbdefault\u00bb custom_margin=\u00bb20px||||false|false\u00bb hover_enabled=\u00bb0&#8243; locked=\u00bboff\u00bb global_colors_info=\u00bb{}\u00bb theme_builder_area=\u00bbpost_content\u00bb sticky_enabled=\u00bb0&#8243;][\/et_pb_image][\/et_pb_column][et_pb_column type=\u00bb1_3&#8243; _builder_version=\u00bb4.27.0&#8243; _module_preset=\u00bbdefault\u00bb background_color=\u00bb#0077b6&#8243; background_image=\u00bbhttp:\/\/cristoreyjaen.com\/wp-content\/uploads\/2024\/07\/high-school_50.png\u00bb background_size=\u00bbinitial\u00bb background_position=\u00bbtop_left\u00bb background_repeat=\u00bbrepeat-x\u00bb custom_padding=\u00bb60px|30px|40px|30px|false|true\u00bb custom_padding_tablet=\u00bb40px|20px|20px|20px|false|true\u00bb custom_padding_phone=\u00bb40px|20px|20px|20px|false|true\u00bb custom_padding_last_edited=\u00bbon|desktop\u00bb animation_style=\u00bbzoom\u00bb animation_direction=\u00bbtop\u00bb global_colors_info=\u00bb{}\u00bb theme_builder_area=\u00bbpost_content\u00bb][et_pb_text _builder_version=\u00bb4.27.4&#8243; _module_preset=\u00bb38128ce4-78a8-4c45-b3ff-f4fb37f074f0&#8243; header_font=\u00bb||||||||\u00bb header_4_font=\u00bbRoboto|500|||||||\u00bb header_4_text_color=\u00bb#FFFFFF\u00bb header_4_line_height=\u00bb1.5em\u00bb text_orientation=\u00bbcenter\u00bb header_4_font_size_tablet=\u00bb16px\u00bb header_4_font_size_phone=\u00bb14px\u00bb header_4_font_size_last_edited=\u00bbon|tablet\u00bb locked=\u00bboff\u00bb global_colors_info=\u00bb{}\u00bb theme_builder_area=\u00bbpost_content\u00bb]<\/p>\n<h4>Dpto. de CC. EE.<\/h4>\n<p>[\/et_pb_text][et_pb_image src=\u00bbhttp:\/\/cristoreyjaen.com\/wp-content\/uploads\/2024\/07\/high-school_26.png\u00bb title_text=\u00bbhigh-school_26&#8243; url=\u00bbhttp:\/\/cristoreyjaen.com\/index.php\/programaciones\/programaciones-e-s-o-y-bachillerato\/programaciones-dpto-de-cc-ee\/\u00bb _builder_version=\u00bb4.27.4&#8243; _module_preset=\u00bbdefault\u00bb custom_margin=\u00bb20px||||false|false\u00bb hover_enabled=\u00bb0&#8243; locked=\u00bboff\u00bb global_colors_info=\u00bb{}\u00bb theme_builder_area=\u00bbpost_content\u00bb sticky_enabled=\u00bb0&#8243;][\/et_pb_image][\/et_pb_column][et_pb_column type=\u00bb1_3&#8243; _builder_version=\u00bb4.27.0&#8243; _module_preset=\u00bbdefault\u00bb background_color=\u00bb#023e8a\u00bb background_image=\u00bbhttp:\/\/cristoreyjaen.com\/wp-content\/uploads\/2024\/07\/high-school_50.png\u00bb background_size=\u00bbinitial\u00bb background_position=\u00bbtop_left\u00bb background_repeat=\u00bbrepeat-x\u00bb custom_padding=\u00bb60px|30px|40px|30px|false|true\u00bb custom_padding_tablet=\u00bb40px|20px|20px|20px|false|true\u00bb custom_padding_phone=\u00bb40px|20px|20px|20px|false|true\u00bb custom_padding_last_edited=\u00bbon|desktop\u00bb animation_style=\u00bbzoom\u00bb animation_direction=\u00bbtop\u00bb global_colors_info=\u00bb{}\u00bb theme_builder_area=\u00bbpost_content\u00bb][et_pb_text _builder_version=\u00bb4.27.4&#8243; _module_preset=\u00bb38128ce4-78a8-4c45-b3ff-f4fb37f074f0&#8243; header_font=\u00bb||||||||\u00bb header_4_font=\u00bbRoboto|500|||||||\u00bb header_4_text_color=\u00bb#FFFFFF\u00bb header_4_line_height=\u00bb1.5em\u00bb text_orientation=\u00bbcenter\u00bb header_4_font_size_tablet=\u00bb16px\u00bb header_4_font_size_phone=\u00bb14px\u00bb header_4_font_size_last_edited=\u00bbon|tablet\u00bb locked=\u00bboff\u00bb global_colors_info=\u00bb{}\u00bb theme_builder_area=\u00bbpost_content\u00bb]<\/p>\n<h4>Dpto. de CC. NN.<\/h4>\n<p>[\/et_pb_text][et_pb_image src=\u00bbhttp:\/\/cristoreyjaen.com\/wp-content\/uploads\/2024\/07\/high-school_26.png\u00bb title_text=\u00bbhigh-school_26&#8243; url=\u00bbhttp:\/\/cristoreyjaen.com\/index.php\/programaciones\/programaciones-e-s-o-y-bachillerato\/programaciones-dpto-de-cc-nn\/\u00bb _builder_version=\u00bb4.27.4&#8243; _module_preset=\u00bbdefault\u00bb custom_margin=\u00bb20px||||false|false\u00bb hover_enabled=\u00bb0&#8243; locked=\u00bboff\u00bb global_colors_info=\u00bb{}\u00bb theme_builder_area=\u00bbpost_content\u00bb sticky_enabled=\u00bb0&#8243;][\/et_pb_image][\/et_pb_column][\/et_pb_row][et_pb_row column_structure=\u00bb1_3,1_3,1_3&#8243; use_custom_gutter=\u00bbon\u00bb gutter_width=\u00bb1&#8243; make_equal=\u00bbon\u00bb disabled_on=\u00bboff|off|off\u00bb _builder_version=\u00bb4.27.4&#8243; _module_preset=\u00bbdefault\u00bb locked=\u00bboff\u00bb global_colors_info=\u00bb{}\u00bb theme_builder_area=\u00bbpost_content\u00bb][et_pb_column type=\u00bb1_3&#8243; _builder_version=\u00bb4.27.0&#8243; _module_preset=\u00bbdefault\u00bb background_color=\u00bb#00b4d8&#8243; background_image=\u00bbhttp:\/\/cristoreyjaen.com\/wp-content\/uploads\/2024\/07\/high-school_50.png\u00bb background_size=\u00bbinitial\u00bb background_position=\u00bbtop_left\u00bb background_repeat=\u00bbrepeat-x\u00bb custom_padding=\u00bb60px|30px|40px|30px|false|true\u00bb custom_padding_tablet=\u00bb40px|20px|20px|20px|false|true\u00bb custom_padding_phone=\u00bb40px|20px|20px|20px|false|true\u00bb custom_padding_last_edited=\u00bbon|desktop\u00bb animation_style=\u00bbzoom\u00bb animation_direction=\u00bbtop\u00bb global_colors_info=\u00bb{}\u00bb theme_builder_area=\u00bbpost_content\u00bb][et_pb_text _builder_version=\u00bb4.27.4&#8243; _module_preset=\u00bb38128ce4-78a8-4c45-b3ff-f4fb37f074f0&#8243; header_font=\u00bb||||||||\u00bb header_4_font=\u00bbRoboto|500|||||||\u00bb header_4_text_color=\u00bb#FFFFFF\u00bb header_4_line_height=\u00bb1.5em\u00bb text_orientation=\u00bbcenter\u00bb header_4_font_size_tablet=\u00bb16px\u00bb header_4_font_size_phone=\u00bb14px\u00bb header_4_font_size_last_edited=\u00bbon|tablet\u00bb locked=\u00bboff\u00bb global_colors_info=\u00bb{}\u00bb theme_builder_area=\u00bbpost_content\u00bb]<\/p>\n<h4>Dpto. de CC. SS.<\/h4>\n<p>[\/et_pb_text][et_pb_image src=\u00bbhttp:\/\/cristoreyjaen.com\/wp-content\/uploads\/2024\/07\/high-school_26.png\u00bb title_text=\u00bbhigh-school_26&#8243; url=\u00bbhttp:\/\/cristoreyjaen.com\/index.php\/programaciones\/programaciones-e-s-o-y-bachillerato\/programaciones-dpto-de-cc-ss\/\u00bb _builder_version=\u00bb4.27.4&#8243; _module_preset=\u00bbdefault\u00bb custom_margin=\u00bb20px||||false|false\u00bb hover_enabled=\u00bb0&#8243; locked=\u00bboff\u00bb global_colors_info=\u00bb{}\u00bb theme_builder_area=\u00bbpost_content\u00bb sticky_enabled=\u00bb0&#8243;][\/et_pb_image][\/et_pb_column][et_pb_column type=\u00bb1_3&#8243; _builder_version=\u00bb4.27.0&#8243; _module_preset=\u00bbdefault\u00bb background_color=\u00bb#0077b6&#8243; background_image=\u00bbhttp:\/\/cristoreyjaen.com\/wp-content\/uploads\/2024\/07\/high-school_50.png\u00bb background_size=\u00bbinitial\u00bb background_position=\u00bbtop_left\u00bb background_repeat=\u00bbrepeat-x\u00bb custom_padding=\u00bb60px|30px|40px|30px|false|true\u00bb custom_padding_tablet=\u00bb40px|20px|20px|20px|false|true\u00bb custom_padding_phone=\u00bb40px|20px|20px|20px|false|true\u00bb custom_padding_last_edited=\u00bbon|desktop\u00bb animation_style=\u00bbzoom\u00bb animation_direction=\u00bbtop\u00bb global_colors_info=\u00bb{}\u00bb theme_builder_area=\u00bbpost_content\u00bb][et_pb_text _builder_version=\u00bb4.27.4&#8243; _module_preset=\u00bb38128ce4-78a8-4c45-b3ff-f4fb37f074f0&#8243; header_font=\u00bb||||||||\u00bb header_4_font=\u00bbRoboto|500|||||||\u00bb header_4_text_color=\u00bb#FFFFFF\u00bb header_4_line_height=\u00bb1.5em\u00bb text_orientation=\u00bbcenter\u00bb header_4_font_size_tablet=\u00bb16px\u00bb header_4_font_size_phone=\u00bb14px\u00bb header_4_font_size_last_edited=\u00bbon|tablet\u00bb locked=\u00bboff\u00bb global_colors_info=\u00bb{}\u00bb theme_builder_area=\u00bbpost_content\u00bb]<\/p>\n<h4>Dpto. de Educaci\u00f3n f\u00edsica<\/h4>\n<p>[\/et_pb_text][et_pb_image src=\u00bbhttp:\/\/cristoreyjaen.com\/wp-content\/uploads\/2024\/07\/high-school_26.png\u00bb title_text=\u00bbhigh-school_26&#8243; url=\u00bbhttp:\/\/cristoreyjaen.com\/index.php\/programaciones\/programaciones-e-s-o-y-bachillerato\/programaciones-dpto-de-educacion-fisica\/\u00bb _builder_version=\u00bb4.27.4&#8243; _module_preset=\u00bbdefault\u00bb custom_margin=\u00bb20px||||false|false\u00bb hover_enabled=\u00bb0&#8243; locked=\u00bboff\u00bb global_colors_info=\u00bb{}\u00bb theme_builder_area=\u00bbpost_content\u00bb sticky_enabled=\u00bb0&#8243;][\/et_pb_image][\/et_pb_column][et_pb_column type=\u00bb1_3&#8243; _builder_version=\u00bb4.27.0&#8243; _module_preset=\u00bbdefault\u00bb background_color=\u00bb#023e8a\u00bb background_image=\u00bbhttp:\/\/cristoreyjaen.com\/wp-content\/uploads\/2024\/07\/high-school_50.png\u00bb background_size=\u00bbinitial\u00bb background_position=\u00bbtop_left\u00bb background_repeat=\u00bbrepeat-x\u00bb custom_padding=\u00bb60px|30px|40px|30px|false|true\u00bb custom_padding_tablet=\u00bb40px|20px|20px|20px|false|true\u00bb custom_padding_phone=\u00bb40px|20px|20px|20px|false|true\u00bb custom_padding_last_edited=\u00bbon|desktop\u00bb animation_style=\u00bbzoom\u00bb animation_direction=\u00bbtop\u00bb global_colors_info=\u00bb{}\u00bb theme_builder_area=\u00bbpost_content\u00bb][et_pb_text _builder_version=\u00bb4.27.4&#8243; _module_preset=\u00bb38128ce4-78a8-4c45-b3ff-f4fb37f074f0&#8243; header_font=\u00bb||||||||\u00bb header_4_font=\u00bbRoboto|500|||||||\u00bb header_4_text_color=\u00bb#FFFFFF\u00bb header_4_line_height=\u00bb1.5em\u00bb text_orientation=\u00bbcenter\u00bb header_4_font_size_tablet=\u00bb16px\u00bb header_4_font_size_phone=\u00bb14px\u00bb header_4_font_size_last_edited=\u00bbon|tablet\u00bb locked=\u00bboff\u00bb global_colors_info=\u00bb{}\u00bb theme_builder_area=\u00bbpost_content\u00bb]<\/p>\n<h4>Dpto. de Lenguas<\/h4>\n<p>[\/et_pb_text][et_pb_image src=\u00bbhttp:\/\/cristoreyjaen.com\/wp-content\/uploads\/2024\/07\/high-school_26.png\u00bb title_text=\u00bbhigh-school_26&#8243; url=\u00bbhttp:\/\/cristoreyjaen.com\/index.php\/programaciones\/programaciones-e-s-o-y-bachillerato\/programaciones-dpto-de-lenguas\/\u00bb _builder_version=\u00bb4.27.4&#8243; _module_preset=\u00bbdefault\u00bb custom_margin=\u00bb20px||||false|false\u00bb hover_enabled=\u00bb0&#8243; locked=\u00bboff\u00bb global_colors_info=\u00bb{}\u00bb theme_builder_area=\u00bbpost_content\u00bb sticky_enabled=\u00bb0&#8243;][\/et_pb_image][\/et_pb_column][\/et_pb_row][et_pb_row column_structure=\u00bb1_3,1_3,1_3&#8243; use_custom_gutter=\u00bbon\u00bb gutter_width=\u00bb1&#8243; make_equal=\u00bbon\u00bb disabled_on=\u00bboff|off|off\u00bb _builder_version=\u00bb4.27.4&#8243; _module_preset=\u00bbdefault\u00bb locked=\u00bboff\u00bb global_colors_info=\u00bb{}\u00bb theme_builder_area=\u00bbpost_content\u00bb][et_pb_column type=\u00bb1_3&#8243; _builder_version=\u00bb4.27.0&#8243; _module_preset=\u00bbdefault\u00bb background_color=\u00bb#00b4d8&#8243; background_image=\u00bbhttp:\/\/cristoreyjaen.com\/wp-content\/uploads\/2024\/07\/high-school_50.png\u00bb background_size=\u00bbinitial\u00bb background_position=\u00bbtop_left\u00bb background_repeat=\u00bbrepeat-x\u00bb custom_padding=\u00bb60px|30px|40px|30px|false|true\u00bb custom_padding_tablet=\u00bb40px|20px|20px|20px|false|true\u00bb custom_padding_phone=\u00bb40px|20px|20px|20px|false|true\u00bb custom_padding_last_edited=\u00bbon|desktop\u00bb animation_style=\u00bbzoom\u00bb animation_direction=\u00bbtop\u00bb global_colors_info=\u00bb{}\u00bb theme_builder_area=\u00bbpost_content\u00bb][et_pb_text _builder_version=\u00bb4.27.4&#8243; _module_preset=\u00bb38128ce4-78a8-4c45-b3ff-f4fb37f074f0&#8243; header_font=\u00bb||||||||\u00bb header_4_font=\u00bbRoboto|500|||||||\u00bb header_4_text_color=\u00bb#FFFFFF\u00bb header_4_line_height=\u00bb1.5em\u00bb text_orientation=\u00bbcenter\u00bb header_4_font_size_tablet=\u00bb16px\u00bb header_4_font_size_phone=\u00bb14px\u00bb header_4_font_size_last_edited=\u00bbon|tablet\u00bb locked=\u00bboff\u00bb global_colors_info=\u00bb{}\u00bb theme_builder_area=\u00bbpost_content\u00bb]<\/p>\n<h4>Dpto. de Lenguas extranjeras<\/h4>\n<p>[\/et_pb_text][et_pb_image src=\u00bbhttp:\/\/cristoreyjaen.com\/wp-content\/uploads\/2024\/07\/high-school_26.png\u00bb title_text=\u00bbhigh-school_26&#8243; url=\u00bbhttp:\/\/cristoreyjaen.com\/index.php\/programaciones\/programaciones-e-s-o-y-bachillerato\/programaciones-dpto-de-lenguas-extranjeras\/\u00bb _builder_version=\u00bb4.27.4&#8243; _module_preset=\u00bbdefault\u00bb custom_margin=\u00bb20px||||false|false\u00bb hover_enabled=\u00bb0&#8243; locked=\u00bboff\u00bb global_colors_info=\u00bb{}\u00bb theme_builder_area=\u00bbpost_content\u00bb sticky_enabled=\u00bb0&#8243;][\/et_pb_image][\/et_pb_column][et_pb_column type=\u00bb1_3&#8243; _builder_version=\u00bb4.27.0&#8243; _module_preset=\u00bbdefault\u00bb background_color=\u00bb#0077b6&#8243; background_image=\u00bbhttp:\/\/cristoreyjaen.com\/wp-content\/uploads\/2024\/07\/high-school_50.png\u00bb background_size=\u00bbinitial\u00bb background_position=\u00bbtop_left\u00bb background_repeat=\u00bbrepeat-x\u00bb custom_padding=\u00bb60px|30px|40px|30px|false|true\u00bb custom_padding_tablet=\u00bb40px|20px|20px|20px|false|true\u00bb custom_padding_phone=\u00bb40px|20px|20px|20px|false|true\u00bb custom_padding_last_edited=\u00bbon|desktop\u00bb animation_style=\u00bbzoom\u00bb animation_direction=\u00bbtop\u00bb global_colors_info=\u00bb{}\u00bb theme_builder_area=\u00bbpost_content\u00bb][et_pb_text _builder_version=\u00bb4.27.4&#8243; _module_preset=\u00bb38128ce4-78a8-4c45-b3ff-f4fb37f074f0&#8243; header_font=\u00bb||||||||\u00bb header_4_font=\u00bbRoboto|500|||||||\u00bb header_4_text_color=\u00bb#FFFFFF\u00bb header_4_line_height=\u00bb1.5em\u00bb text_orientation=\u00bbcenter\u00bb header_4_font_size_tablet=\u00bb16px\u00bb header_4_font_size_phone=\u00bb14px\u00bb header_4_font_size_last_edited=\u00bbon|tablet\u00bb locked=\u00bboff\u00bb global_colors_info=\u00bb{}\u00bb theme_builder_area=\u00bbpost_content\u00bb]<\/p>\n<h4>Dpto. de Matem\u00e1ticas<\/h4>\n<p>[\/et_pb_text][et_pb_image src=\u00bbhttp:\/\/cristoreyjaen.com\/wp-content\/uploads\/2024\/07\/high-school_26.png\u00bb title_text=\u00bbhigh-school_26&#8243; url=\u00bbhttp:\/\/cristoreyjaen.com\/index.php\/programaciones\/programaciones-e-s-o-y-bachillerato\/programaciones-dpto-de-matematicas\/\u00bb _builder_version=\u00bb4.27.4&#8243; _module_preset=\u00bbdefault\u00bb custom_margin=\u00bb20px||||false|false\u00bb hover_enabled=\u00bb0&#8243; locked=\u00bboff\u00bb global_colors_info=\u00bb{}\u00bb theme_builder_area=\u00bbpost_content\u00bb sticky_enabled=\u00bb0&#8243;][\/et_pb_image][\/et_pb_column][et_pb_column type=\u00bb1_3&#8243; _builder_version=\u00bb4.27.0&#8243; _module_preset=\u00bbdefault\u00bb background_color=\u00bb#023e8a\u00bb background_image=\u00bbhttp:\/\/cristoreyjaen.com\/wp-content\/uploads\/2024\/07\/high-school_50.png\u00bb background_size=\u00bbinitial\u00bb background_position=\u00bbtop_left\u00bb background_repeat=\u00bbrepeat-x\u00bb custom_padding=\u00bb60px|30px|40px|30px|false|true\u00bb custom_padding_tablet=\u00bb40px|20px|20px|20px|false|true\u00bb custom_padding_phone=\u00bb40px|20px|20px|20px|false|true\u00bb custom_padding_last_edited=\u00bbon|desktop\u00bb animation_style=\u00bbzoom\u00bb animation_direction=\u00bbtop\u00bb global_colors_info=\u00bb{}\u00bb theme_builder_area=\u00bbpost_content\u00bb][et_pb_text _builder_version=\u00bb4.27.4&#8243; _module_preset=\u00bb38128ce4-78a8-4c45-b3ff-f4fb37f074f0&#8243; header_font=\u00bb||||||||\u00bb header_4_font=\u00bbRoboto|500|||||||\u00bb header_4_text_color=\u00bb#FFFFFF\u00bb header_4_line_height=\u00bb1.5em\u00bb text_orientation=\u00bbcenter\u00bb header_4_font_size_tablet=\u00bb16px\u00bb header_4_font_size_phone=\u00bb14px\u00bb header_4_font_size_last_edited=\u00bbon|tablet\u00bb locked=\u00bboff\u00bb global_colors_info=\u00bb{}\u00bb theme_builder_area=\u00bbpost_content\u00bb]<\/p>\n<h4>Dpto. de Religi\u00f3n<\/h4>\n<p>[\/et_pb_text][et_pb_image src=\u00bbhttp:\/\/cristoreyjaen.com\/wp-content\/uploads\/2024\/07\/high-school_26.png\u00bb title_text=\u00bbhigh-school_26&#8243; url=\u00bbhttp:\/\/cristoreyjaen.com\/index.php\/programaciones\/programaciones-e-s-o-y-bachillerato\/programaciones-dpto-de-religion\/\u00bb _builder_version=\u00bb4.27.4&#8243; _module_preset=\u00bbdefault\u00bb custom_margin=\u00bb20px||||false|false\u00bb hover_enabled=\u00bb0&#8243; locked=\u00bboff\u00bb global_colors_info=\u00bb{}\u00bb theme_builder_area=\u00bbpost_content\u00bb sticky_enabled=\u00bb0&#8243;][\/et_pb_image][\/et_pb_column][\/et_pb_row][\/et_pb_section]<\/p>\n","protected":false},"excerpt":{"rendered":"<p>Dpto. de ArtesDpto. de CC. EE.Dpto. de CC. NN.Dpto. de CC. SS.Dpto. de Educaci\u00f3n f\u00edsicaDpto. de LenguasDpto. de Lenguas extranjerasDpto. de Matem\u00e1ticasDpto. de Religi\u00f3n<\/p>\n","protected":false},"author":1,"featured_media":0,"parent":4332,"menu_order":0,"comment_status":"closed","ping_status":"closed","template":"","meta":{"_et_pb_use_builder":"on","_et_pb_old_content":"","_et_gb_content_width":"","footnotes":""},"class_list":["post-4390","page","type-page","status-publish","hentry"],"_links":{"self":[{"href":"http:\/\/cristoreyjaen.com\/index.php\/wp-json\/wp\/v2\/pages\/4390","targetHints":{"allow":["GET"]}}],"collection":[{"href":"http:\/\/cristoreyjaen.com\/index.php\/wp-json\/wp\/v2\/pages"}],"about":[{"href":"http:\/\/cristoreyjaen.com\/index.php\/wp-json\/wp\/v2\/types\/page"}],"author":[{"embeddable":true,"href":"http:\/\/cristoreyjaen.com\/index.php\/wp-json\/wp\/v2\/users\/1"}],"replies":[{"embeddable":true,"href":"http:\/\/cristoreyjaen.com\/index.php\/wp-json\/wp\/v2\/comments?post=4390"}],"version-history":[{"count":4,"href":"http:\/\/cristoreyjaen.com\/index.php\/wp-json\/wp\/v2\/pages\/4390\/revisions"}],"predecessor-version":[{"id":4425,"href":"http:\/\/cristoreyjaen.com\/index.php\/wp-json\/wp\/v2\/pages\/4390\/revisions\/4425"}],"up":[{"embeddable":true,"href":"http:\/\/cristoreyjaen.com\/index.php\/wp-json\/wp\/v2\/pages\/4332"}],"wp:attachment":[{"href":"http:\/\/cristoreyjaen.com\/index.php\/wp-json\/wp\/v2\/media?parent=4390"}],"curies":[{"name":"wp","href":"https:\/\/api.w.org\/{rel}","templated":true}]}}