{"id":4567,"date":"2026-02-03T14:33:45","date_gmt":"2026-02-03T13:33:45","guid":{"rendered":"http:\/\/cristoreyjaen.com\/?page_id=4567"},"modified":"2026-02-09T14:15:24","modified_gmt":"2026-02-09T13:15:24","slug":"teatro","status":"publish","type":"page","link":"http:\/\/cristoreyjaen.com\/index.php\/teatro\/","title":{"rendered":"Teatro"},"content":{"rendered":"<p>[et_pb_section fb_built=\u00bb1&#8243; _builder_version=\u00bb4.27.5&#8243; _module_preset=\u00bbdefault\u00bb global_colors_info=\u00bb{}\u00bb theme_builder_area=\u00bbpost_content\u00bb][et_pb_row _builder_version=\u00bb4.27.0&#8243; _module_preset=\u00bbdefault\u00bb background_color=\u00bb#FFFFFF\u00bb width=\u00bb95%\u00bb box_shadow_style=\u00bbpreset3&#8243; box_shadow_vertical=\u00bb60px\u00bb box_shadow_blur=\u00bb60px\u00bb box_shadow_spread=\u00bb0px\u00bb box_shadow_color=\u00bbrgba(14,15,43,0.1)\u00bb locked=\u00bboff\u00bb global_colors_info=\u00bb{}\u00bb theme_builder_area=\u00bbpost_content\u00bb][et_pb_column type=\u00bb4_4&#8243; _builder_version=\u00bb4.16&#8243; _module_preset=\u00bbdefault\u00bb custom_padding=\u00bb40px|40px|40px|40px|true|true\u00bb custom_padding_tablet=\u00bb30px|30px|30px|30px|true|true\u00bb custom_padding_phone=\u00bb20px|20px|20px|20px|true|true\u00bb custom_padding_last_edited=\u00bbon|phone\u00bb global_colors_info=\u00bb{}\u00bb theme_builder_area=\u00bbpost_content\u00bb][et_pb_text _builder_version=\u00bb4.16&#8243; _module_preset=\u00bb003e9429-8e11-4d9e-968b-8881092bbf81&#8243; header_2_font=\u00bbRoboto|500|||||||\u00bb header_2_text_align=\u00bbcenter\u00bb header_2_text_color=\u00bb#000000&#8243; header_2_font_size=\u00bb40px\u00bb header_2_line_height=\u00bb1.2em\u00bb custom_margin=\u00bb||0px||false|false\u00bb header_2_font_size_tablet=\u00bb30px\u00bb header_2_font_size_phone=\u00bb20px\u00bb header_2_font_size_last_edited=\u00bbon|desktop\u00bb locked=\u00bboff\u00bb global_colors_info=\u00bb{}\u00bb theme_builder_area=\u00bbpost_content\u00bb][\/et_pb_text][et_pb_text _builder_version=\u00bb4.27.5&#8243; _module_preset=\u00bb7262e956-c376-4aa6-9642-c413f71527d0&#8243; text_line_height=\u00bb1.8em\u00bb text_orientation=\u00bbcenter\u00bb hover_enabled=\u00bb0&#8243; header_font_size_tablet=\u00bb55px\u00bb header_font_size_last_edited=\u00bboff|desktop\u00bb locked=\u00bboff\u00bb global_colors_info=\u00bb{}\u00bb theme_builder_area=\u00bbpost_content\u00bb sticky_enabled=\u00bb0&#8243;]<\/p>\n<p style=\"text-align: justify;\">El teatro es una manifestaci\u00f3n art\u00edstica que contribuye de forma significativa a la formaci\u00f3n personal y social del alumnado de 2\u00ba de Bachillerato. A trav\u00e9s de la lectura, el an\u00e1lisis y la representaci\u00f3n de obras teatrales, el alumnado se acerca a conflictos humanos y sociales que favorecen la reflexi\u00f3n y el pensamiento cr\u00edtico.<br \/>Uno de los principales valores del teatro es el desarrollo de la empat\u00eda, ya que permite comprender distintas realidades y puntos de vista. Adem\u00e1s, fomenta el trabajo en equipo, la responsabilidad y el respeto mutuo, al tratarse de una actividad colectiva en la que cada persona cumple un papel fundamental.<br \/>Asimismo, el teatro mejora la expresi\u00f3n oral y corporal, refuerza la confianza personal y estimula la creatividad. Por todo ello, el teatro se presenta como una herramienta educativa clave para la transmisi\u00f3n de valores \u00e9ticos, sociales y culturales en esta etapa acad\u00e9mica.<\/p>\n<p>[\/et_pb_text][\/et_pb_column][\/et_pb_row][et_pb_row _builder_version=\u00bb4.27.5&#8243; _module_preset=\u00bbdefault\u00bb locked=\u00bboff\u00bb global_colors_info=\u00bb{}\u00bb theme_builder_area=\u00bbpost_content\u00bb][et_pb_column type=\u00bb4_4&#8243; _builder_version=\u00bb4.27.5&#8243; _module_preset=\u00bbdefault\u00bb global_colors_info=\u00bb{}\u00bb theme_builder_area=\u00bbpost_content\u00bb][et_pb_image src=\u00bbhttp:\/\/cristoreyjaen.com\/wp-content\/uploads\/2026\/02\/2026-Teatro-scaled.jpeg\u00bb title_text=\u00bb2026 Teatro\u00bb _builder_version=\u00bb4.27.5&#8243; _module_preset=\u00bbdefault\u00bb global_colors_info=\u00bb{}\u00bb theme_builder_area=\u00bbpost_content\u00bb][\/et_pb_image][\/et_pb_column][\/et_pb_row][\/et_pb_section]<\/p>\n","protected":false},"excerpt":{"rendered":"<p>El teatro es una manifestaci\u00f3n art\u00edstica que contribuye de forma significativa a la formaci\u00f3n personal y social del alumnado de 2\u00ba de Bachillerato. A trav\u00e9s de la lectura, el an\u00e1lisis y la representaci\u00f3n de obras teatrales, el alumnado se acerca a conflictos humanos y sociales que favorecen la reflexi\u00f3n y el pensamiento cr\u00edtico.Uno de los [&hellip;]<\/p>\n","protected":false},"author":1,"featured_media":4560,"parent":0,"menu_order":0,"comment_status":"closed","ping_status":"closed","template":"","meta":{"_et_pb_use_builder":"on","_et_pb_old_content":"","_et_gb_content_width":"","footnotes":""},"class_list":["post-4567","page","type-page","status-publish","has-post-thumbnail","hentry"],"_links":{"self":[{"href":"http:\/\/cristoreyjaen.com\/index.php\/wp-json\/wp\/v2\/pages\/4567","targetHints":{"allow":["GET"]}}],"collection":[{"href":"http:\/\/cristoreyjaen.com\/index.php\/wp-json\/wp\/v2\/pages"}],"about":[{"href":"http:\/\/cristoreyjaen.com\/index.php\/wp-json\/wp\/v2\/types\/page"}],"author":[{"embeddable":true,"href":"http:\/\/cristoreyjaen.com\/index.php\/wp-json\/wp\/v2\/users\/1"}],"replies":[{"embeddable":true,"href":"http:\/\/cristoreyjaen.com\/index.php\/wp-json\/wp\/v2\/comments?post=4567"}],"version-history":[{"count":4,"href":"http:\/\/cristoreyjaen.com\/index.php\/wp-json\/wp\/v2\/pages\/4567\/revisions"}],"predecessor-version":[{"id":4613,"href":"http:\/\/cristoreyjaen.com\/index.php\/wp-json\/wp\/v2\/pages\/4567\/revisions\/4613"}],"wp:featuredmedia":[{"embeddable":true,"href":"http:\/\/cristoreyjaen.com\/index.php\/wp-json\/wp\/v2\/media\/4560"}],"wp:attachment":[{"href":"http:\/\/cristoreyjaen.com\/index.php\/wp-json\/wp\/v2\/media?parent=4567"}],"curies":[{"name":"wp","href":"https:\/\/api.w.org\/{rel}","templated":true}]}}