{"id":4610,"date":"2026-02-09T14:16:20","date_gmt":"2026-02-09T13:16:20","guid":{"rendered":"http:\/\/cristoreyjaen.com\/?page_id=4610"},"modified":"2026-02-09T14:16:20","modified_gmt":"2026-02-09T13:16:20","slug":"plan-lector","status":"publish","type":"page","link":"http:\/\/cristoreyjaen.com\/index.php\/plan-lector\/","title":{"rendered":"Plan lector"},"content":{"rendered":"<p>[et_pb_section fb_built=\u00bb1&#8243; theme_builder_area=\u00bbpost_content\u00bb _builder_version=\u00bb4.27.5&#8243; _module_preset=\u00bbdefault\u00bb][et_pb_row _builder_version=\u00bb4.27.0&#8243; _module_preset=\u00bbdefault\u00bb background_color=\u00bb#FFFFFF\u00bb width=\u00bb95%\u00bb box_shadow_style=\u00bbpreset3&#8243; box_shadow_vertical=\u00bb60px\u00bb box_shadow_blur=\u00bb60px\u00bb box_shadow_spread=\u00bb0px\u00bb box_shadow_color=\u00bbrgba(14,15,43,0.1)\u00bb locked=\u00bboff\u00bb global_colors_info=\u00bb{}\u00bb theme_builder_area=\u00bbpost_content\u00bb][et_pb_column type=\u00bb4_4&#8243; _builder_version=\u00bb4.16&#8243; _module_preset=\u00bbdefault\u00bb custom_padding=\u00bb40px|40px|40px|40px|true|true\u00bb custom_padding_tablet=\u00bb30px|30px|30px|30px|true|true\u00bb custom_padding_phone=\u00bb20px|20px|20px|20px|true|true\u00bb custom_padding_last_edited=\u00bbon|phone\u00bb global_colors_info=\u00bb{}\u00bb theme_builder_area=\u00bbpost_content\u00bb][et_pb_text _builder_version=\u00bb4.16&#8243; _module_preset=\u00bb003e9429-8e11-4d9e-968b-8881092bbf81&#8243; header_2_font=\u00bbRoboto|500|||||||\u00bb header_2_text_align=\u00bbcenter\u00bb header_2_text_color=\u00bb#000000&#8243; header_2_font_size=\u00bb40px\u00bb header_2_line_height=\u00bb1.2em\u00bb custom_margin=\u00bb||0px||false|false\u00bb header_2_font_size_tablet=\u00bb30px\u00bb header_2_font_size_phone=\u00bb20px\u00bb header_2_font_size_last_edited=\u00bbon|desktop\u00bb locked=\u00bboff\u00bb global_colors_info=\u00bb{}\u00bb theme_builder_area=\u00bbpost_content\u00bb][\/et_pb_text][et_pb_text _builder_version=\u00bb4.27.5&#8243; _module_preset=\u00bb7262e956-c376-4aa6-9642-c413f71527d0&#8243; text_line_height=\u00bb1.8em\u00bb text_orientation=\u00bbcenter\u00bb header_font_size_tablet=\u00bb55px\u00bb header_font_size_last_edited=\u00bboff|desktop\u00bb locked=\u00bboff\u00bb global_colors_info=\u00bb{}\u00bb theme_builder_area=\u00bbpost_content\u00bb]<\/p>\n<div class=\"elementToProof\" style=\"text-align: justify;\">El prop\u00f3sito central de nuestro plan de lectura 2025-2026 es el de desarrollar estrategias que permitan a los alumnos\/as<br \/>consolidarse como lectores eficientes y cr\u00edticos para lograr esa afici\u00f3n a la lectura tan deseada. Esto implica potenciar la capacidad para plantearse objetivos, identificar las ideas principales, los hechos y los detalles importantes, desarrollar la realizaci\u00f3n de estrategias que permitan llegar a conclusiones y formular hip\u00f3tesis, de forma oral o escrita, y aprender a planificar, auto-cuestionarse, corregirse\u2026<br \/>Por todo ello, el rol del docente es esencial, ya que debe ser el motor que gu\u00ede al alumnado en su viaje por la lectura, anim\u00e1ndole a aprender con cada libro y abri\u00e9ndole la puerta a otros mundos.<\/div>\n<p>[\/et_pb_text][\/et_pb_column][\/et_pb_row][et_pb_row _builder_version=\u00bb4.27.5&#8243; _module_preset=\u00bbdefault\u00bb locked=\u00bboff\u00bb global_colors_info=\u00bb{}\u00bb theme_builder_area=\u00bbpost_content\u00bb][et_pb_column type=\u00bb4_4&#8243; _builder_version=\u00bb4.27.5&#8243; _module_preset=\u00bbdefault\u00bb global_colors_info=\u00bb{}\u00bb theme_builder_area=\u00bbpost_content\u00bb][et_pb_image src=\u00bbhttp:\/\/cristoreyjaen.com\/wp-content\/uploads\/2024\/09\/H-Plan-lector.jpg\u00bb title_text=\u00bbH Plan lector\u00bb _builder_version=\u00bb4.27.5&#8243; _module_preset=\u00bbdefault\u00bb hover_enabled=\u00bb0&#8243; global_colors_info=\u00bb{}\u00bb theme_builder_area=\u00bbpost_content\u00bb sticky_enabled=\u00bb0&#8243;][\/et_pb_image][\/et_pb_column][\/et_pb_row][\/et_pb_section]<\/p>\n","protected":false},"excerpt":{"rendered":"<p>El prop\u00f3sito central de nuestro plan de lectura 2025-2026 es el de desarrollar estrategias que permitan a los alumnos\/asconsolidarse como lectores eficientes y cr\u00edticos para lograr esa afici\u00f3n a la lectura tan deseada. Esto implica potenciar la capacidad para plantearse objetivos, identificar las ideas principales, los hechos y los detalles importantes, desarrollar la realizaci\u00f3n de [&hellip;]<\/p>\n","protected":false},"author":1,"featured_media":0,"parent":0,"menu_order":0,"comment_status":"closed","ping_status":"closed","template":"","meta":{"_et_pb_use_builder":"on","_et_pb_old_content":"","_et_gb_content_width":"","footnotes":""},"class_list":["post-4610","page","type-page","status-publish","hentry"],"_links":{"self":[{"href":"http:\/\/cristoreyjaen.com\/index.php\/wp-json\/wp\/v2\/pages\/4610","targetHints":{"allow":["GET"]}}],"collection":[{"href":"http:\/\/cristoreyjaen.com\/index.php\/wp-json\/wp\/v2\/pages"}],"about":[{"href":"http:\/\/cristoreyjaen.com\/index.php\/wp-json\/wp\/v2\/types\/page"}],"author":[{"embeddable":true,"href":"http:\/\/cristoreyjaen.com\/index.php\/wp-json\/wp\/v2\/users\/1"}],"replies":[{"embeddable":true,"href":"http:\/\/cristoreyjaen.com\/index.php\/wp-json\/wp\/v2\/comments?post=4610"}],"version-history":[{"count":2,"href":"http:\/\/cristoreyjaen.com\/index.php\/wp-json\/wp\/v2\/pages\/4610\/revisions"}],"predecessor-version":[{"id":4615,"href":"http:\/\/cristoreyjaen.com\/index.php\/wp-json\/wp\/v2\/pages\/4610\/revisions\/4615"}],"wp:attachment":[{"href":"http:\/\/cristoreyjaen.com\/index.php\/wp-json\/wp\/v2\/media?parent=4610"}],"curies":[{"name":"wp","href":"https:\/\/api.w.org\/{rel}","templated":true}]}}