{"id":467,"date":"2017-02-17T13:24:19","date_gmt":"2017-02-17T12:24:19","guid":{"rendered":"http:\/\/nueva.cristoreyjaen.com\/?page_id=467"},"modified":"2021-02-02T13:50:52","modified_gmt":"2021-02-02T12:50:52","slug":"orientacion","status":"publish","type":"page","link":"http:\/\/cristoreyjaen.com\/index.php\/otros\/orientacion\/","title":{"rendered":"Orientaci\u00f3n"},"content":{"rendered":"\n<p class=\"has-text-align-center\"><a href=\"https:\/\/docs.google.com\/forms\/d\/1tPtMJecv3YFPAZQbdTvrJY9RgXvlU0JQ27y4cWWdmqU\/edit?usp=drivesdk\">Cuestionario desc\u00fabrete<\/a><\/p>\n\n\n<p><strong style=\"line-height: 1.538em;\">Documentos de inter\u00e9s<\/strong><\/p>\n<p><span style=\"font-size: medium;\"><strong style=\"line-height: 1.538em;\"><span style=\"font-family: Times; font-weight: normal; line-height: normal;\"><a style=\"font-size: 24pt;\" href=\"http:\/\/blogsaverroes.juntadeandalucia.es\/salonvirtualdelestudiante\/\">Salon Virtual del Estudiante<\/a><\/span><\/strong><\/span><\/p>\n<p><span style=\"font-size: medium;\"><strong style=\"line-height: 1.538em;\"><span style=\"font-family: Times; font-weight: normal; line-height: normal;\"><strong style=\"line-height: 1.538em;\"><span style=\"font-family: Times; font-weight: normal; line-height: normal;\"><a style=\"font-size: 24pt;\" href=\"https:\/\/mega.nz\/#!ugVwDATY!4EvSmbt1bqpwCmtpKoJu_l41dbDXlbAurPKvwityX6Q\" target=\"_blank\" rel=\"noopener\">Presentaci\u00f3n 2\u00ba Bachillerato<\/a><\/span><\/strong><\/span><\/strong><\/span><\/p>\n<p><a href=\"https:\/\/mega.nz\/#!z5N23LCY!mCPk5KV5CiixT5hXke_4m9Vp8vPk1cybUU4WsysxXsY\"><img loading=\"lazy\" decoding=\"async\" class=\"wp-image-479 size-medium alignleft\" src=\"http:\/\/nueva.cristoreyjaen.com\/wp-content\/uploads\/2017\/02\/Orienta_ESO-212x300.png\" width=\"212\" height=\"300\" srcset=\"http:\/\/cristoreyjaen.com\/wp-content\/uploads\/2017\/02\/Orienta_ESO-212x300.png 212w, http:\/\/cristoreyjaen.com\/wp-content\/uploads\/2017\/02\/Orienta_ESO.png 372w\" sizes=\"(max-width: 212px) 100vw, 212px\" \/><\/a> <a href=\"http:\/\/nueva.cristoreyjaen.com\/wp-content\/uploads\/2017\/02\/Orienta_Bachillerato.pdf\"><img loading=\"lazy\" decoding=\"async\" class=\"alignnone wp-image-480 size-medium\" src=\"http:\/\/nueva.cristoreyjaen.com\/wp-content\/uploads\/2017\/02\/Orienta_Bachillerato-190x300.png\" width=\"190\" height=\"300\" srcset=\"http:\/\/cristoreyjaen.com\/wp-content\/uploads\/2017\/02\/Orienta_Bachillerato-190x300.png 190w, http:\/\/cristoreyjaen.com\/wp-content\/uploads\/2017\/02\/Orienta_Bachillerato.png 205w\" sizes=\"(max-width: 190px) 100vw, 190px\" \/><\/a><\/p>\n<p><strong>&nbsp;*<\/strong>Gu\u00eda de Orientaci\u00f3n para cuarto de la E.S.O. actualizada al presente curso<\/p>\n<p><strong>Orientaci\u00f3n para Padres<\/strong><\/p>\n<p><a href=\"http:\/\/ntic.educacion.es\/w3\/recursos2\/e_padres\/1_etapas.htm\">Las etapas evolutivas de los hijos<\/a> &nbsp; &nbsp;<span style=\"line-height: 1.538em;\"><a href=\"http:\/\/ntic.educacion.es\/w3\/recursos2\/e_padres\/2_ambiente.htm\">Ambiente Familiar<\/a> &nbsp; &nbsp;<\/span><a href=\"http:\/\/ntic.educacion.es\/w3\/recursos2\/e_padres\/3_tiempo_libre.htm\"><span style=\"line-height: 1.538em;\">El tiempo libre en la familia<\/span><\/a><\/p>\n<p><a href=\"http:\/\/ntic.educacion.es\/w3\/recursos2\/e_padres\/4_estudios.htm\">Los estudios de los hijos<\/a> &nbsp; &nbsp;<span style=\"line-height: 1.538em;\"><a href=\"http:\/\/ntic.educacion.es\/w3\/recursos2\/e_padres\/5_entorno.htm\">El entorno que nos rodea<\/a> &nbsp; &nbsp;<\/span><a href=\"http:\/\/ntic.educacion.es\/w3\/recursos2\/e_padres\/6_objetivos_educ.htm\"><span style=\"line-height: 1.538em;\">Objetivos educativos de los padres<\/span><\/a><\/p>\n","protected":false},"excerpt":{"rendered":"<p>Cuestionario desc\u00fabrete Documentos de inter\u00e9s Salon Virtual del Estudiante Presentaci\u00f3n 2\u00ba Bachillerato &nbsp;*Gu\u00eda de Orientaci\u00f3n para cuarto de la E.S.O. actualizada al presente curso Orientaci\u00f3n para Padres Las etapas evolutivas de los hijos &nbsp; &nbsp;Ambiente Familiar &nbsp; &nbsp;El tiempo libre en la familia Los estudios de los hijos &nbsp; &nbsp;El entorno que nos rodea &nbsp; [&hellip;]<\/p>\n","protected":false},"author":1,"featured_media":0,"parent":464,"menu_order":1,"comment_status":"closed","ping_status":"closed","template":"","meta":{"_et_pb_use_builder":"","_et_pb_old_content":"","_et_gb_content_width":"","footnotes":""},"class_list":["post-467","page","type-page","status-publish","hentry"],"_links":{"self":[{"href":"http:\/\/cristoreyjaen.com\/index.php\/wp-json\/wp\/v2\/pages\/467","targetHints":{"allow":["GET"]}}],"collection":[{"href":"http:\/\/cristoreyjaen.com\/index.php\/wp-json\/wp\/v2\/pages"}],"about":[{"href":"http:\/\/cristoreyjaen.com\/index.php\/wp-json\/wp\/v2\/types\/page"}],"author":[{"embeddable":true,"href":"http:\/\/cristoreyjaen.com\/index.php\/wp-json\/wp\/v2\/users\/1"}],"replies":[{"embeddable":true,"href":"http:\/\/cristoreyjaen.com\/index.php\/wp-json\/wp\/v2\/comments?post=467"}],"version-history":[{"count":9,"href":"http:\/\/cristoreyjaen.com\/index.php\/wp-json\/wp\/v2\/pages\/467\/revisions"}],"predecessor-version":[{"id":2544,"href":"http:\/\/cristoreyjaen.com\/index.php\/wp-json\/wp\/v2\/pages\/467\/revisions\/2544"}],"up":[{"embeddable":true,"href":"http:\/\/cristoreyjaen.com\/index.php\/wp-json\/wp\/v2\/pages\/464"}],"wp:attachment":[{"href":"http:\/\/cristoreyjaen.com\/index.php\/wp-json\/wp\/v2\/media?parent=467"}],"curies":[{"name":"wp","href":"https:\/\/api.w.org\/{rel}","templated":true}]}}