{"id":592,"date":"2017-10-04T11:10:26","date_gmt":"2017-10-04T09:10:26","guid":{"rendered":"http:\/\/cristoreyjaen.com\/index.php\/politica-de-cookies\/"},"modified":"2025-10-23T10:59:48","modified_gmt":"2025-10-23T08:59:48","slug":"politica-de-cookies","status":"publish","type":"page","link":"http:\/\/cristoreyjaen.com\/index.php\/politica-de-cookies\/","title":{"rendered":"Pol\u00edtica de cookies"},"content":{"rendered":"<div class=\"d-flex justify-content-between mb-3\">\n<h2 class=\"text-semi-lg mr-3 mb-0\">Necesario<\/h2>\n<\/div>\n<div class=\"description mb-4\">\n<p>Las cookies necesarias son absolutamente esenciales para que el sitio web funcione correctamente. Estas cookies garantizan funcionalidades b\u00e1sicas y caracter\u00edsticas de seguridad del sitio web, de forma an\u00f3nima.<\/p>\n<\/div>\n<div id=\"__BVID__230\" class=\"tabs cookies-script-tab\">\n<div id=\"__BVID__230__BV_tab_container_\" class=\"tab-content mt-3 position-relative\">\n<div id=\"__BVID__231\" class=\"tab-pane active\" role=\"tabpanel\" aria-hidden=\"false\" aria-labelledby=\"__BVID__231___BV_tab_button__\">\n<div>\n<div>\n<div class=\"text-muted font-weight-semibold\">Discovered Cookies<\/div>\n<div class=\"table-responsive\">\n<table class=\"table table-separated table-separated-inverse\">\n<tbody>\n<tr>\n<td class=\"px-0\">\n<table>\n<thead>\n<tr>\n<th class=\"border-0\">Cookie Id<\/th>\n<th class=\"border-0\">Domain<\/th>\n<th class=\"border-0\">Duration<\/th>\n<th class=\"border-0\">\n<div id=\"__BVID__234\" class=\"dropdown b-dropdown more-option-btn btn-group\"><\/div>\n<\/th>\n<\/tr>\n<\/thead>\n<tbody>\n<tr>\n<td>VISITOR_PRIVACY_METADATA<\/td>\n<td>.youtube.com<\/td>\n<td class=\"\">6 months<\/td>\n<\/tr>\n<\/tbody>\n<\/table>\n<table>\n<thead>\n<tr>\n<th class=\"border-0\">Description<\/th>\n<\/tr>\n<\/thead>\n<tbody>\n<tr>\n<td class=\"\">YouTube sets this cookie to store the user&#8217;s cookie consent state for the current domain.<\/td>\n<\/tr>\n<\/tbody>\n<\/table>\n<table>\n<thead>\n<tr>\n<th class=\"border-0\">Script URL pattern<\/th>\n<\/tr>\n<\/thead>\n<tbody>\n<tr>\n<td class=\"\">\n<p class=\"mb-2\">youtube.com<\/p>\n<\/td>\n<\/tr>\n<\/tbody>\n<\/table>\n<\/td>\n<\/tr>\n<\/tbody>\n<\/table>\n<\/div>\n<\/div>\n<\/div>\n<\/div>\n<\/div>\n<\/div>\n<div class=\"d-flex justify-content-between mb-3\">\n<h2><\/h2>\n<h2 class=\"text-semi-lg mr-3 mb-0\">Funcional<\/h2>\n<div class=\"add-cookie cursor-pointer\">\n<p class=\"mb-0 ml-2 text-primary text-semi-lg\"><span style=\"font-size: revert;\">Las cookies funcionales ayudan a realizar ciertas funcionalidades, como compartir el contenido del sitio web en plataformas de redes sociales, recopilar comentarios y otras funciones de terceros.<\/span><\/p>\n<\/div>\n<\/div>\n<div id=\"__BVID__242\" class=\"tabs cookies-script-tab\">\n<div id=\"__BVID__242__BV_tab_container_\" class=\"tab-content mt-3 position-relative\">\n<div id=\"__BVID__243\" class=\"tab-pane active\" role=\"tabpanel\" aria-hidden=\"false\" aria-labelledby=\"__BVID__243___BV_tab_button__\">\n<div>\n<div>\n<div class=\"text-muted font-weight-semibold\">Discovered Cookies<\/div>\n<div class=\"table-responsive\">\n<table class=\"table table-separated table-separated-inverse\">\n<tbody>\n<tr>\n<td class=\"px-0\">\n<table>\n<thead>\n<tr>\n<th class=\"border-0\">Cookie Id<\/th>\n<th class=\"border-0\">Domain<\/th>\n<th class=\"border-0\">Duration<\/th>\n<th class=\"border-0\">\n<div id=\"__BVID__246\" class=\"dropdown b-dropdown more-option-btn btn-group\"><\/div>\n<\/th>\n<\/tr>\n<\/thead>\n<tbody>\n<tr>\n<td>VISITOR_INFO1_LIVE<\/td>\n<td>.youtube.com<\/td>\n<td class=\"\">6 months<\/td>\n<\/tr>\n<\/tbody>\n<\/table>\n<table>\n<thead>\n<tr>\n<th class=\"border-0\">Description<\/th>\n<\/tr>\n<\/thead>\n<tbody>\n<tr>\n<td class=\"\">A cookie set by YouTube to measure bandwidth that determines whether the user gets the new or old player interface.<\/td>\n<\/tr>\n<\/tbody>\n<\/table>\n<table>\n<thead>\n<tr>\n<th class=\"border-0\">Script URL pattern<\/th>\n<\/tr>\n<\/thead>\n<tbody>\n<tr>\n<td class=\"\">\n<p class=\"mb-2\">youtube.com<\/p>\n<\/td>\n<\/tr>\n<\/tbody>\n<\/table>\n<\/td>\n<\/tr>\n<tr>\n<td class=\"px-0\">\n<table>\n<thead>\n<tr>\n<th class=\"border-0\">Cookie Id<\/th>\n<th class=\"border-0\">Domain<\/th>\n<th class=\"border-0\">Duration<\/th>\n<th class=\"border-0\">\n<div id=\"__BVID__251\" class=\"dropdown b-dropdown more-option-btn btn-group\"><\/div>\n<\/th>\n<\/tr>\n<\/thead>\n<tbody>\n<tr>\n<td>yt-remote-connected-devices<\/td>\n<td>youtube.com<\/td>\n<td class=\"\">Never Expires<\/td>\n<\/tr>\n<\/tbody>\n<\/table>\n<table>\n<thead>\n<tr>\n<th class=\"border-0\">Description<\/th>\n<\/tr>\n<\/thead>\n<tbody>\n<tr>\n<td class=\"\">YouTube sets this cookie to store the user&#8217;s video preferences using embedded YouTube videos.<\/td>\n<\/tr>\n<\/tbody>\n<\/table>\n<table>\n<thead>\n<tr>\n<th class=\"border-0\">Script URL pattern<\/th>\n<\/tr>\n<\/thead>\n<tbody>\n<tr>\n<td class=\"\">\n<p class=\"mb-2\">youtube.com<\/p>\n<\/td>\n<\/tr>\n<\/tbody>\n<\/table>\n<\/td>\n<\/tr>\n<tr>\n<td class=\"px-0\">\n<table>\n<thead>\n<tr>\n<th class=\"border-0\">Cookie Id<\/th>\n<th class=\"border-0\">Domain<\/th>\n<th class=\"border-0\">Duration<\/th>\n<th class=\"border-0\">\n<div id=\"__BVID__256\" class=\"dropdown b-dropdown more-option-btn btn-group\"><\/div>\n<\/th>\n<\/tr>\n<\/thead>\n<tbody>\n<tr>\n<td>ytidb::LAST_RESULT_ENTRY_KEY<\/td>\n<td>youtube.com<\/td>\n<td class=\"\">Never Expires<\/td>\n<\/tr>\n<\/tbody>\n<\/table>\n<table>\n<thead>\n<tr>\n<th class=\"border-0\">Description<\/th>\n<\/tr>\n<\/thead>\n<tbody>\n<tr>\n<td class=\"\">The cookie ytidb::LAST_RESULT_ENTRY_KEY is used by YouTube to store the last search result entry that was clicked by the user. This information is used to improve the user experience by providing more relevant search results in the future.<\/td>\n<\/tr>\n<\/tbody>\n<\/table>\n<table>\n<thead>\n<tr>\n<th class=\"border-0\">Script URL pattern<\/th>\n<\/tr>\n<\/thead>\n<tbody>\n<tr>\n<td class=\"\">\n<p class=\"mb-2\">youtube.com<\/p>\n<\/td>\n<\/tr>\n<\/tbody>\n<\/table>\n<\/td>\n<\/tr>\n<tr>\n<td class=\"px-0\">\n<table>\n<thead>\n<tr>\n<th class=\"border-0\">Cookie Id<\/th>\n<th class=\"border-0\">Domain<\/th>\n<th class=\"border-0\">Duration<\/th>\n<th class=\"border-0\">\n<div id=\"__BVID__261\" class=\"dropdown b-dropdown more-option-btn btn-group\"><\/div>\n<\/th>\n<\/tr>\n<\/thead>\n<tbody>\n<tr>\n<td>yt-remote-device-id<\/td>\n<td>youtube.com<\/td>\n<td class=\"\">Never Expires<\/td>\n<\/tr>\n<\/tbody>\n<\/table>\n<table>\n<thead>\n<tr>\n<th class=\"border-0\">Description<\/th>\n<\/tr>\n<\/thead>\n<tbody>\n<tr>\n<td class=\"\">YouTube sets this cookie to store the user&#8217;s video preferences using embedded YouTube videos.<\/td>\n<\/tr>\n<\/tbody>\n<\/table>\n<table>\n<thead>\n<tr>\n<th class=\"border-0\">Script URL pattern<\/th>\n<\/tr>\n<\/thead>\n<tbody>\n<tr>\n<td class=\"\">\n<p class=\"mb-2\">youtube.com<\/p>\n<\/td>\n<\/tr>\n<\/tbody>\n<\/table>\n<\/td>\n<\/tr>\n<tr>\n<td class=\"px-0\">\n<table>\n<thead>\n<tr>\n<th class=\"border-0\">Cookie Id<\/th>\n<th class=\"border-0\">Domain<\/th>\n<th class=\"border-0\">Duration<\/th>\n<th class=\"border-0\">\n<div id=\"__BVID__266\" class=\"dropdown b-dropdown more-option-btn btn-group\"><\/div>\n<\/th>\n<\/tr>\n<\/thead>\n<tbody>\n<tr>\n<td>yt-remote-session-name<\/td>\n<td>youtube.com<\/td>\n<td class=\"\">session<\/td>\n<\/tr>\n<\/tbody>\n<\/table>\n<table>\n<thead>\n<tr>\n<th class=\"border-0\">Description<\/th>\n<\/tr>\n<\/thead>\n<tbody>\n<tr>\n<td class=\"\">The yt-remote-session-name cookie is used by YouTube to store the user&#8217;s video player preferences using embedded YouTube video.<\/td>\n<\/tr>\n<\/tbody>\n<\/table>\n<table>\n<thead>\n<tr>\n<th class=\"border-0\">Script URL pattern<\/th>\n<\/tr>\n<\/thead>\n<tbody>\n<tr>\n<td class=\"\">\n<p class=\"mb-2\">youtube.com<\/p>\n<\/td>\n<\/tr>\n<\/tbody>\n<\/table>\n<\/td>\n<\/tr>\n<tr>\n<td class=\"px-0\">\n<table>\n<thead>\n<tr>\n<th class=\"border-0\">Cookie Id<\/th>\n<th class=\"border-0\">Domain<\/th>\n<th class=\"border-0\">Duration<\/th>\n<th class=\"border-0\">\n<div id=\"__BVID__271\" class=\"dropdown b-dropdown more-option-btn btn-group\"><\/div>\n<\/th>\n<\/tr>\n<\/thead>\n<tbody>\n<tr>\n<td>yt-remote-session-app<\/td>\n<td>youtube.com<\/td>\n<td class=\"\">session<\/td>\n<\/tr>\n<\/tbody>\n<\/table>\n<table>\n<thead>\n<tr>\n<th class=\"border-0\">Description<\/th>\n<\/tr>\n<\/thead>\n<tbody>\n<tr>\n<td class=\"\">The yt-remote-session-app cookie is used by YouTube to store user preferences and information about the interface of the embedded YouTube video player.<\/td>\n<\/tr>\n<\/tbody>\n<\/table>\n<table>\n<thead>\n<tr>\n<th class=\"border-0\">Script URL pattern<\/th>\n<\/tr>\n<\/thead>\n<tbody>\n<tr>\n<td class=\"\">\n<p class=\"mb-2\">youtube.com<\/p>\n<\/td>\n<\/tr>\n<\/tbody>\n<\/table>\n<\/td>\n<\/tr>\n<tr>\n<td class=\"px-0\">\n<table>\n<thead>\n<tr>\n<th class=\"border-0\">Cookie Id<\/th>\n<th class=\"border-0\">Domain<\/th>\n<th class=\"border-0\">Duration<\/th>\n<th class=\"border-0\">\n<div id=\"__BVID__276\" class=\"dropdown b-dropdown more-option-btn btn-group\"><\/div>\n<\/th>\n<\/tr>\n<\/thead>\n<tbody>\n<tr>\n<td>yt-remote-fast-check-period<\/td>\n<td>youtube.com<\/td>\n<td class=\"\">session<\/td>\n<\/tr>\n<\/tbody>\n<\/table>\n<table>\n<thead>\n<tr>\n<th class=\"border-0\">Description<\/th>\n<\/tr>\n<\/thead>\n<tbody>\n<tr>\n<td class=\"\">The yt-remote-fast-check-period cookie is used by YouTube to store the user&#8217;s video player preferences for embedded YouTube videos.<\/td>\n<\/tr>\n<\/tbody>\n<\/table>\n<table>\n<thead>\n<tr>\n<th class=\"border-0\">Script URL pattern<\/th>\n<\/tr>\n<\/thead>\n<tbody>\n<tr>\n<td class=\"\">\n<p class=\"mb-2\">youtube.com<\/p>\n<\/td>\n<\/tr>\n<\/tbody>\n<\/table>\n<\/td>\n<\/tr>\n<tr>\n<td class=\"px-0\">\n<table>\n<thead>\n<tr>\n<th class=\"border-0\">Cookie Id<\/th>\n<th class=\"border-0\">Domain<\/th>\n<th class=\"border-0\">Duration<\/th>\n<th class=\"border-0\">\n<div id=\"__BVID__281\" class=\"dropdown b-dropdown more-option-btn btn-group\"><\/div>\n<\/th>\n<\/tr>\n<\/thead>\n<tbody>\n<tr>\n<td>yt-remote-cast-installed<\/td>\n<td>youtube.com<\/td>\n<td class=\"\">session<\/td>\n<\/tr>\n<\/tbody>\n<\/table>\n<table>\n<thead>\n<tr>\n<th class=\"border-0\">Description<\/th>\n<\/tr>\n<\/thead>\n<tbody>\n<tr>\n<td class=\"\">The yt-remote-cast-installed cookie is used to store the user&#8217;s video player preferences using embedded YouTube video.<\/td>\n<\/tr>\n<\/tbody>\n<\/table>\n<table>\n<thead>\n<tr>\n<th class=\"border-0\">Script URL pattern<\/th>\n<\/tr>\n<\/thead>\n<tbody>\n<tr>\n<td class=\"\">\n<p class=\"mb-2\">youtube.com<\/p>\n<\/td>\n<\/tr>\n<\/tbody>\n<\/table>\n<\/td>\n<\/tr>\n<\/tbody>\n<\/table>\n<\/div>\n<\/div>\n<\/div>\n<\/div>\n<\/div>\n<\/div>\n<div class=\"d-flex justify-content-between mb-3\">\n<h2><\/h2>\n<h2 class=\"text-semi-lg mr-3 mb-0\">Anal\u00edtica<\/h2>\n<\/div>\n<div class=\"description mb-4\">\n<p>Las cookies anal\u00edticas se utilizan para comprender c\u00f3mo interact\u00faan los visitantes con el sitio web. Estas cookies ayudan a proporcionar informaci\u00f3n sobre m\u00e9tricas: n\u00famero de visitantes, tasa de rebote, fuente de tr\u00e1fico, etc.<\/p>\n<\/div>\n<div id=\"__BVID__289\" class=\"tabs cookies-script-tab\">\n<div id=\"__BVID__289__BV_tab_container_\" class=\"tab-content mt-3 position-relative\">\n<div id=\"__BVID__290\" class=\"tab-pane active\" role=\"tabpanel\" aria-hidden=\"false\" aria-labelledby=\"__BVID__290___BV_tab_button__\">\n<div>\n<div>\n<div class=\"text-muted font-weight-semibold\">Discovered Cookies<\/div>\n<div class=\"table-responsive\">\n<table class=\"table table-separated table-separated-inverse\">\n<tbody>\n<tr>\n<td class=\"px-0\">\n<table>\n<thead>\n<tr>\n<th class=\"border-0\">Cookie Id<\/th>\n<th class=\"border-0\">Domain<\/th>\n<th class=\"border-0\">Duration<\/th>\n<th class=\"border-0\">\n<div id=\"__BVID__293\" class=\"dropdown b-dropdown more-option-btn btn-group\"><\/div>\n<\/th>\n<\/tr>\n<\/thead>\n<tbody>\n<tr>\n<td>YSC<\/td>\n<td>.youtube.com<\/td>\n<td class=\"\">session<\/td>\n<\/tr>\n<\/tbody>\n<\/table>\n<table>\n<thead>\n<tr>\n<th class=\"border-0\">Description<\/th>\n<\/tr>\n<\/thead>\n<tbody>\n<tr>\n<td class=\"\">YSC cookie is set by Youtube and is used to track the views of embedded videos on Youtube pages.<\/td>\n<\/tr>\n<\/tbody>\n<\/table>\n<table>\n<thead>\n<tr>\n<th class=\"border-0\">Script URL pattern<\/th>\n<\/tr>\n<\/thead>\n<tbody>\n<tr>\n<td class=\"\">\n<p class=\"mb-2\">youtube.com<\/p>\n<\/td>\n<\/tr>\n<\/tbody>\n<\/table>\n<\/td>\n<\/tr>\n<\/tbody>\n<\/table>\n<\/div>\n<\/div>\n<\/div>\n<\/div>\n<\/div>\n<\/div>\n<div class=\"d-flex justify-content-between mb-3\">\n<h2><\/h2>\n<h2 class=\"text-semi-lg mr-3 mb-0\">Otros<\/h2>\n<\/div>\n<div class=\"description mb-4\">\n<p>Otras cookies no categorizadas son aquellas que est\u00e1n siendo analizadas y a\u00fan no han sido clasificadas en ninguna categor\u00eda.<\/p>\n<\/div>\n<div id=\"__BVID__317\" class=\"tabs cookies-script-tab\">\n<div id=\"__BVID__317__BV_tab_container_\" class=\"tab-content mt-3 position-relative\">\n<div id=\"__BVID__318\" class=\"tab-pane active\" role=\"tabpanel\" aria-hidden=\"false\" aria-labelledby=\"__BVID__318___BV_tab_button__\">\n<div>\n<div>\n<div class=\"text-muted font-weight-semibold\">Discovered Cookies<\/div>\n<div class=\"table-responsive\">\n<table class=\"table table-separated table-separated-inverse\">\n<tbody>\n<tr>\n<td class=\"px-0 alert-banner-border\">\n<table>\n<thead>\n<tr>\n<th class=\"border-0\">Cookie Id<\/th>\n<th class=\"border-0\">Domain<\/th>\n<th class=\"border-0\">Duration<\/th>\n<th class=\"border-0\">\n<div id=\"__BVID__321\" class=\"dropdown b-dropdown more-option-btn btn-group\"><\/div>\n<\/th>\n<\/tr>\n<\/thead>\n<tbody>\n<tr>\n<td>__Secure-ROLLOUT_TOKEN<\/td>\n<td>.youtube.com<\/td>\n<td class=\"\">6 months<\/td>\n<\/tr>\n<\/tbody>\n<\/table>\n<table>\n<thead>\n<tr>\n<th class=\"border-0\">Description<\/th>\n<\/tr>\n<\/thead>\n<tbody>\n<tr>\n<td class=\"\">Description is currently not available.<\/td>\n<\/tr>\n<\/tbody>\n<\/table>\n<table>\n<thead>\n<tr>\n<th class=\"border-0\">\u00a0Script URL pattern<\/th>\n<\/tr>\n<\/thead>\n<tbody>\n<tr>\n<td class=\"\">\n<p class=\"mb-2\">Not available<\/p>\n<\/td>\n<\/tr>\n<\/tbody>\n<\/table>\n<\/td>\n<\/tr>\n<tr>\n<td class=\"px-0 alert-banner-border\">\n<table>\n<thead>\n<tr>\n<th class=\"border-0\">Cookie Id<\/th>\n<th class=\"border-0\">Domain<\/th>\n<th class=\"border-0\">Duration<\/th>\n<th class=\"border-0\">\n<div id=\"__BVID__328\" class=\"dropdown b-dropdown more-option-btn btn-group\"><\/div>\n<\/th>\n<\/tr>\n<\/thead>\n<tbody>\n<tr>\n<td>__Secure-YEC<\/td>\n<td>.youtube.com<\/td>\n<td class=\"\">past<\/td>\n<\/tr>\n<\/tbody>\n<\/table>\n<table>\n<thead>\n<tr>\n<th class=\"border-0\">Description<\/th>\n<\/tr>\n<\/thead>\n<tbody>\n<tr>\n<td class=\"\">Description is currently not available.<\/td>\n<\/tr>\n<\/tbody>\n<\/table>\n<table>\n<thead>\n<tr>\n<th class=\"border-0\">\u00a0Script URL pattern<\/th>\n<\/tr>\n<\/thead>\n<tbody>\n<tr>\n<td class=\"\">\n<p class=\"mb-2\">Not available<\/p>\n<\/td>\n<\/tr>\n<\/tbody>\n<\/table>\n<\/td>\n<\/tr>\n<\/tbody>\n<\/table>\n<\/div>\n<\/div>\n<\/div>\n<\/div>\n<\/div>\n<\/div>\n","protected":false},"excerpt":{"rendered":"<p>Necesario Las cookies necesarias son absolutamente esenciales para que el sitio web funcione correctamente. Estas cookies garantizan funcionalidades b\u00e1sicas y caracter\u00edsticas de seguridad del sitio web, de forma an\u00f3nima. Discovered Cookies Cookie Id Domain Duration VISITOR_PRIVACY_METADATA .youtube.com 6 months Description YouTube sets this cookie to store the user&#8217;s cookie consent state for the current domain. [&hellip;]<\/p>\n","protected":false},"author":1,"featured_media":0,"parent":0,"menu_order":0,"comment_status":"closed","ping_status":"closed","template":"","meta":{"_et_pb_use_builder":"","_et_pb_old_content":"","_et_gb_content_width":"","footnotes":""},"class_list":["post-592","page","type-page","status-publish","hentry"],"_links":{"self":[{"href":"http:\/\/cristoreyjaen.com\/index.php\/wp-json\/wp\/v2\/pages\/592","targetHints":{"allow":["GET"]}}],"collection":[{"href":"http:\/\/cristoreyjaen.com\/index.php\/wp-json\/wp\/v2\/pages"}],"about":[{"href":"http:\/\/cristoreyjaen.com\/index.php\/wp-json\/wp\/v2\/types\/page"}],"author":[{"embeddable":true,"href":"http:\/\/cristoreyjaen.com\/index.php\/wp-json\/wp\/v2\/users\/1"}],"replies":[{"embeddable":true,"href":"http:\/\/cristoreyjaen.com\/index.php\/wp-json\/wp\/v2\/comments?post=592"}],"version-history":[{"count":3,"href":"http:\/\/cristoreyjaen.com\/index.php\/wp-json\/wp\/v2\/pages\/592\/revisions"}],"predecessor-version":[{"id":4123,"href":"http:\/\/cristoreyjaen.com\/index.php\/wp-json\/wp\/v2\/pages\/592\/revisions\/4123"}],"wp:attachment":[{"href":"http:\/\/cristoreyjaen.com\/index.php\/wp-json\/wp\/v2\/media?parent=592"}],"curies":[{"name":"wp","href":"https:\/\/api.w.org\/{rel}","templated":true}]}}