{"id":66,"date":"2017-01-16T13:47:09","date_gmt":"2017-01-16T12:47:09","guid":{"rendered":"http:\/\/nueva.cristoreyjaen.com\/?page_id=66"},"modified":"2017-02-16T13:15:33","modified_gmt":"2017-02-16T12:15:33","slug":"quienes_somos","status":"publish","type":"page","link":"http:\/\/cristoreyjaen.com\/index.php\/institucion\/quienes_somos\/","title":{"rendered":"Qui\u00e9nes somos"},"content":{"rendered":"<p style='text-indent: 1em'>El <strong>Instituto de las Hijas de Cristo Rey<\/strong> naci\u00f3 en el siglo XIX en Granada, Espa\u00f1a. Fundadas por <strong>D. Jos\u00e9 Gras y Granollers<\/strong> para restaurar en el mundo la Soberan\u00eda de Cristo haci\u00e9ndole reinar en el coraz\u00f3n de todos los hombres.<\/p>\n<p>En entrega apasionada y sin fronteras, estamos hoy al servicio de Jesucristo Rey y de los hombres nuestros hermanos. Con fidelidad siempre creativa, estamos entregadas con entusiasmo a la <strong>misi\u00f3n confiada<\/strong> por la Iglesia: <strong>Ser ante el mundo testimonios vivos de que JESUCRISTO VIVE y REINA.<\/strong><\/p>\n<p>Nuestro camino como Hijas de Cristo Rey tiene su inicio en la experiencia carism\u00e1tica de D. Jos\u00e9 Gras y Granollers, y esta fuerza fundacional es la que envuelve y reviste todo el caminar del Instituto, dejando su impronta en la historia de m\u00e1s de un siglo.<\/p>\n<p>En fidelidad a ese carisma que se nos don\u00f3, con la pasi\u00f3n de un amor a Cristo que nos quema el alma, <strong>nuestro \u00fanico af\u00e1n es hacer presente su Reinado entre los hombres<\/strong>, y este amor nos hace ser capaces de entregar la vida, para que el mundo sienta su dulce Soberan\u00eda de amor, de paz, de gracia y de vida plena.<\/p>\n<p>Mujeres enraizadas en Cristo, Rey y Se\u00f1or. Nuestra vida fraterna en comunidad, cuyo centro es Cristo, quiere ser una alternativa a un mundo herido de soledades, y anuncio de la nueva humanidad restaurada en Cristo.<\/p>\n<p><strong>UNA MISI\u00d3N<\/strong><\/p>\n<p><strong>SER TESTIGOS<\/strong>: vivir gozosamente el hoy de nuestra historia, de nuestra consagraci\u00f3n; manifestando y mostrando al mundo, que solamente se puede ser plenamente feliz, cuando se acepta a Cristo como Rey y Se\u00f1or de la propia vida y de la historia.<\/p>\n<p><strong>SER EVANGELIZADORAS<\/strong>: educando a los ni\u00f1os y j\u00f3venes de hoy para ser felices, formando la mente en la Verdad y el coraz\u00f3n en el Bien.<\/p>\n<p><strong>SER AP\u00d3STOLES<\/strong>: dando respuestas a las necesidades de los hombres de todos los tiempos, haciendo vida en nosotras, el lema: CRISTO REINA.<\/p>\n","protected":false},"excerpt":{"rendered":"<p>El Instituto de las Hijas de Cristo Rey naci\u00f3 en el siglo XIX en Granada, Espa\u00f1a. Fundadas por D. Jos\u00e9 Gras y Granollers para restaurar en el mundo la Soberan\u00eda de Cristo haci\u00e9ndole reinar en el coraz\u00f3n de todos los hombres. En entrega apasionada y sin fronteras, estamos hoy al servicio de Jesucristo Rey y [&hellip;]<\/p>\n","protected":false},"author":1,"featured_media":0,"parent":22,"menu_order":0,"comment_status":"closed","ping_status":"closed","template":"","meta":{"_et_pb_use_builder":"","_et_pb_old_content":"","_et_gb_content_width":"","footnotes":""},"class_list":["post-66","page","type-page","status-publish","hentry"],"_links":{"self":[{"href":"http:\/\/cristoreyjaen.com\/index.php\/wp-json\/wp\/v2\/pages\/66","targetHints":{"allow":["GET"]}}],"collection":[{"href":"http:\/\/cristoreyjaen.com\/index.php\/wp-json\/wp\/v2\/pages"}],"about":[{"href":"http:\/\/cristoreyjaen.com\/index.php\/wp-json\/wp\/v2\/types\/page"}],"author":[{"embeddable":true,"href":"http:\/\/cristoreyjaen.com\/index.php\/wp-json\/wp\/v2\/users\/1"}],"replies":[{"embeddable":true,"href":"http:\/\/cristoreyjaen.com\/index.php\/wp-json\/wp\/v2\/comments?post=66"}],"version-history":[{"count":17,"href":"http:\/\/cristoreyjaen.com\/index.php\/wp-json\/wp\/v2\/pages\/66\/revisions"}],"predecessor-version":[{"id":357,"href":"http:\/\/cristoreyjaen.com\/index.php\/wp-json\/wp\/v2\/pages\/66\/revisions\/357"}],"up":[{"embeddable":true,"href":"http:\/\/cristoreyjaen.com\/index.php\/wp-json\/wp\/v2\/pages\/22"}],"wp:attachment":[{"href":"http:\/\/cristoreyjaen.com\/index.php\/wp-json\/wp\/v2\/media?parent=66"}],"curies":[{"name":"wp","href":"https:\/\/api.w.org\/{rel}","templated":true}]}}