{"id":68,"date":"2017-01-16T13:47:57","date_gmt":"2017-01-16T12:47:57","guid":{"rendered":"http:\/\/nueva.cristoreyjaen.com\/?page_id=68"},"modified":"2021-02-16T10:33:08","modified_gmt":"2021-02-16T09:33:08","slug":"fundador-jose-gras","status":"publish","type":"page","link":"http:\/\/cristoreyjaen.com\/index.php\/institucion\/fundador-jose-gras\/","title":{"rendered":"Fundador: Jos\u00e9 Gras"},"content":{"rendered":"<div id=\"attachment_346\" style=\"width: 224px\" class=\"wp-caption alignleft\"><img loading=\"lazy\" decoding=\"async\" aria-describedby=\"caption-attachment-346\" class=\"wp-image-346 size-full\" src=\"http:\/\/nueva.cristoreyjaen.com\/wp-content\/uploads\/2017\/01\/padre_Gras.jpg\" width=\"214\" height=\"320\" srcset=\"http:\/\/cristoreyjaen.com\/wp-content\/uploads\/2017\/01\/padre_Gras.jpg 214w, http:\/\/cristoreyjaen.com\/wp-content\/uploads\/2017\/01\/padre_Gras-201x300.jpg 201w\" sizes=\"(max-width: 214px) 100vw, 214px\" \/><p id=\"caption-attachment-346\" class=\"wp-caption-text\">Padre Gras<\/p><\/div>\n<p style=\"text-indent: 1em;\"><strong>\u00a0 JOSE GRAS Y GRANOLLERS<\/strong> es el perfil de hombre profundamente humano y abierto plenamente a lo divino.<\/p>\n<p>Muchos le conocemos bien, aunque nunca le vimos, porque innumerables veces nos hemos asomado a la profundidad de sus palabras, que es como zambullirse en la hondura de su coraz\u00f3n.<\/p>\n<p>Pero, <strong>\u00bfqui\u00e9n fue realmente Jos\u00e9 Gras y Granollers&#8230;?<\/strong> SU VIDA FUE MUY SENCILLA, COMO SON SENCILLAS LAS OBRAS DE DIOS. Naci\u00f3 en Agramunt, L\u00e9rida, un 22 de Enero de 1834 en una familia de agricultores pobres. Poco sabemos de su infancia, pues a \u00e9l no le gustaba hablar de s\u00ed mismo; parece que fue un ni\u00f1o formal y piadoso, m\u00e1s amante del estudio que del juego.<\/p>\n<p>Su vida fue un lema: <strong>CRISTO REINA<\/strong><\/p>\n<p>Todo el amor a Cristo que ard\u00eda en su coraz\u00f3n, todas sus ansias de hacerle Rey de todos los corazones, hacen que la vida de Jos\u00e9 Gras se concentre en dos palabras que fueron para \u00e9l lema, s\u00edntesis de vida, manifestaci\u00f3n de su pensamiento y expresi\u00f3n de sus sue\u00f1os:<\/p>\n<blockquote><p><em><strong>CRISTO REINA<\/strong> pronuncian nuestros labios; <strong>CRISTO REINA<\/strong> escriben nuestras plumas; <strong>CRISTO REINA<\/strong> han de hacer resonar en todas partes nuestras obras.<\/em><\/p><\/blockquote>\n<p><strong>CRISTO REINA<\/strong> es la proclamaci\u00f3n de la verdad, luz y vida&#8230; honor y gloria de todos los corazones.<\/p>\n<p><strong>CRISTO REINA<\/strong> ahora, en este momento de la vida de cada uno, como rein\u00f3 ayer y reinar\u00e1 ma\u00f1ana.<\/p>\n<p><strong>CRISTO REINA<\/strong> expresa una verdad inmensa y eterna porque Cristo es Rey m\u00e1s all\u00e1 de la creaci\u00f3n y de los siglos.<\/p>\n<p><strong>CRISTO REINA<\/strong> es el grito de luz, el grito de honor y el grito de salvaci\u00f3n de todos los hombres y de todos los pueblos del mundo, porque s\u00f3lo Cristo es el sol de la vida, de la salud y de la resurrecci\u00f3n social.<\/p>\n<p><em>\u00abSi estampamos el lema CRISTO REINA con letras de fuego en nuestro coraz\u00f3n, si logramos hacerlo adoptar en todas las familias&#8230; a CRISTO REY aclamar\u00e1n los pueblos, las ciudades, las naciones y los imperios\u00bb.<\/em><\/p>\n<p>Y junto a \u00e9l apareci\u00f3n una mujer en un momento importante: <strong>Madre In\u00e9s de Jes\u00fas<\/strong><\/p>\n<div id=\"attachment_345\" style=\"width: 260px\" class=\"wp-caption alignright\"><img loading=\"lazy\" decoding=\"async\" aria-describedby=\"caption-attachment-345\" class=\"wp-image-345 size-full\" src=\"http:\/\/nueva.cristoreyjaen.com\/wp-content\/uploads\/2017\/01\/madreines.jpg\" width=\"250\" height=\"323\" srcset=\"http:\/\/cristoreyjaen.com\/wp-content\/uploads\/2017\/01\/madreines.jpg 250w, http:\/\/cristoreyjaen.com\/wp-content\/uploads\/2017\/01\/madreines-232x300.jpg 232w\" sizes=\"(max-width: 250px) 100vw, 250px\" \/><p id=\"caption-attachment-345\" class=\"wp-caption-text\">Madre In\u00e9s<\/p><\/div>\n<p>La Sierva de Dios, M. In\u00e9s de Jes\u00fas (Isabel G\u00f3mez Rodr\u00edguez), primera Superiora General del Instituto de Hijas de Cristo Rey, naci\u00f3 en Albu\u00f1ol (Granada), el 14 de marzo de 1847. Dotada por Dios de una inteligencia clara y de una voluntad fuerte y decidida, desde peque\u00f1a manifest\u00f3 gran inter\u00e9s por el estudio, pero la pobreza de su familia la oblig\u00f3 pronto a trabajar. A pesar de ello, consigui\u00f3 realizar los estudios de Magisterio, alternando con el trabajo, alcanzando por oposici\u00f3n una Escuela estatal.<\/p>\n<p>En 1868, cuando ten\u00eda 21 a\u00f1os, a ra\u00edz de una Misi\u00f3n popular, despu\u00e9s de una confesi\u00f3n general, se propone vivir s\u00f3lo para Dios. Cinco a\u00f1os m\u00e1s tarde (1873) hace voto de virginidad y, ya maestra, se entrega con af\u00e1n apost\u00f3lico a la ense\u00f1anza.<br \/>\nEn 1874 decide hacerse religiosa e ingresa en las Hermanitas de los Pobres, pero la obligan a salir, ante la insistencia de las gentes del pueblo del que era maestra, que desean vuelva a su escuela.<\/p>\n<p>Tras muchas dificultades e intentos, finalmente, <strong>en 1877, la ponen en contacto con el Venerable D. Jos\u00e9 Gras y Granollers, que un a\u00f1o antes, en 1876, hab\u00eda fundado el Instituto religioso de Hijas de Cristo Rey.<\/strong> El 18 de abril de 1877 ingresa en este Instituto y, dada su personalidad humana y espiritual, pronto es nombrada por el Fundador superiora de la Comunidad y, m\u00e1s adelante, Superiora General, cargo en el que permanece hasta la celebraci\u00f3n del primer Cap\u00edtulo General, en 1899. Elegida de nuevo Superiora General en 1905, lo ser\u00e1 hasta su muerte, el 2 de mayo de 1930, doce a\u00f1os despu\u00e9s del Fundador, cooperando en todo tiempo activamente en el desarrollo y extensi\u00f3n del Instituto.<\/p>\n<p>Su larga vida (m\u00e1s de 83 a\u00f1os) fue un continuo caminar hacia Dios, un deseo constante de amar a Cristo, un esfuerzo incansable por conquistarle almas y llevar a todos hacia El.<\/p>\n<p>Gobern\u00f3 durante m\u00e1s de cincuenta a\u00f1os el Instituto de Hijas de Cristo Rey que. A su muerte, se encontraba establecido en doce di\u00f3cesis de Espa\u00f1a y contaba con diecinueve casas, ocho de ellas fundadas despu\u00e9s de la muerte del Venerable D. Jos\u00e9 Gras. Las Hijas de Cristo Rey practicaban el apostolado en colegios, orfanatos, escuelas dominicales, etc., poniendo as\u00ed en pr\u00e1ctica el legado del Fundador de hacer reinar a Cristo en la familia y la sociedad, a trav\u00e9s de la ense\u00f1anza.<\/p>\n<h2 style=\"text-align: center;\"><strong>Conoce a nuestro Fundador, P. Jos\u00e9 Gras<\/strong><\/h2>\n<p>[columns] [span3]<\/p>\n<div id=\"attachment_2501\" style=\"width: 140px\" class=\"wp-caption aligncenter\"><a href=\"http:\/\/cristoreyjaen.com\/wp-content\/uploads\/2021\/01\/JGRAS_UnApostolIncansable.pdf.pdf\"><img loading=\"lazy\" decoding=\"async\" aria-describedby=\"caption-attachment-2501\" class=\"wp-image-2501\" src=\"http:\/\/cristoreyjaen.com\/wp-content\/uploads\/2021\/01\/apostolGRAS-668x1024.jpg\" alt=\"\" width=\"130\" height=\"200\" \/><\/a><p id=\"caption-attachment-2501\" class=\"wp-caption-text\">Jos\u00e9 Gras, \u00abUn ap\u00f3stol incansable\u00bb<\/p><\/div>\n<p>[\/span3][span3]<\/p>\n<div id=\"attachment_2502\" style=\"width: 167px\" class=\"wp-caption aligncenter\"><a href=\"http:\/\/cristoreyjaen.com\/wp-content\/uploads\/2021\/01\/JGRAS_Joseelbuenamigodejesus.pdf\"><img loading=\"lazy\" decoding=\"async\" aria-describedby=\"caption-attachment-2502\" class=\"wp-image-2502 size-full\" src=\"http:\/\/cristoreyjaen.com\/wp-content\/uploads\/2021\/01\/amigo-e1613466826503.jpg\" alt=\"\" width=\"157\" height=\"200\" \/><\/a><p id=\"caption-attachment-2502\" class=\"wp-caption-text\">Jos\u00e9 Gras, \u00abEl buen amigo de Jes\u00fas\u00bb<\/p><\/div>\n<p>[\/span3][span3]<\/p>\n<div id=\"attachment_2503\" style=\"width: 141px\" class=\"wp-caption aligncenter\"><a href=\"http:\/\/cristoreyjaen.com\/wp-content\/uploads\/2021\/01\/JGRAS_lapasiondeunhombredebien.pdf\"><img loading=\"lazy\" decoding=\"async\" aria-describedby=\"caption-attachment-2503\" class=\"wp-image-2503\" src=\"http:\/\/cristoreyjaen.com\/wp-content\/uploads\/2021\/01\/hombredebien2-672x1024.jpg\" alt=\"\" width=\"131\" height=\"200\" \/><\/a><p id=\"caption-attachment-2503\" class=\"wp-caption-text\">Jos\u00e9 Gras, \u00abLa pasi\u00f3n de un hombre de bien\u00bb<\/p><\/div>\n<p>[\/span3][span3]<\/p>\n<div id=\"attachment_2504\" style=\"width: 177px\" class=\"wp-caption aligncenter\"><a href=\"http:\/\/cristoreyjaen.com\/wp-content\/uploads\/2021\/01\/JGRAS_OracionesAdaptadoNINOS.pdf\"><img loading=\"lazy\" decoding=\"async\" aria-describedby=\"caption-attachment-2504\" class=\"wp-image-2504\" src=\"http:\/\/cristoreyjaen.com\/wp-content\/uploads\/2021\/01\/oraciones-853x1024.jpg\" alt=\"\" width=\"167\" height=\"200\" \/><\/a><p id=\"caption-attachment-2504\" class=\"wp-caption-text\">Oraciones del P. Jos\u00e9 Gras adaptadas a ni\u00f1os y j\u00f3venes<\/p><\/div>\n<p>[\/span3][\/columns]<\/p>\n<h2 style=\"text-align: center;\"><strong>Conoce a la Madre In\u00e9s<\/strong><\/h2>\n<p>[columns] [span4]<\/p>\n<div id=\"attachment_2505\" style=\"width: 152px\" class=\"wp-caption aligncenter\"><a href=\"http:\/\/cristoreyjaen.com\/wp-content\/uploads\/2021\/01\/MInes_ELLA-ES-LECCION-comprimido.pdf\"><img loading=\"lazy\" decoding=\"async\" aria-describedby=\"caption-attachment-2505\" class=\"wp-image-2505 size-full\" src=\"http:\/\/cristoreyjaen.com\/wp-content\/uploads\/2021\/01\/leccion-e1613466855407.jpg\" alt=\"\" width=\"142\" height=\"200\" \/><\/a><p id=\"caption-attachment-2505\" class=\"wp-caption-text\">M. In\u00e9s, \u00abElla es lecci\u00f3n\u00bb<\/p><\/div>\n<p>[\/span4][span4]<\/p>\n<div id=\"attachment_2506\" style=\"width: 156px\" class=\"wp-caption aligncenter\"><a href=\"http:\/\/cristoreyjaen.com\/wp-content\/uploads\/2021\/01\/MInes_Unamorquellenalavida.pdf\"><img loading=\"lazy\" decoding=\"async\" aria-describedby=\"caption-attachment-2506\" class=\"wp-image-2506 size-full\" src=\"http:\/\/cristoreyjaen.com\/wp-content\/uploads\/2021\/01\/amor-e1613466875504.jpg\" alt=\"\" width=\"146\" height=\"200\" \/><\/a><p id=\"caption-attachment-2506\" class=\"wp-caption-text\">M. In\u00e9s, \u00abUn amor que llena la vida\u00bb<\/p><\/div>\n<p>[\/span4][span4]<\/p>\n<div id=\"attachment_2507\" style=\"width: 158px\" class=\"wp-caption aligncenter\"><a href=\"http:\/\/cristoreyjaen.com\/wp-content\/uploads\/2021\/01\/MInes_mujerinmensidadypequenez.pdf\"><img loading=\"lazy\" decoding=\"async\" aria-describedby=\"caption-attachment-2507\" class=\"wp-image-2507\" src=\"http:\/\/cristoreyjaen.com\/wp-content\/uploads\/2021\/01\/inmensiddpeqMINES-757x1024.jpg\" alt=\"\" width=\"148\" height=\"200\" \/><\/a><p id=\"caption-attachment-2507\" class=\"wp-caption-text\">M. In\u00e9s, \u00abmujer de inmensidad y peque\u00f1ez\u00bb<\/p><\/div>\n<p>[\/span4][\/columns]<\/p>\n","protected":false},"excerpt":{"rendered":"<p>\u00a0 JOSE GRAS Y GRANOLLERS es el perfil de hombre profundamente humano y abierto plenamente a lo divino. Muchos le conocemos bien, aunque nunca le vimos, porque innumerables veces nos hemos asomado a la profundidad de sus palabras, que es como zambullirse en la hondura de su coraz\u00f3n. Pero, \u00bfqui\u00e9n fue realmente Jos\u00e9 Gras y [&hellip;]<\/p>\n","protected":false},"author":1,"featured_media":0,"parent":22,"menu_order":1,"comment_status":"closed","ping_status":"closed","template":"","meta":{"_et_pb_use_builder":"","_et_pb_old_content":"","_et_gb_content_width":"","footnotes":""},"class_list":["post-68","page","type-page","status-publish","hentry"],"_links":{"self":[{"href":"http:\/\/cristoreyjaen.com\/index.php\/wp-json\/wp\/v2\/pages\/68","targetHints":{"allow":["GET"]}}],"collection":[{"href":"http:\/\/cristoreyjaen.com\/index.php\/wp-json\/wp\/v2\/pages"}],"about":[{"href":"http:\/\/cristoreyjaen.com\/index.php\/wp-json\/wp\/v2\/types\/page"}],"author":[{"embeddable":true,"href":"http:\/\/cristoreyjaen.com\/index.php\/wp-json\/wp\/v2\/users\/1"}],"replies":[{"embeddable":true,"href":"http:\/\/cristoreyjaen.com\/index.php\/wp-json\/wp\/v2\/comments?post=68"}],"version-history":[{"count":34,"href":"http:\/\/cristoreyjaen.com\/index.php\/wp-json\/wp\/v2\/pages\/68\/revisions"}],"predecessor-version":[{"id":2606,"href":"http:\/\/cristoreyjaen.com\/index.php\/wp-json\/wp\/v2\/pages\/68\/revisions\/2606"}],"up":[{"embeddable":true,"href":"http:\/\/cristoreyjaen.com\/index.php\/wp-json\/wp\/v2\/pages\/22"}],"wp:attachment":[{"href":"http:\/\/cristoreyjaen.com\/index.php\/wp-json\/wp\/v2\/media?parent=68"}],"curies":[{"name":"wp","href":"https:\/\/api.w.org\/{rel}","templated":true}]}}