{"id":85,"date":"2017-01-16T13:53:59","date_gmt":"2017-01-16T12:53:59","guid":{"rendered":"http:\/\/nueva.cristoreyjaen.com\/?page_id=85"},"modified":"2025-11-26T14:54:52","modified_gmt":"2025-11-26T13:54:52","slug":"nuestra_historia","status":"publish","type":"page","link":"http:\/\/cristoreyjaen.com\/index.php\/cristo-rey-jaen\/nuestra_historia\/","title":{"rendered":"Nuestra Historia"},"content":{"rendered":"\n<figure class=\"wp-block-image alignright\"><img loading=\"lazy\" decoding=\"async\" width=\"369\" height=\"274\" src=\"http:\/\/nueva.cristoreyjaen.com\/wp-content\/uploads\/2017\/01\/historia_hijas_cristo_rey4.jpg\" alt=\"\" class=\"wp-image-360\" srcset=\"http:\/\/cristoreyjaen.com\/wp-content\/uploads\/2017\/01\/historia_hijas_cristo_rey4.jpg 369w, http:\/\/cristoreyjaen.com\/wp-content\/uploads\/2017\/01\/historia_hijas_cristo_rey4-300x223.jpg 300w\" sizes=\"(max-width: 369px) 100vw, 369px\" \/><\/figure>\n\n\n\n<p>Fue en 1942 cuando un grupo de religiosas \u201cHijas de Cristo Rey\u201d llega a Ja\u00e9n para fundar un colegio. Se ubic\u00f3 en la calle Obispo Aguilar y aquellas religiosas que formaban una peque\u00f1a comunidad ven\u00edan con ilusi\u00f3n y llenas del carisma de su fundador, abriendo sus puertas y sus corazones a las familias jiennenses, que pronto comienzan a llevar all\u00ed a sus hijos.<\/p>\n\n\n\n<figure class=\"wp-block-image alignleft\"><img loading=\"lazy\" decoding=\"async\" width=\"300\" height=\"216\" src=\"http:\/\/cristoreyjaen.com\/wp-content\/uploads\/2017\/01\/historia_hijas_cristo_rey1.jpg\" alt=\"\" class=\"wp-image-361\"\/><\/figure>\n\n\n\n<p><\/p>\n\n\n\n<p>Era una peque\u00f1a casa con patio central de seis columnas y una fuente que d\u00eda y noche manaba un agua cristalina.<\/p>\n\n\n\n<p>Tras la puerta del n\u00ba 1 de Obispo Aguilar se encontraba la hermana Virtudes, que cada ma\u00f1ana recib\u00eda con \u201cCristo Reina\u201d a las alumnas, peque\u00f1as y mayores. S\u00ed, mayores porque hab\u00eda una clase dedicada a \u201cCultura General\u201d, en la que se impart\u00edan materias como costura, bordado, mecanograf\u00eda e incluso piano.<\/p>\n\n\n\n<p>La familia Cristo Rey iba en aumento y cada a\u00f1o se abr\u00edan nuevas aulas.<\/p>\n\n\n\n<figure class=\"wp-block-image aligncenter\"><img loading=\"lazy\" decoding=\"async\" width=\"588\" height=\"340\" src=\"http:\/\/cristoreyjaen.com\/wp-content\/uploads\/2017\/01\/historia_hijas_cristo_rey2.jpg\" alt=\"\" class=\"wp-image-362\" srcset=\"http:\/\/cristoreyjaen.com\/wp-content\/uploads\/2017\/01\/historia_hijas_cristo_rey2.jpg 588w, http:\/\/cristoreyjaen.com\/wp-content\/uploads\/2017\/01\/historia_hijas_cristo_rey2-300x173.jpg 300w\" sizes=\"(max-width: 588px) 100vw, 588px\" \/><\/figure>\n\n\n\n<figure class=\"wp-block-image alignleft\"><img loading=\"lazy\" decoding=\"async\" width=\"202\" height=\"264\" src=\"http:\/\/cristoreyjaen.com\/wp-content\/uploads\/2017\/01\/historia_hijas_cristo_rey3.jpg\" alt=\"\" class=\"wp-image-363\"\/><\/figure>\n\n\n\n<p>En el curso 1949-50 llega el momento en que las alumnas deben hacer su Primera Comuni\u00f3n. La capilla del colegio es peque\u00f1a y tienen que pedir ayuda a las Hermanas Dominicas cuyo convento, situado en la calle Mu\u00f1oz Garnica, cuenta con una amplia capilla.<br>Siguen avanzando los cursos y las calles de Ja\u00e9n se van llenando de uniformes azul marino con tres tablas, llevando en la central el escudo J.H.S., cuello blanco, guantes blancos y sombrero.<\/p>\n\n\n\n<p>En mayo de 1953 tambi\u00e9n la capilla de las Hermanas Dominicas resulta peque\u00f1a y las Primeras Comuniones se celebran en la Parroquia de San Ildefonso.<\/p>\n\n\n\n<p>M\u00e1s tarde, el colegio se complementar\u00e1 con un internado en el n\u00ba 11 de la calle Mu\u00f1oz Garnica. Se abre una nueva casa para las alumnas que van a estudiar Magisterio y se celebran en esta nueva casa todas aquellas actividades que no se pueden celebrar en la m\u00e1s peque\u00f1a de Obispo Aguilar.<\/p>\n\n\n\n<p>&nbsp;<\/p>\n","protected":false},"excerpt":{"rendered":"<p>Fue en 1942 cuando un grupo de religiosas \u201cHijas de Cristo Rey\u201d llega a Ja\u00e9n para fundar un colegio. Se ubic\u00f3 en la calle Obispo Aguilar y aquellas religiosas que formaban una peque\u00f1a comunidad ven\u00edan con ilusi\u00f3n y llenas del carisma de su fundador, abriendo sus puertas y sus corazones a las familias jiennenses, que [&hellip;]<\/p>\n","protected":false},"author":1,"featured_media":0,"parent":72,"menu_order":0,"comment_status":"closed","ping_status":"closed","template":"","meta":{"_et_pb_use_builder":"off","_et_pb_old_content":"<!-- wp:image {\"id\":360,\"align\":\"right\"} -->\n<figure class=\"wp-block-image alignright\"><img src=\"http:\/\/nueva.cristoreyjaen.com\/wp-content\/uploads\/2017\/01\/historia_hijas_cristo_rey4.jpg\" alt=\"\" class=\"wp-image-360\"\/><\/figure>\n<!-- \/wp:image -->\n\n<!-- wp:paragraph -->\n<p>Fue en 1942 cuando un grupo de religiosas \u201cHijas de Cristo Rey\u201d llega a Ja\u00e9n para fundar un colegio. Se ubic\u00f3 en la calle Obispo Aguilar y aquellas religiosas que formaban una peque\u00f1a comunidad ven\u00edan con ilusi\u00f3n y llenas del carisma de su fundador, abriendo sus puertas y sus corazones a las familias jiennenses, que pronto comienzan a llevar all\u00ed a sus hijos.<\/p>\n<!-- \/wp:paragraph -->\n\n<!-- wp:image {\"id\":361,\"align\":\"left\"} -->\n<figure class=\"wp-block-image alignleft\"><img src=\"http:\/\/nueva.cristoreyjaen.com\/wp-content\/uploads\/2017\/01\/historia_hijas_cristo_rey1.jpg\" alt=\"\" class=\"wp-image-361\"\/><\/figure>\n<!-- \/wp:image -->\n\n<!-- wp:paragraph -->\n<p><\/p>\n<!-- \/wp:paragraph -->\n\n<!-- wp:paragraph -->\n<p>Era una peque\u00f1a casa con patio central de seis columnas y una fuente que d\u00eda y noche manaba un agua cristalina.<\/p>\n<!-- \/wp:paragraph -->\n\n<!-- wp:paragraph -->\n<p>Tras la puerta del n\u00ba 1 de Obispo Aguilar se encontraba la hermana Virtudes, que cada ma\u00f1ana recib\u00eda con \u201cCristo Reina\u201d a las alumnas, peque\u00f1as y mayores. S\u00ed, mayores porque hab\u00eda una clase dedicada a \u201cCultura General\u201d, en la que se impart\u00edan materias como costura, bordado, mecanograf\u00eda e incluso piano.<\/p>\n<!-- \/wp:paragraph -->\n\n<!-- wp:paragraph -->\n<p>La familia Cristo Rey iba en aumento y cada a\u00f1o se abr\u00edan nuevas aulas.<\/p>\n<!-- \/wp:paragraph -->\n\n<!-- wp:image {\"id\":362,\"align\":\"center\"} -->\n<figure class=\"wp-block-image aligncenter\"><img src=\"http:\/\/nueva.cristoreyjaen.com\/wp-content\/uploads\/2017\/01\/historia_hijas_cristo_rey2.jpg\" alt=\"\" class=\"wp-image-362\"\/><\/figure>\n<!-- \/wp:image -->\n\n<!-- wp:image {\"id\":363,\"align\":\"left\"} -->\n<figure class=\"wp-block-image alignleft\"><img src=\"http:\/\/nueva.cristoreyjaen.com\/wp-content\/uploads\/2017\/01\/historia_hijas_cristo_rey3.jpg\" alt=\"\" class=\"wp-image-363\"\/><\/figure>\n<!-- \/wp:image -->\n\n<!-- wp:paragraph -->\n<p>En el curso 1949-50 llega el momento en que las alumnas deben hacer su Primera Comuni\u00f3n. La capilla del colegio es peque\u00f1a y tienen que pedir ayuda a las Hermanas Dominicas cuyo convento, situado en la calle Mu\u00f1oz Garnica, cuenta con una amplia capilla.<br>Siguen avanzando los cursos y las calles de Ja\u00e9n se van llenando de uniformes azul marino con tres tablas, llevando en la central el escudo J.H.S., cuello blanco, guantes blancos y sombrero.<\/p>\n<!-- \/wp:paragraph -->\n\n<!-- wp:paragraph -->\n<p>En mayo de 1953 tambi\u00e9n la capilla de las Hermanas Dominicas resulta peque\u00f1a y las Primeras Comuniones se celebran en la Parroquia de San Ildefonso.<\/p>\n<!-- \/wp:paragraph -->\n\n<!-- wp:paragraph -->\n<p>M\u00e1s tarde, el colegio se complementar\u00e1 con un internado en el n\u00ba 11 de la calle Mu\u00f1oz Garnica. Se abre una nueva casa para las alumnas que van a estudiar Magisterio y se celebran en esta nueva casa todas aquellas actividades que no se pueden celebrar en la m\u00e1s peque\u00f1a de Obispo Aguilar.<\/p>\n<!-- \/wp:paragraph -->\n\n<!-- wp:paragraph -->\n<p>&nbsp;<\/p>\n<!-- \/wp:paragraph -->","_et_gb_content_width":"","footnotes":""},"class_list":["post-85","page","type-page","status-publish","hentry"],"_links":{"self":[{"href":"http:\/\/cristoreyjaen.com\/index.php\/wp-json\/wp\/v2\/pages\/85","targetHints":{"allow":["GET"]}}],"collection":[{"href":"http:\/\/cristoreyjaen.com\/index.php\/wp-json\/wp\/v2\/pages"}],"about":[{"href":"http:\/\/cristoreyjaen.com\/index.php\/wp-json\/wp\/v2\/types\/page"}],"author":[{"embeddable":true,"href":"http:\/\/cristoreyjaen.com\/index.php\/wp-json\/wp\/v2\/users\/1"}],"replies":[{"embeddable":true,"href":"http:\/\/cristoreyjaen.com\/index.php\/wp-json\/wp\/v2\/comments?post=85"}],"version-history":[{"count":4,"href":"http:\/\/cristoreyjaen.com\/index.php\/wp-json\/wp\/v2\/pages\/85\/revisions"}],"predecessor-version":[{"id":4323,"href":"http:\/\/cristoreyjaen.com\/index.php\/wp-json\/wp\/v2\/pages\/85\/revisions\/4323"}],"up":[{"embeddable":true,"href":"http:\/\/cristoreyjaen.com\/index.php\/wp-json\/wp\/v2\/pages\/72"}],"wp:attachment":[{"href":"http:\/\/cristoreyjaen.com\/index.php\/wp-json\/wp\/v2\/media?parent=85"}],"curies":[{"name":"wp","href":"https:\/\/api.w.org\/{rel}","templated":true}]}}