{"id":87,"date":"2017-01-16T13:54:16","date_gmt":"2017-01-16T12:54:16","guid":{"rendered":"http:\/\/nueva.cristoreyjaen.com\/?page_id=87"},"modified":"2025-11-26T14:57:38","modified_gmt":"2025-11-26T13:57:38","slug":"politica-de-calidad","status":"publish","type":"page","link":"http:\/\/cristoreyjaen.com\/index.php\/cristo-rey-jaen\/politica-de-calidad\/","title":{"rendered":"Pol\u00edtica de Calidad"},"content":{"rendered":"<p>Desde el curso 2002\/2003 somos Centro certificado en la ISO 9001:2008. Toda la organizaci\u00f3n trabaja en la cultura de la mejora continua, impulsada por la Direcci\u00f3n del Centro e iniciada tras la definici\u00f3n de la Misi\u00f3n Visi\u00f3n y Valores del Colegio.<\/p>\n<p>&nbsp;<\/p>\n<p style=\"text-align: justify;\">Nuestra Pol\u00edtica de Calidad est\u00e1 directamente relacionada con nuestro Proyecto Educativo de Centro y con el Car\u00e1cter Propio, documentos indispensables y esenciales del Centro donde se define la identidad de este, las finalidades educativas, los principios pedag\u00f3gicos, metodol\u00f3gicos e ideol\u00f3gicos, y se precisa su reglamento de organizaci\u00f3n y funcionamiento.<\/p>\n<p style=\"text-align: justify;\">Se ha establecido como la definici\u00f3n de la Misi\u00f3n (raz\u00f3n de ser continuada del Centro), la Visi\u00f3n (lugar estrat\u00e9gico que el Centro pretende alcanzar en el medio, largo plazo) y los Valores (ideas, principios y puntos fuertes sobre los que el Centro se fundamenta para alcanzar la visi\u00f3n).<\/p>\n","protected":false},"excerpt":{"rendered":"<p>Desde el curso 2002\/2003 somos Centro certificado en la ISO 9001:2008. Toda la organizaci\u00f3n trabaja en la cultura de la mejora continua, impulsada por la Direcci\u00f3n del Centro e iniciada tras la definici\u00f3n de la Misi\u00f3n Visi\u00f3n y Valores del Colegio. &nbsp; Nuestra Pol\u00edtica de Calidad est\u00e1 directamente relacionada con nuestro Proyecto Educativo de Centro [&hellip;]<\/p>\n","protected":false},"author":1,"featured_media":0,"parent":72,"menu_order":1,"comment_status":"closed","ping_status":"closed","template":"","meta":{"_et_pb_use_builder":"","_et_pb_old_content":"","_et_gb_content_width":"","footnotes":""},"class_list":["post-87","page","type-page","status-publish","hentry"],"_links":{"self":[{"href":"http:\/\/cristoreyjaen.com\/index.php\/wp-json\/wp\/v2\/pages\/87","targetHints":{"allow":["GET"]}}],"collection":[{"href":"http:\/\/cristoreyjaen.com\/index.php\/wp-json\/wp\/v2\/pages"}],"about":[{"href":"http:\/\/cristoreyjaen.com\/index.php\/wp-json\/wp\/v2\/types\/page"}],"author":[{"embeddable":true,"href":"http:\/\/cristoreyjaen.com\/index.php\/wp-json\/wp\/v2\/users\/1"}],"replies":[{"embeddable":true,"href":"http:\/\/cristoreyjaen.com\/index.php\/wp-json\/wp\/v2\/comments?post=87"}],"version-history":[{"count":8,"href":"http:\/\/cristoreyjaen.com\/index.php\/wp-json\/wp\/v2\/pages\/87\/revisions"}],"predecessor-version":[{"id":4328,"href":"http:\/\/cristoreyjaen.com\/index.php\/wp-json\/wp\/v2\/pages\/87\/revisions\/4328"}],"up":[{"embeddable":true,"href":"http:\/\/cristoreyjaen.com\/index.php\/wp-json\/wp\/v2\/pages\/72"}],"wp:attachment":[{"href":"http:\/\/cristoreyjaen.com\/index.php\/wp-json\/wp\/v2\/media?parent=87"}],"curies":[{"name":"wp","href":"https:\/\/api.w.org\/{rel}","templated":true}]}}