{"id":89,"date":"2017-01-16T13:54:29","date_gmt":"2017-01-16T12:54:29","guid":{"rendered":"http:\/\/nueva.cristoreyjaen.com\/?page_id=89"},"modified":"2017-02-16T13:33:18","modified_gmt":"2017-02-16T12:33:18","slug":"caracter-propio","status":"publish","type":"page","link":"http:\/\/cristoreyjaen.com\/index.php\/cristo-rey-jaen\/caracter-propio\/","title":{"rendered":"Car\u00e1cter Propio"},"content":{"rendered":"<p style=\"text-align: justify;\"><strong>\u00a0 \u00a0 PRETENDEMOS LA EDUCACI\u00d3N INTEGRAL DE LA PERSONA DESDE LA PERSPECTIVA DE UN HUMANISMO CRISTIANO QUE FAVOREZCA SU CRECIMIENTO Y MADUREZ EN TODAS SUS DIMENSIONES.<\/strong><\/p>\n<p><strong>EN ESTE CENTRO CUIDAMOS LA FORMACI\u00d3N DE LAS ACTITUDES B\u00c1SICAS CRISTIANAS NACIDAS DE LA FE EN JES\u00daS DE NAZARET.<\/strong><\/p>\n<p>Este concepto de educaci\u00f3n est\u00e1 en consonancia con el <strong>Pensamiento Educativo de las Hijas de Cristo Rey<\/strong> que recoge las ideas que D. Jos\u00e9 Gras expres\u00f3 a lo largo de su vida:<\/p>\n<ul>\n<li><strong><em>La Educaci\u00f3n es una segunda creaci\u00f3n y un apostolado<\/em><\/strong> : la educaci\u00f3n imita la obra creadora de Dios cuando ayuda al educando a crear su propia personalidad, contribuye a formar su car\u00e1cter y a perfeccionarse. Adem\u00e1s contiene un anuncio del Reino y de la Salvaci\u00f3n en Jesucristo que comporta un testimonio de vida.<\/li>\n<li><em><strong>La Educaci\u00f3n es necesaria al hombre<\/strong><\/em> por su naturaleza intelectual, que necesita conocer la verdad, y por su naturaleza moral que necesita alcanzar el bien.<\/li>\n<li><em><strong>La Educaci\u00f3n constituye un bien para la sociedad<\/strong><\/em> que necesita solucionar sus crisis, tiene entonces una funci\u00f3n social.<\/li>\n<\/ul>\n<p style=\"text-align: justify;\"><strong>Nuestra educaci\u00f3n<\/strong>, por tanto, basada en los ejemplos de Cristo, guiada por las ense\u00f1anzas de la Iglesia y desde la reflexi\u00f3n sobre nuestra sociedad, debe promover:<\/p>\n<ol>\n<li>Una visi\u00f3n espiritual frente al materialismo.<\/li>\n<li>Una austeridad frente al consumismo.<\/li>\n<li>Una preocupaci\u00f3n por los dem\u00e1s, como hijos de Dios, frente al ego\u00edsmo.<\/li>\n<li>Una libertad interior frente a una sociedad que tiene el poder de manipular.<\/li>\n<\/ol>\n<p style=\"text-align: justify;\">Por todo ello, nuestro Centro es un <strong>Centro de Iglesia<\/strong> que inspira su acci\u00f3n educativa en una concepci\u00f3n cristiana del hombre, de la vida y del mundo y a trav\u00e9s de ella:<\/p>\n<ul>\n<li>Promueve la <strong>formaci\u00f3n integra<\/strong>l de los alumnos.<\/li>\n<li>Imparte una <strong>ense\u00f1anza religiosa<\/strong> que se adecua a las orientaciones de la Iglesia Cat\u00f3lica.<\/li>\n<li>Lleva a cabo la <strong>celebraci\u00f3n de la fe<\/strong> en un marco de respeto y libertad.<\/li>\n<li>Motiva para una <strong>s\u00edntesis entre fe, cultura y vida<\/strong>.<\/li>\n<li>Crea un ambiente que propicia y <strong>testimonia <\/strong>la acci\u00f3n evangelizadora de los creyentes.<\/li>\n<\/ul>\n<p style=\"text-align: justify;\">Nuestro Centro es un <strong>Centro abierto<\/strong> a todos y al servicio de la sociedad :<\/p>\n<ul>\n<li>Que da respuesta al deseo de educaci\u00f3n cristiana que manifiestan muchas familias.<\/li>\n<li>Que se ofrece a la sociedad como una comunidad donde todos pueden dialogar, escuchar y ser escuchados.<\/li>\n<li>Que inserta su acci\u00f3n en la realidad de su entorno.<\/li>\n<\/ul>\n<p style=\"text-align: justify;\">Nuestro Centro pretende la formaci\u00f3n integral de la persona desde la perspectiva de un humanismo cristiano que favorezca su crecimiento y madurez en todas sus dimensiones.<\/p>\n<p>Esto implica una consideraci\u00f3n del hombre como:<\/p>\n<ul>\n<li>Se\u00f1or del mundo e hijo de Dios: su dignidad como persona merece todo respeto.<\/li>\n<li>Tiene derecho al desarrollo de su dimensi\u00f3n tanto espiritual como corporal.<\/li>\n<li>Es un ser social, por eso se debe a la justicia, a la solidaridad y a la fraternidad con los dem\u00e1s hombres.<\/li>\n<li>Vive en una sociedad pluralista y cambiante y por ello ha de permanecer arraigado en la familia y en su cultura.<\/li>\n<\/ul>\n<p style=\"text-align: justify;\">Por este motivo <strong>nuestro Centro opta por una educaci\u00f3n en la fe y una formaci\u00f3n abierta a la trascendencia<\/strong> con una referencia expl\u00edcita a algunos valores que ayudan a dar una visi\u00f3n del mundo coherente con la fe.<\/p>\n<p style=\"text-align: justify;\">Los <strong>valores y actitudes que potenciamos<\/strong> son:<\/p>\n<ul>\n<li>Respeto a los derechos y libertades de la persona y fomento de los deberes sociales.<\/li>\n<li>Solidaridad entre los miembros de la Comunidad Educativa.<\/li>\n<li>Responsabilidad personal y colectiva ante las injusticias a favor de un mundo m\u00e1s humano.<\/li>\n<li>Honradez personal, sinceridad, cumplimiento del deber y sentido cristiano del trabajo y el esp\u00edritu de sacrificio.<\/li>\n<li>La libertad frente a la opresi\u00f3n, con un esp\u00edritu dialogante y ajeno a toda forma de violencia.<\/li>\n<li>Respeto a la libertad de los dem\u00e1s, aceptando el pluralismo de la sociedad.<\/li>\n<li>Visi\u00f3n positiva del hombre y del acontecer humano motivando la esperanza y la alegr\u00eda entre educadores y alumnos.<\/li>\n<\/ul>\n<p>Por todo esto <strong>las actitudes<\/strong> que caracterizan y fomentan los <strong>Educadores de los Centros de Hijas de Cristo Re<\/strong>y son:<\/p>\n<ul>\n<li>amor que genera verdad<\/li>\n<li>actitud acogedora y sencilla, que favorece la confianza en un clima de familia<\/li>\n<li>una visi\u00f3n optimista de las realidades de la vida<\/li>\n<li>alegr\u00eda serena<\/li>\n<li>respeto y aceptaci\u00f3n de la persona<\/li>\n<li>apertura a las necesidades del mundo<\/li>\n<li>un sistema preventivo que evite la falta<\/li>\n<li>valoraci\u00f3n del esfuerzo en el trabajo<\/li>\n<li>fomento de la responsabilidad.<\/li>\n<\/ul>\n","protected":false},"excerpt":{"rendered":"<p>\u00a0 \u00a0 PRETENDEMOS LA EDUCACI\u00d3N INTEGRAL DE LA PERSONA DESDE LA PERSPECTIVA DE UN HUMANISMO CRISTIANO QUE FAVOREZCA SU CRECIMIENTO Y MADUREZ EN TODAS SUS DIMENSIONES. EN ESTE CENTRO CUIDAMOS LA FORMACI\u00d3N DE LAS ACTITUDES B\u00c1SICAS CRISTIANAS NACIDAS DE LA FE EN JES\u00daS DE NAZARET. Este concepto de educaci\u00f3n est\u00e1 en consonancia con el Pensamiento [&hellip;]<\/p>\n","protected":false},"author":1,"featured_media":0,"parent":72,"menu_order":2,"comment_status":"closed","ping_status":"closed","template":"","meta":{"_et_pb_use_builder":"","_et_pb_old_content":"","_et_gb_content_width":"","footnotes":""},"class_list":["post-89","page","type-page","status-publish","hentry"],"_links":{"self":[{"href":"http:\/\/cristoreyjaen.com\/index.php\/wp-json\/wp\/v2\/pages\/89","targetHints":{"allow":["GET"]}}],"collection":[{"href":"http:\/\/cristoreyjaen.com\/index.php\/wp-json\/wp\/v2\/pages"}],"about":[{"href":"http:\/\/cristoreyjaen.com\/index.php\/wp-json\/wp\/v2\/types\/page"}],"author":[{"embeddable":true,"href":"http:\/\/cristoreyjaen.com\/index.php\/wp-json\/wp\/v2\/users\/1"}],"replies":[{"embeddable":true,"href":"http:\/\/cristoreyjaen.com\/index.php\/wp-json\/wp\/v2\/comments?post=89"}],"version-history":[{"count":5,"href":"http:\/\/cristoreyjaen.com\/index.php\/wp-json\/wp\/v2\/pages\/89\/revisions"}],"predecessor-version":[{"id":375,"href":"http:\/\/cristoreyjaen.com\/index.php\/wp-json\/wp\/v2\/pages\/89\/revisions\/375"}],"up":[{"embeddable":true,"href":"http:\/\/cristoreyjaen.com\/index.php\/wp-json\/wp\/v2\/pages\/72"}],"wp:attachment":[{"href":"http:\/\/cristoreyjaen.com\/index.php\/wp-json\/wp\/v2\/media?parent=89"}],"curies":[{"name":"wp","href":"https:\/\/api.w.org\/{rel}","templated":true}]}}