{"id":91,"date":"2017-01-16T13:54:39","date_gmt":"2017-01-16T12:54:39","guid":{"rendered":"http:\/\/nueva.cristoreyjaen.com\/?page_id=91"},"modified":"2025-02-03T10:18:58","modified_gmt":"2025-02-03T09:18:58","slug":"consejo-escolar","status":"publish","type":"page","link":"http:\/\/cristoreyjaen.com\/index.php\/cristo-rey-jaen\/consejo-escolar\/","title":{"rendered":"Consejo Escolar"},"content":{"rendered":"<p>[et_pb_section fb_built=\u00bb1&#8243; admin_label=\u00bbsection\u00bb _builder_version=\u00bb4.16&#8243; global_colors_info=\u00bb{}\u00bb theme_builder_area=\u00bbpost_content\u00bb][et_pb_row admin_label=\u00bbrow\u00bb _builder_version=\u00bb4.16&#8243; background_size=\u00bbinitial\u00bb background_position=\u00bbtop_left\u00bb background_repeat=\u00bbrepeat\u00bb global_colors_info=\u00bb{}\u00bb theme_builder_area=\u00bbpost_content\u00bb][et_pb_column type=\u00bb4_4&#8243; _builder_version=\u00bb4.16&#8243; custom_padding=\u00bb|||\u00bb global_colors_info=\u00bb{}\u00bb custom_padding__hover=\u00bb|||\u00bb theme_builder_area=\u00bbpost_content\u00bb][et_pb_text admin_label=\u00bbText\u00bb _builder_version=\u00bb4.16&#8243; background_size=\u00bbinitial\u00bb background_position=\u00bbtop_left\u00bb background_repeat=\u00bbrepeat\u00bb global_colors_info=\u00bb{}\u00bb theme_builder_area=\u00bbpost_content\u00bb]<\/p>\n<p><span style=\"text-align: justify; font-size: 13.0080003738403px; line-height: 1.538em;\">\u00a0 \u00a0 El <\/span><strong style=\"text-align: justify; font-size: 13.0080003738403px; line-height: 1.538em;\">CONSEJO ESCOLAR<\/strong><span style=\"text-align: justify; font-size: 13.0080003738403px; line-height: 1.538em;\"> del Centro es el \u00f3rgano supremo de participaci\u00f3n y ostenta corporativamente la representaci\u00f3n de cuantos integran la Comunidad Educativa y participan en el desarrollo de su activida.<\/span><\/p>\n<p style=\"text-align: justify;\">En el presente CURSO ESCOLAR se compone de los siguientes miembros:<\/p>\n<p class=\"x_MsoNormal\"><strong>Presidenta<\/strong><\/p>\n<p class=\"x_MsoNormal\" style=\"padding-left: 60px;\">L\u00f3pez-Sidro L\u00f3pez, Mar\u00eda Bel\u00e9n (DIRECTOR\/A)<\/p>\n<p class=\"x_MsoNormal\"><strong>Director\/Primaria<\/strong><\/p>\n<p class=\"x_MsoNormal\" style=\"padding-left: 60px;\">Cuenca de los Cobos, Mar\u00eda Jos\u00e9<\/p>\n<p class=\"x_MsoNormal\"><strong>Profesorado<\/strong><\/p>\n<p class=\"x_MsoNormal\" style=\"padding-left: 60px;\">Mart\u00ednez Gallego, Roc\u00edo<\/p>\n<p class=\"x_MsoNormal\" style=\"padding-left: 60px;\">Ordo\u00f1ez Ortega, Teresa<\/p>\n<p class=\"x_MsoNormal\" style=\"padding-left: 60px;\">Rosales Serrano, Laura<\/p>\n<p class=\"x_MsoNormal\" style=\"padding-left: 60px;\">Tello Yera, Juan<\/p>\n<p class=\"x_MsoNormal\"><strong>APA\u00a0<\/strong><\/p>\n<p class=\"x_MsoNormal\" style=\"padding-left: 60px;\">Mesa Jim\u00e9nez, Antonio<\/p>\n<p class=\"x_MsoNormal\"><strong>Madres\/Padres\/Tutores\u00a0<\/strong><\/p>\n<p class=\"x_MsoNormal\" style=\"padding-left: 60px;\">Buend\u00eda Luque, Rafael<\/p>\n<p class=\"x_MsoNormal\" style=\"padding-left: 60px;\">Lara S\u00e1nchez, Amador J.<\/p>\n<p class=\"x_MsoNormal\" style=\"padding-left: 60px;\">Sampedro Silvestre, Pilar<\/p>\n<p class=\"x_MsoNormal\"><strong>Alumnado<\/strong><\/p>\n<p class=\"x_MsoNormal\" style=\"padding-left: 60px;\">Berrios Valderas, Francisco Jos\u00e9<\/p>\n<p class=\"x_MsoNormal\" style=\"padding-left: 60px;\">Caballero Alba, Mar\u00eda<\/p>\n<p class=\"x_MsoNormal\"><strong>Personal Adm\u00f3n. y Servicios<\/strong><\/p>\n<p class=\"x_MsoNormal\" style=\"padding-left: 60px;\">Quesada Li\u00e9tor, Joaqu\u00edn<\/p>\n<p class=\"x_MsoNormal\"><strong>Titular<\/strong><\/p>\n<p class=\"x_MsoNormal\" style=\"padding-left: 60px;\">L\u00f3pez Hidalgo, Mar\u00eda Lorenza<\/p>\n<p class=\"x_MsoNormal\" style=\"padding-left: 60px;\">Castilla Quevedo, Mercedes<\/p>\n<p class=\"x_MsoNormal\" style=\"padding-left: 60px;\">Rosa Moreno, Dolores<\/p>\n<p class=\"x_MsoNormal\"><strong>Fomento Igualdad<\/strong><\/p>\n<p class=\"x_MsoNormal\" style=\"padding-left: 60px;\">G\u00f3mez Mart\u00edn, Ignacio<\/p>\n<p class=\"x_MsoNormal\"><strong>Administraci\u00f3n<\/strong><\/p>\n<p class=\"x_MsoNormal\" style=\"padding-left: 60px;\">Rosa Moreno, Dolores<\/p>\n<p class=\"x_MsoNormal\"><strong>Secretar\u00eda<\/strong><\/p>\n<p class=\"x_MsoNormal\" style=\"padding-left: 60px;\">Escabias Machuca, Beatriz<\/p>\n<p>[\/et_pb_text][\/et_pb_column][\/et_pb_row][\/et_pb_section]<\/p>\n","protected":false},"excerpt":{"rendered":"<p>\u00a0 \u00a0 El CONSEJO ESCOLAR del Centro es el \u00f3rgano supremo de participaci\u00f3n y ostenta corporativamente la representaci\u00f3n de cuantos integran la Comunidad Educativa y participan en el desarrollo de su activida. En el presente CURSO ESCOLAR se compone de los siguientes miembros: Presidenta L\u00f3pez-Sidro L\u00f3pez, Mar\u00eda Bel\u00e9n (DIRECTOR\/A) Director\/Primaria Cuenca de los Cobos, Mar\u00eda [&hellip;]<\/p>\n","protected":false},"author":1,"featured_media":0,"parent":72,"menu_order":2,"comment_status":"closed","ping_status":"closed","template":"","meta":{"_et_pb_use_builder":"on","_et_pb_old_content":"<span style=\"text-align: justify; font-size: 13.0080003738403px; line-height: 1.538em;\">\u00a0 \u00a0 El <\/span><strong style=\"text-align: justify; font-size: 13.0080003738403px; line-height: 1.538em;\">CONSEJO ESCOLAR<\/strong><span style=\"text-align: justify; font-size: 13.0080003738403px; line-height: 1.538em;\"> del Centro es el \u00f3rgano supremo de participaci\u00f3n y ostenta corporativamente la representaci\u00f3n de cuantos integran la Comunidad Educativa y participan en el desarrollo de su activida.<\/span>\n<p style=\"text-align: justify;\">En el presente CURSO ESCOLAR se compone de los siguientes miembros:<\/p>\n<p class=\"x_MsoNormal\"><strong>Presidenta<\/strong><\/p>\n<p class=\"x_MsoNormal\" style=\"padding-left: 60px;\">L\u00f3pez-Sidro L\u00f3pez, Mar\u00eda Bel\u00e9n (DIRECTOR\/A)<\/p>\n<p class=\"x_MsoNormal\"><strong>Director\/Primaria<\/strong><\/p>\n<p class=\"x_MsoNormal\" style=\"padding-left: 60px;\">Cuenca de los Cobos, Mar\u00eda Jos\u00e9<\/p>\n<p class=\"x_MsoNormal\"><strong>Profesorado<\/strong><\/p>\n<p class=\"x_MsoNormal\" style=\"padding-left: 60px;\">C\u00e1rdenas de la Torre, Luis<\/p>\n<p class=\"x_MsoNormal\" style=\"padding-left: 60px;\">Melero Mellado, Leticia<\/p>\n<p class=\"x_MsoNormal\" style=\"padding-left: 60px;\">Merino Mart\u00edn, Macarena<\/p>\n<p class=\"x_MsoNormal\" style=\"padding-left: 60px;\">Moreno Moya, Carmen<\/p>\n<p class=\"x_MsoNormal\"><strong>APA\u00a0<\/strong><\/p>\n<p class=\"x_MsoNormal\" style=\"padding-left: 60px;\">Mesa Jim\u00e9nez, Antonio<\/p>\n<p class=\"x_MsoNormal\"><strong>Madres\/Padres\/Tutores\u00a0<\/strong><\/p>\n<p class=\"x_MsoNormal\" style=\"padding-left: 60px;\">Buend\u00eda Luque, Rafael<\/p>\n<p class=\"x_MsoNormal\" style=\"padding-left: 60px;\">Delgado Moreno, Cristina<\/p>\n<p class=\"x_MsoNormal\" style=\"padding-left: 60px;\">Lara Oya, Ana<\/p>\n<p class=\"x_MsoNormal\"><strong>Alumnado<\/strong><\/p>\n<p class=\"x_MsoNormal\" style=\"padding-left: 60px;\">Hern\u00e1ndez Blanco, Carlota<\/p>\n<p class=\"x_MsoNormal\" style=\"padding-left: 60px;\">Viedma Mu\u00f1oz, Fco. jos\u00e9<\/p>\n<p class=\"x_MsoNormal\"><strong>Personal Adm\u00f3n. y Servicios<\/strong><\/p>\n<p class=\"x_MsoNormal\" style=\"padding-left: 60px;\">Rom\u00e1n Cort\u00e9s, Juan Manuel<\/p>\n<p class=\"x_MsoNormal\"><strong>Titular<\/strong><\/p>\n<p class=\"x_MsoNormal\" style=\"padding-left: 60px;\">\u00c1lvarez Pe\u00f1afiel, Yolanda<\/p>\n<p class=\"x_MsoNormal\" style=\"padding-left: 60px;\">Caballero Abenza, M\u00aa Carmen<\/p>\n<p class=\"x_MsoNormal\" style=\"padding-left: 60px;\">Rosa Moreno, Dolores<\/p>\n<p class=\"x_MsoNormal\"><strong>Fomento Igualdad<\/strong><\/p>\n<p class=\"x_MsoNormal\" style=\"padding-left: 60px;\">G\u00f3mez Mart\u00edn, Ignacio<\/p>\n<p class=\"x_MsoNormal\"><strong>Administraci\u00f3n<\/strong><\/p>\n<p class=\"x_MsoNormal\" style=\"padding-left: 60px;\">Rosa Moreno, Dolores<\/p>\n<p class=\"x_MsoNormal\"><strong>Secretar\u00eda<\/strong><\/p>\n<p class=\"x_MsoNormal\" style=\"padding-left: 60px;\">Escabias Machuca, Beatriz<\/p>","_et_gb_content_width":"","footnotes":""},"class_list":["post-91","page","type-page","status-publish","hentry"],"_links":{"self":[{"href":"http:\/\/cristoreyjaen.com\/index.php\/wp-json\/wp\/v2\/pages\/91","targetHints":{"allow":["GET"]}}],"collection":[{"href":"http:\/\/cristoreyjaen.com\/index.php\/wp-json\/wp\/v2\/pages"}],"about":[{"href":"http:\/\/cristoreyjaen.com\/index.php\/wp-json\/wp\/v2\/types\/page"}],"author":[{"embeddable":true,"href":"http:\/\/cristoreyjaen.com\/index.php\/wp-json\/wp\/v2\/users\/1"}],"replies":[{"embeddable":true,"href":"http:\/\/cristoreyjaen.com\/index.php\/wp-json\/wp\/v2\/comments?post=91"}],"version-history":[{"count":12,"href":"http:\/\/cristoreyjaen.com\/index.php\/wp-json\/wp\/v2\/pages\/91\/revisions"}],"predecessor-version":[{"id":3948,"href":"http:\/\/cristoreyjaen.com\/index.php\/wp-json\/wp\/v2\/pages\/91\/revisions\/3948"}],"up":[{"embeddable":true,"href":"http:\/\/cristoreyjaen.com\/index.php\/wp-json\/wp\/v2\/pages\/72"}],"wp:attachment":[{"href":"http:\/\/cristoreyjaen.com\/index.php\/wp-json\/wp\/v2\/media?parent=91"}],"curies":[{"name":"wp","href":"https:\/\/api.w.org\/{rel}","templated":true}]}}