{"id":95,"date":"2017-01-16T13:55:12","date_gmt":"2017-01-16T12:55:12","guid":{"rendered":"http:\/\/nueva.cristoreyjaen.com\/?page_id=95"},"modified":"2017-02-17T12:15:08","modified_gmt":"2017-02-17T11:15:08","slug":"oferta-educativa","status":"publish","type":"page","link":"http:\/\/cristoreyjaen.com\/index.php\/cristo-rey-jaen\/oferta-educativa\/","title":{"rendered":"Oferta Educativa"},"content":{"rendered":"<p>En la actualidad es un Centro de Educaci\u00f3n Infantil con 6 unidades concertadas y de Primaria con 12 unidades concertadas.<\/p>\n<p>Igualmente cuenta con 12 unidades correspondientes a tres l\u00edneas en 1\u00ba, 2\u00ba, 3\u00ba y 4\u00ba de Educaci\u00f3n Secundaria Obligatoria y 6 unidades correspondientes a 3 l\u00edneas en Bachillerato en las dos modalidades de Ciencias y Tecnolog\u00eda, y Humanidades y Ciencias Sociales.<\/p>\n","protected":false},"excerpt":{"rendered":"<p>En la actualidad es un Centro de Educaci\u00f3n Infantil con 6 unidades concertadas y de Primaria con 12 unidades concertadas. Igualmente cuenta con 12 unidades correspondientes a tres l\u00edneas en 1\u00ba, 2\u00ba, 3\u00ba y 4\u00ba de Educaci\u00f3n Secundaria Obligatoria y 6 unidades correspondientes a 3 l\u00edneas en Bachillerato en las dos modalidades de Ciencias y [&hellip;]<\/p>\n","protected":false},"author":1,"featured_media":0,"parent":72,"menu_order":5,"comment_status":"closed","ping_status":"closed","template":"","meta":{"_et_pb_use_builder":"","_et_pb_old_content":"","_et_gb_content_width":"","footnotes":""},"class_list":["post-95","page","type-page","status-publish","hentry"],"_links":{"self":[{"href":"http:\/\/cristoreyjaen.com\/index.php\/wp-json\/wp\/v2\/pages\/95","targetHints":{"allow":["GET"]}}],"collection":[{"href":"http:\/\/cristoreyjaen.com\/index.php\/wp-json\/wp\/v2\/pages"}],"about":[{"href":"http:\/\/cristoreyjaen.com\/index.php\/wp-json\/wp\/v2\/types\/page"}],"author":[{"embeddable":true,"href":"http:\/\/cristoreyjaen.com\/index.php\/wp-json\/wp\/v2\/users\/1"}],"replies":[{"embeddable":true,"href":"http:\/\/cristoreyjaen.com\/index.php\/wp-json\/wp\/v2\/comments?post=95"}],"version-history":[{"count":2,"href":"http:\/\/cristoreyjaen.com\/index.php\/wp-json\/wp\/v2\/pages\/95\/revisions"}],"predecessor-version":[{"id":438,"href":"http:\/\/cristoreyjaen.com\/index.php\/wp-json\/wp\/v2\/pages\/95\/revisions\/438"}],"up":[{"embeddable":true,"href":"http:\/\/cristoreyjaen.com\/index.php\/wp-json\/wp\/v2\/pages\/72"}],"wp:attachment":[{"href":"http:\/\/cristoreyjaen.com\/index.php\/wp-json\/wp\/v2\/media?parent=95"}],"curies":[{"name":"wp","href":"https:\/\/api.w.org\/{rel}","templated":true}]}}